{"id":22515,"date":"2026-05-08T15:55:00","date_gmt":"2026-05-08T08:55:00","guid":{"rendered":"https:\/\/space-tech.vn\/san-pham\/valsteam-adca-bay-hoi-gau-dao-ib12\/"},"modified":"2026-05-08T15:55:00","modified_gmt":"2026-05-08T08:55:00","slug":"valsteam-adca-bay-hoi-gau-dao-ib12","status":"publish","type":"product","link":"https:\/\/space-tech.vn\/en\/san-pham\/valsteam-adca-bay-hoi-gau-dao-ib12\/","title":{"rendered":"Valsteam ADCA &#8211; B\u1eaby h\u01a1i g\u1ea7u \u0111\u1ea3o IB12"},"content":{"rendered":"\n\n<div class=\"kk-star-ratings kksr-auto kksr-align-left kksr-valign-top\"\n    data-payload='{&quot;align&quot;:&quot;left&quot;,&quot;id&quot;:&quot;22515&quot;,&quot;slug&quot;:&quot;default&quot;,&quot;valign&quot;:&quot;top&quot;,&quot;ignore&quot;:&quot;&quot;,&quot;reference&quot;:&quot;auto&quot;,&quot;class&quot;:&quot;&quot;,&quot;count&quot;:&quot;0&quot;,&quot;legendonly&quot;:&quot;&quot;,&quot;readonly&quot;:&quot;&quot;,&quot;score&quot;:&quot;0&quot;,&quot;starsonly&quot;:&quot;&quot;,&quot;best&quot;:&quot;5&quot;,&quot;gap&quot;:&quot;5&quot;,&quot;greet&quot;:&quot;\u0110\u00e1nh gi\u00e1 product&quot;,&quot;legend&quot;:&quot;0\\\/5 - (0 votes)&quot;,&quot;size&quot;:&quot;24&quot;,&quot;title&quot;:&quot;Valsteam ADCA - B\u1eaby h\u01a1i g\u1ea7u \u0111\u1ea3o IB12&quot;,&quot;width&quot;:&quot;0&quot;,&quot;_legend&quot;:&quot;{score}\\\/{best} - ({count} {votes})&quot;,&quot;font_factor&quot;:&quot;1.25&quot;}'>\n            \n<div class=\"kksr-stars\">\n    \n<div class=\"kksr-stars-inactive\">\n            <div class=\"kksr-star\" data-star=\"1\" style=\"padding-right: 5px\">\n            \n\n<div class=\"kksr-icon\" style=\"width: 24px; height: 24px;\"><\/div>\n        <\/div>\n            <div class=\"kksr-star\" data-star=\"2\" style=\"padding-right: 5px\">\n            \n\n<div class=\"kksr-icon\" style=\"width: 24px; height: 24px;\"><\/div>\n        <\/div>\n            <div class=\"kksr-star\" data-star=\"3\" style=\"padding-right: 5px\">\n            \n\n<div class=\"kksr-icon\" style=\"width: 24px; height: 24px;\"><\/div>\n        <\/div>\n            <div class=\"kksr-star\" data-star=\"4\" style=\"padding-right: 5px\">\n            \n\n<div class=\"kksr-icon\" style=\"width: 24px; height: 24px;\"><\/div>\n        <\/div>\n            <div class=\"kksr-star\" data-star=\"5\" style=\"padding-right: 5px\">\n            \n\n<div class=\"kksr-icon\" style=\"width: 24px; height: 24px;\"><\/div>\n        <\/div>\n    <\/div>\n    \n<div class=\"kksr-stars-active\" style=\"width: 0px;\">\n            <div class=\"kksr-star\" style=\"padding-right: 5px\">\n            \n\n<div class=\"kksr-icon\" style=\"width: 24px; height: 24px;\"><\/div>\n        <\/div>\n            <div class=\"kksr-star\" style=\"padding-right: 5px\">\n            \n\n<div class=\"kksr-icon\" style=\"width: 24px; height: 24px;\"><\/div>\n        <\/div>\n            <div class=\"kksr-star\" style=\"padding-right: 5px\">\n            \n\n<div class=\"kksr-icon\" style=\"width: 24px; height: 24px;\"><\/div>\n        <\/div>\n            <div class=\"kksr-star\" style=\"padding-right: 5px\">\n            \n\n<div class=\"kksr-icon\" style=\"width: 24px; height: 24px;\"><\/div>\n        <\/div>\n            <div class=\"kksr-star\" style=\"padding-right: 5px\">\n            \n\n<div class=\"kksr-icon\" style=\"width: 24px; height: 24px;\"><\/div>\n        <\/div>\n    <\/div>\n<\/div>\n                \n\n<div class=\"kksr-legend\" style=\"font-size: 19.2px;\">\n            <span class=\"kksr-muted\">\u0110\u00e1nh gi\u00e1 product<\/span>\n    <\/div>\n    <\/div>\n","protected":false},"excerpt":{"rendered":"<p>\u2022 Model: PV303<br \/>\n\u2022 K\u00edch th\u01b0\u1edbc: 1\/2\u201d &#8211; 3\/4\u201d \u2013 DN 15 &#8211; DN 20<br \/>\n\u2022 V\u1eadt li\u1ec7u: Gang<br \/>\n\u2022 K\u1ebft n\u1ed1i: Ren trong ISO 7 Rp ho\u1eb7c NPT.<br \/>\nM\u1eb7t b\u00edch ren EN 1092-2 PN 16\/40.<br \/>\nM\u1eb7t b\u00edch ren ASME B16.42 Lo\u1ea1i 150<br \/>\n\u2022 \u00c1p su\u1ea5t: 16bar<br \/>\n\u2022 Nhi\u1ec7t \u0111\u1ed9 t\u1ed1i \u0111a: 250\u00b0C<br \/>\n\u2022 Xu\u1ea5t x\u1ee9: ADCA \u2013 B\u1ed3 \u0110\u00e0o Nha<\/p>\n","protected":false},"featured_media":22508,"template":"","meta":[],"product_brand":[],"product_cat":[281,149,257],"product_tag":[],"class_list":{"0":"post-22515","1":"product","2":"type-product","3":"status-publish","4":"has-post-thumbnail","6":"product_cat-bay-hoi-gau-dao-en","7":"product_cat-steam-trap","8":"product_cat-adca-en","10":"first","11":"instock","12":"shipping-taxable","13":"product-type-simple"},"acf":[],"_links":{"self":[{"href":"https:\/\/space-tech.vn\/en\/wp-json\/wp\/v2\/product\/22515","targetHints":{"allow":["GET"]}}],"collection":[{"href":"https:\/\/space-tech.vn\/en\/wp-json\/wp\/v2\/product"}],"about":[{"href":"https:\/\/space-tech.vn\/en\/wp-json\/wp\/v2\/types\/product"}],"version-history":[{"count":0,"href":"https:\/\/space-tech.vn\/en\/wp-json\/wp\/v2\/product\/22515\/revisions"}],"wp:featuredmedia":[{"embeddable":true,"href":"https:\/\/space-tech.vn\/en\/wp-json\/wp\/v2\/media\/22508"}],"wp:attachment":[{"href":"https:\/\/space-tech.vn\/en\/wp-json\/wp\/v2\/media?parent=22515"}],"wp:term":[{"taxonomy":"product_brand","embeddable":true,"href":"https:\/\/space-tech.vn\/en\/wp-json\/wp\/v2\/product_brand?post=22515"},{"taxonomy":"product_cat","embeddable":true,"href":"https:\/\/space-tech.vn\/en\/wp-json\/wp\/v2\/product_cat?post=22515"},{"taxonomy":"product_tag","embeddable":true,"href":"https:\/\/space-tech.vn\/en\/wp-json\/wp\/v2\/product_tag?post=22515"}],"curies":[{"name":"wp","href":"https:\/\/api.w.org\/{rel}","templated":true}]}}