{"id":21349,"date":"2025-03-12T10:28:34","date_gmt":"2025-03-12T03:28:34","guid":{"rendered":"https:\/\/space-tech.vn\/san-pham\/dong-ho-do-luu-luong-sieu-am-cam-tay-alia-auf610\/"},"modified":"2026-04-08T09:16:48","modified_gmt":"2026-04-08T02:16:48","slug":"dong-ho-do-luu-luong-sieu-am-cam-tay-alia-auf610","status":"publish","type":"product","link":"https:\/\/space-tech.vn\/en\/san-pham\/dong-ho-do-luu-luong-sieu-am-cam-tay-alia-auf610\/","title":{"rendered":"ALIA &#8211; Ultrasonic flow meter AUF610"},"content":{"rendered":"\n\n<div class=\"kk-star-ratings kksr-auto kksr-align-left kksr-valign-top\"\n    data-payload='{&quot;align&quot;:&quot;left&quot;,&quot;id&quot;:&quot;21349&quot;,&quot;slug&quot;:&quot;default&quot;,&quot;valign&quot;:&quot;top&quot;,&quot;ignore&quot;:&quot;&quot;,&quot;reference&quot;:&quot;auto&quot;,&quot;class&quot;:&quot;&quot;,&quot;count&quot;:&quot;0&quot;,&quot;legendonly&quot;:&quot;&quot;,&quot;readonly&quot;:&quot;&quot;,&quot;score&quot;:&quot;0&quot;,&quot;starsonly&quot;:&quot;&quot;,&quot;best&quot;:&quot;5&quot;,&quot;gap&quot;:&quot;5&quot;,&quot;greet&quot;:&quot;\u0110\u00e1nh gi\u00e1 product&quot;,&quot;legend&quot;:&quot;0\\\/5 - (0 votes)&quot;,&quot;size&quot;:&quot;24&quot;,&quot;title&quot;:&quot;ALIA - Ultrasonic flow meter AUF610&quot;,&quot;width&quot;:&quot;0&quot;,&quot;_legend&quot;:&quot;{score}\\\/{best} - ({count} {votes})&quot;,&quot;font_factor&quot;:&quot;1.25&quot;}'>\n            \n<div class=\"kksr-stars\">\n    \n<div class=\"kksr-stars-inactive\">\n            <div class=\"kksr-star\" data-star=\"1\" style=\"padding-right: 5px\">\n            \n\n<div class=\"kksr-icon\" style=\"width: 24px; height: 24px;\"><\/div>\n        <\/div>\n            <div class=\"kksr-star\" data-star=\"2\" style=\"padding-right: 5px\">\n            \n\n<div class=\"kksr-icon\" style=\"width: 24px; height: 24px;\"><\/div>\n        <\/div>\n            <div class=\"kksr-star\" data-star=\"3\" style=\"padding-right: 5px\">\n            \n\n<div class=\"kksr-icon\" style=\"width: 24px; height: 24px;\"><\/div>\n        <\/div>\n            <div class=\"kksr-star\" data-star=\"4\" style=\"padding-right: 5px\">\n            \n\n<div class=\"kksr-icon\" style=\"width: 24px; height: 24px;\"><\/div>\n        <\/div>\n            <div class=\"kksr-star\" data-star=\"5\" style=\"padding-right: 5px\">\n            \n\n<div class=\"kksr-icon\" style=\"width: 24px; height: 24px;\"><\/div>\n        <\/div>\n    <\/div>\n    \n<div class=\"kksr-stars-active\" style=\"width: 0px;\">\n            <div class=\"kksr-star\" style=\"padding-right: 5px\">\n            \n\n<div class=\"kksr-icon\" style=\"width: 24px; height: 24px;\"><\/div>\n        <\/div>\n            <div class=\"kksr-star\" style=\"padding-right: 5px\">\n            \n\n<div class=\"kksr-icon\" style=\"width: 24px; height: 24px;\"><\/div>\n        <\/div>\n            <div class=\"kksr-star\" style=\"padding-right: 5px\">\n            \n\n<div class=\"kksr-icon\" style=\"width: 24px; height: 24px;\"><\/div>\n        <\/div>\n            <div class=\"kksr-star\" style=\"padding-right: 5px\">\n            \n\n<div class=\"kksr-icon\" style=\"width: 24px; height: 24px;\"><\/div>\n        <\/div>\n            <div class=\"kksr-star\" style=\"padding-right: 5px\">\n            \n\n<div class=\"kksr-icon\" style=\"width: 24px; height: 24px;\"><\/div>\n        <\/div>\n    <\/div>\n<\/div>\n                \n\n<div class=\"kksr-legend\" style=\"font-size: 19.2px;\">\n            <span class=\"kksr-muted\">\u0110\u00e1nh gi\u00e1 product<\/span>\n    <\/div>\n    <\/div>\n","protected":false},"excerpt":{"rendered":"<ul>\n<li>Model: AUF610<br \/>\n4-line LCD display showing parameters such as: total flow rate; instantaneous flow rate, flow velocity, flow direction; date and time display<br \/>\nBattery life: 8 hours<br \/>\nWeight: 0.6 kg<br \/>\nAccuracy: +\/- 1.0%<br \/>\nProtection rating: IP68<br \/>\nMaximum temperature: 160\u00b0C<br \/>\nOrigin: ALIA \u2013 USA (Manufactured in China)<\/li>\n<\/ul>\n","protected":false},"featured_media":19783,"template":"","meta":[],"product_brand":[],"product_cat":[384,365,400],"product_tag":[],"class_list":{"0":"post-21349","1":"product","2":"type-product","3":"status-publish","4":"has-post-thumbnail","6":"product_cat-alia-en","7":"product_cat-dong-ho-do-luu-luong-en","8":"product_cat-dong-ho-do-luu-luong-sieu-am-en","10":"first","11":"instock","12":"shipping-taxable","13":"product-type-simple"},"acf":[],"_links":{"self":[{"href":"https:\/\/space-tech.vn\/en\/wp-json\/wp\/v2\/product\/21349","targetHints":{"allow":["GET"]}}],"collection":[{"href":"https:\/\/space-tech.vn\/en\/wp-json\/wp\/v2\/product"}],"about":[{"href":"https:\/\/space-tech.vn\/en\/wp-json\/wp\/v2\/types\/product"}],"version-history":[{"count":1,"href":"https:\/\/space-tech.vn\/en\/wp-json\/wp\/v2\/product\/21349\/revisions"}],"predecessor-version":[{"id":21352,"href":"https:\/\/space-tech.vn\/en\/wp-json\/wp\/v2\/product\/21349\/revisions\/21352"}],"wp:featuredmedia":[{"embeddable":true,"href":"https:\/\/space-tech.vn\/en\/wp-json\/wp\/v2\/media\/19783"}],"wp:attachment":[{"href":"https:\/\/space-tech.vn\/en\/wp-json\/wp\/v2\/media?parent=21349"}],"wp:term":[{"taxonomy":"product_brand","embeddable":true,"href":"https:\/\/space-tech.vn\/en\/wp-json\/wp\/v2\/product_brand?post=21349"},{"taxonomy":"product_cat","embeddable":true,"href":"https:\/\/space-tech.vn\/en\/wp-json\/wp\/v2\/product_cat?post=21349"},{"taxonomy":"product_tag","embeddable":true,"href":"https:\/\/space-tech.vn\/en\/wp-json\/wp\/v2\/product_tag?post=21349"}],"curies":[{"name":"wp","href":"https:\/\/api.w.org\/{rel}","templated":true}]}}