{"id":20809,"date":"2026-02-27T11:10:23","date_gmt":"2026-02-27T04:10:23","guid":{"rendered":"https:\/\/space-tech.vn\/?post_type=product&#038;p=20809"},"modified":"2026-03-31T13:18:13","modified_gmt":"2026-03-31T06:18:13","slug":"valsteam-adca-kinh-thuy-tu-mli","status":"publish","type":"product","link":"https:\/\/space-tech.vn\/en\/san-pham\/valsteam-adca-kinh-thuy-tu-mli\/","title":{"rendered":"Valsteam ADCA &#8211; K\u00ednh th\u1ee7y t\u1eeb MLI"},"content":{"rendered":"\n\n<div class=\"kk-star-ratings kksr-auto kksr-align-left kksr-valign-top\"\n    data-payload='{&quot;align&quot;:&quot;left&quot;,&quot;id&quot;:&quot;20809&quot;,&quot;slug&quot;:&quot;default&quot;,&quot;valign&quot;:&quot;top&quot;,&quot;ignore&quot;:&quot;&quot;,&quot;reference&quot;:&quot;auto&quot;,&quot;class&quot;:&quot;&quot;,&quot;count&quot;:&quot;0&quot;,&quot;legendonly&quot;:&quot;&quot;,&quot;readonly&quot;:&quot;&quot;,&quot;score&quot;:&quot;0&quot;,&quot;starsonly&quot;:&quot;&quot;,&quot;best&quot;:&quot;5&quot;,&quot;gap&quot;:&quot;5&quot;,&quot;greet&quot;:&quot;\u0110\u00e1nh gi\u00e1 product&quot;,&quot;legend&quot;:&quot;0\\\/5 - (0 votes)&quot;,&quot;size&quot;:&quot;24&quot;,&quot;title&quot;:&quot;Valsteam ADCA - K\u00ednh th\u1ee7y t\u1eeb MLI&quot;,&quot;width&quot;:&quot;0&quot;,&quot;_legend&quot;:&quot;{score}\\\/{best} - ({count} {votes})&quot;,&quot;font_factor&quot;:&quot;1.25&quot;}'>\n            \n<div class=\"kksr-stars\">\n    \n<div class=\"kksr-stars-inactive\">\n            <div class=\"kksr-star\" data-star=\"1\" style=\"padding-right: 5px\">\n            \n\n<div class=\"kksr-icon\" style=\"width: 24px; height: 24px;\"><\/div>\n        <\/div>\n            <div class=\"kksr-star\" data-star=\"2\" style=\"padding-right: 5px\">\n            \n\n<div class=\"kksr-icon\" style=\"width: 24px; height: 24px;\"><\/div>\n        <\/div>\n            <div class=\"kksr-star\" data-star=\"3\" style=\"padding-right: 5px\">\n            \n\n<div class=\"kksr-icon\" style=\"width: 24px; height: 24px;\"><\/div>\n        <\/div>\n            <div class=\"kksr-star\" data-star=\"4\" style=\"padding-right: 5px\">\n            \n\n<div class=\"kksr-icon\" style=\"width: 24px; height: 24px;\"><\/div>\n        <\/div>\n            <div class=\"kksr-star\" data-star=\"5\" style=\"padding-right: 5px\">\n            \n\n<div class=\"kksr-icon\" style=\"width: 24px; height: 24px;\"><\/div>\n        <\/div>\n    <\/div>\n    \n<div class=\"kksr-stars-active\" style=\"width: 0px;\">\n            <div class=\"kksr-star\" style=\"padding-right: 5px\">\n            \n\n<div class=\"kksr-icon\" style=\"width: 24px; height: 24px;\"><\/div>\n        <\/div>\n            <div class=\"kksr-star\" style=\"padding-right: 5px\">\n            \n\n<div class=\"kksr-icon\" style=\"width: 24px; height: 24px;\"><\/div>\n        <\/div>\n            <div class=\"kksr-star\" style=\"padding-right: 5px\">\n            \n\n<div class=\"kksr-icon\" style=\"width: 24px; height: 24px;\"><\/div>\n        <\/div>\n            <div class=\"kksr-star\" style=\"padding-right: 5px\">\n            \n\n<div class=\"kksr-icon\" style=\"width: 24px; height: 24px;\"><\/div>\n        <\/div>\n            <div class=\"kksr-star\" style=\"padding-right: 5px\">\n            \n\n<div class=\"kksr-icon\" style=\"width: 24px; height: 24px;\"><\/div>\n        <\/div>\n    <\/div>\n<\/div>\n                \n\n<div class=\"kksr-legend\" style=\"font-size: 19.2px;\">\n            <span class=\"kksr-muted\">\u0110\u00e1nh gi\u00e1 product<\/span>\n    <\/div>\n    <\/div>\n<p>K\u00ednh th\u1ee7y t\u1eeb MLI \u0111\u01b0\u1ee3c thi\u1ebft k\u1ebf \u0111\u1ec3 cung c\u1ea5p kh\u1ea3 n\u0103ng hi\u1ec3n th\u1ecb m\u1ee9c m\u1ea1nh m\u1ebd, d\u1ec5 nh\u00ecn cho c\u00e1c b\u1ec3 ch\u1ee9a v\u00e0 th\u00f9ng ch\u1ee9a c\u00f4ng nghi\u1ec7p.<\/p>\n<p>\ud83d\udd27 T\u1ea1i sao n\u00ean ch\u1ecdn ADCA MLI?<\/p>\n<p>&#8211; \u0110\u1ed9 ch\u00ednh x\u00e1c \u0111o \u00b15 mm v\u00e0 ph\u1ea1m vi l\u00ean \u0111\u1ebfn 4 m\u00e9t.<br \/>\n&#8211; \u00cdt \u0111i\u1ec3m r\u00f2 r\u1ec9 h\u01a1n so v\u1edbi k\u00ednh quan s\u00e1t truy\u1ec1n th\u1ed1ng.<br \/>\n&#8211; Kh\u00f4ng c\u00f3 m\u00f4i ch\u1ea5t ti\u1ebfp x\u00fac v\u1edbi k\u00ednh, t\u0103ng c\u01b0\u1eddng an to\u00e0n v\u00e0 \u0111\u1ed9 b\u1ec1n.<br \/>\n&#8211; Cho k\u1ebft qu\u1ea3 \u0111\u1ecdc \u0111\u00e1ng tin c\u1eady ngay c\u1ea3 v\u1edbi c\u00e1c m\u00f4i ch\u1ea5t kh\u00f3 \u0111o (ch\u1ea5t l\u1ecfng b\u1ed1c h\u01a1i, t\u1ea1o b\u1ecdt ho\u1eb7c t\u1ea1o bong b\u00f3ng)<\/p>\n","protected":false},"excerpt":{"rendered":"<ul>\n<li>Model: MLI<\/li>\n<li>K\u00edch th\u01b0\u1edbc: 1\/2&#8243; to 1&#8243; (DN15 &#8211; DN25)<\/li>\n<li>K\u1ebft n\u1ed1i: M\u1eb7t b\u00edch EN 1092-1 PN40<br \/>\nM\u1eb7t b\u00edch ASME B16.5 Lo\u1ea1i 150 ho\u1eb7c 300.<br \/>\nRen ngo\u00e0i ISO 7 R.<br \/>\nRen ngo\u00e0i NPT ASME B1.20.1.<\/li>\n<li>Nhi\u1ec7t \u0111\u1ed9: 350\u00b0C<\/li>\n<li>Xu\u1ea5t x\u1ee9: ADCA \u2013 B\u1ed3 \u0110\u00e0o Nha<\/li>\n<\/ul>\n","protected":false},"featured_media":20811,"template":"","meta":[],"product_brand":[],"product_cat":[248,217],"product_tag":[],"class_list":{"0":"post-20809","1":"product","2":"type-product","3":"status-publish","4":"has-post-thumbnail","6":"product_cat-adca","7":"product_cat-kinh-thuy-tu","9":"first","10":"instock","11":"shipping-taxable","12":"product-type-simple"},"acf":[],"_links":{"self":[{"href":"https:\/\/space-tech.vn\/en\/wp-json\/wp\/v2\/product\/20809","targetHints":{"allow":["GET"]}}],"collection":[{"href":"https:\/\/space-tech.vn\/en\/wp-json\/wp\/v2\/product"}],"about":[{"href":"https:\/\/space-tech.vn\/en\/wp-json\/wp\/v2\/types\/product"}],"version-history":[{"count":2,"href":"https:\/\/space-tech.vn\/en\/wp-json\/wp\/v2\/product\/20809\/revisions"}],"predecessor-version":[{"id":20818,"href":"https:\/\/space-tech.vn\/en\/wp-json\/wp\/v2\/product\/20809\/revisions\/20818"}],"wp:featuredmedia":[{"embeddable":true,"href":"https:\/\/space-tech.vn\/en\/wp-json\/wp\/v2\/media\/20811"}],"wp:attachment":[{"href":"https:\/\/space-tech.vn\/en\/wp-json\/wp\/v2\/media?parent=20809"}],"wp:term":[{"taxonomy":"product_brand","embeddable":true,"href":"https:\/\/space-tech.vn\/en\/wp-json\/wp\/v2\/product_brand?post=20809"},{"taxonomy":"product_cat","embeddable":true,"href":"https:\/\/space-tech.vn\/en\/wp-json\/wp\/v2\/product_cat?post=20809"},{"taxonomy":"product_tag","embeddable":true,"href":"https:\/\/space-tech.vn\/en\/wp-json\/wp\/v2\/product_tag?post=20809"}],"curies":[{"name":"wp","href":"https:\/\/api.w.org\/{rel}","templated":true}]}}