{"id":20802,"date":"2026-02-27T10:55:14","date_gmt":"2026-02-27T03:55:14","guid":{"rendered":"https:\/\/space-tech.vn\/san-pham\/zetkama-kinh-thuy-do-muc-chat-long-716\/"},"modified":"2026-03-19T15:12:48","modified_gmt":"2026-03-19T08:12:48","slug":"zetkama-kinh-thuy-do-muc-chat-long-716","status":"publish","type":"product","link":"https:\/\/space-tech.vn\/en\/san-pham\/zetkama-kinh-thuy-do-muc-chat-long-716\/","title":{"rendered":"ZETKAMA &#8211; K\u00ednh th\u1ee7y \u0111o m\u1ee9c ch\u1ea5t l\u1ecfng 716"},"content":{"rendered":"\n\n<div class=\"kk-star-ratings kksr-auto kksr-align-left kksr-valign-top\"\n    data-payload='{&quot;align&quot;:&quot;left&quot;,&quot;id&quot;:&quot;20802&quot;,&quot;slug&quot;:&quot;default&quot;,&quot;valign&quot;:&quot;top&quot;,&quot;ignore&quot;:&quot;&quot;,&quot;reference&quot;:&quot;auto&quot;,&quot;class&quot;:&quot;&quot;,&quot;count&quot;:&quot;0&quot;,&quot;legendonly&quot;:&quot;&quot;,&quot;readonly&quot;:&quot;&quot;,&quot;score&quot;:&quot;0&quot;,&quot;starsonly&quot;:&quot;&quot;,&quot;best&quot;:&quot;5&quot;,&quot;gap&quot;:&quot;5&quot;,&quot;greet&quot;:&quot;\u0110\u00e1nh gi\u00e1 product&quot;,&quot;legend&quot;:&quot;0\\\/5 - (0 votes)&quot;,&quot;size&quot;:&quot;24&quot;,&quot;title&quot;:&quot;ZETKAMA - K\u00ednh th\u1ee7y \u0111o m\u1ee9c ch\u1ea5t l\u1ecfng 716&quot;,&quot;width&quot;:&quot;0&quot;,&quot;_legend&quot;:&quot;{score}\\\/{best} - ({count} {votes})&quot;,&quot;font_factor&quot;:&quot;1.25&quot;}'>\n            \n<div class=\"kksr-stars\">\n    \n<div class=\"kksr-stars-inactive\">\n            <div class=\"kksr-star\" data-star=\"1\" style=\"padding-right: 5px\">\n            \n\n<div class=\"kksr-icon\" style=\"width: 24px; height: 24px;\"><\/div>\n        <\/div>\n            <div class=\"kksr-star\" data-star=\"2\" style=\"padding-right: 5px\">\n            \n\n<div class=\"kksr-icon\" style=\"width: 24px; height: 24px;\"><\/div>\n        <\/div>\n            <div class=\"kksr-star\" data-star=\"3\" style=\"padding-right: 5px\">\n            \n\n<div class=\"kksr-icon\" style=\"width: 24px; height: 24px;\"><\/div>\n        <\/div>\n            <div class=\"kksr-star\" data-star=\"4\" style=\"padding-right: 5px\">\n            \n\n<div class=\"kksr-icon\" style=\"width: 24px; height: 24px;\"><\/div>\n        <\/div>\n            <div class=\"kksr-star\" data-star=\"5\" style=\"padding-right: 5px\">\n            \n\n<div class=\"kksr-icon\" style=\"width: 24px; height: 24px;\"><\/div>\n        <\/div>\n    <\/div>\n    \n<div class=\"kksr-stars-active\" style=\"width: 0px;\">\n            <div class=\"kksr-star\" style=\"padding-right: 5px\">\n            \n\n<div class=\"kksr-icon\" style=\"width: 24px; height: 24px;\"><\/div>\n        <\/div>\n            <div class=\"kksr-star\" style=\"padding-right: 5px\">\n            \n\n<div class=\"kksr-icon\" style=\"width: 24px; height: 24px;\"><\/div>\n        <\/div>\n            <div class=\"kksr-star\" style=\"padding-right: 5px\">\n            \n\n<div class=\"kksr-icon\" style=\"width: 24px; height: 24px;\"><\/div>\n        <\/div>\n            <div class=\"kksr-star\" style=\"padding-right: 5px\">\n            \n\n<div class=\"kksr-icon\" style=\"width: 24px; height: 24px;\"><\/div>\n        <\/div>\n            <div class=\"kksr-star\" style=\"padding-right: 5px\">\n            \n\n<div class=\"kksr-icon\" style=\"width: 24px; height: 24px;\"><\/div>\n        <\/div>\n    <\/div>\n<\/div>\n                \n\n<div class=\"kksr-legend\" style=\"font-size: 19.2px;\">\n            <span class=\"kksr-muted\">\u0110\u00e1nh gi\u00e1 product<\/span>\n    <\/div>\n    <\/div>\n","protected":false},"excerpt":{"rendered":"<ul>\n<li>Model: 716<\/li>\n<li>V\u1eadt li\u1ec7u: Th\u00e9p \u0111\u00fac, th\u00e9p kh\u00f4ng g\u1ec9, th\u00e9p h\u1ee3p kim<\/li>\n<li>\u00c1p su\u1ea5t \u0111\u1ecbnh m\u1ee9c: 40, 63 bar<\/li>\n<li>K\u00edch th\u01b0\u1edbc: 0 &#8211; XI<\/li>\n<li>Nhi\u1ec7t \u0111\u1ed9: 0\u2026+300\u00b0C<\/li>\n<li>Xu\u1ea5t x\u1ee9: Zetkama &#8211; Balan<\/li>\n<\/ul>\n","protected":false},"featured_media":20794,"template":"","meta":[],"product_brand":[],"product_cat":[376,287],"product_tag":[],"class_list":{"0":"post-20802","1":"product","2":"type-product","3":"status-publish","4":"has-post-thumbnail","6":"product_cat-kinh-thuy-tu-en","7":"product_cat-zetkama-en","9":"first","10":"instock","11":"shipping-taxable","12":"product-type-simple"},"acf":[],"_links":{"self":[{"href":"https:\/\/space-tech.vn\/en\/wp-json\/wp\/v2\/product\/20802","targetHints":{"allow":["GET"]}}],"collection":[{"href":"https:\/\/space-tech.vn\/en\/wp-json\/wp\/v2\/product"}],"about":[{"href":"https:\/\/space-tech.vn\/en\/wp-json\/wp\/v2\/types\/product"}],"version-history":[{"count":1,"href":"https:\/\/space-tech.vn\/en\/wp-json\/wp\/v2\/product\/20802\/revisions"}],"predecessor-version":[{"id":21066,"href":"https:\/\/space-tech.vn\/en\/wp-json\/wp\/v2\/product\/20802\/revisions\/21066"}],"wp:featuredmedia":[{"embeddable":true,"href":"https:\/\/space-tech.vn\/en\/wp-json\/wp\/v2\/media\/20794"}],"wp:attachment":[{"href":"https:\/\/space-tech.vn\/en\/wp-json\/wp\/v2\/media?parent=20802"}],"wp:term":[{"taxonomy":"product_brand","embeddable":true,"href":"https:\/\/space-tech.vn\/en\/wp-json\/wp\/v2\/product_brand?post=20802"},{"taxonomy":"product_cat","embeddable":true,"href":"https:\/\/space-tech.vn\/en\/wp-json\/wp\/v2\/product_cat?post=20802"},{"taxonomy":"product_tag","embeddable":true,"href":"https:\/\/space-tech.vn\/en\/wp-json\/wp\/v2\/product_tag?post=20802"}],"curies":[{"name":"wp","href":"https:\/\/api.w.org\/{rel}","templated":true}]}}