{"id":20720,"date":"2026-01-27T14:14:02","date_gmt":"2026-01-27T07:14:02","guid":{"rendered":"https:\/\/space-tech.vn\/?post_type=product&#038;p=20720"},"modified":"2026-03-24T13:06:22","modified_gmt":"2026-03-24T06:06:22","slug":"alia-luu-luong-ke-xoay-tich-hop-cam-bien-nhiet-avf7200","status":"publish","type":"product","link":"https:\/\/space-tech.vn\/en\/san-pham\/alia-luu-luong-ke-xoay-tich-hop-cam-bien-nhiet-avf7200\/","title":{"rendered":"ALIA &#8211; L\u01b0u l\u01b0\u1ee3ng k\u1ebf d\u1ea1ng xo\u00e1y t\u00edch h\u1ee3p c\u1ea3m bi\u1ebfn nhi\u1ec7t AVF7200"},"content":{"rendered":"\n\n<div class=\"kk-star-ratings kksr-auto kksr-align-left kksr-valign-top\"\n    data-payload='{&quot;align&quot;:&quot;left&quot;,&quot;id&quot;:&quot;20720&quot;,&quot;slug&quot;:&quot;default&quot;,&quot;valign&quot;:&quot;top&quot;,&quot;ignore&quot;:&quot;&quot;,&quot;reference&quot;:&quot;auto&quot;,&quot;class&quot;:&quot;&quot;,&quot;count&quot;:&quot;0&quot;,&quot;legendonly&quot;:&quot;&quot;,&quot;readonly&quot;:&quot;&quot;,&quot;score&quot;:&quot;0&quot;,&quot;starsonly&quot;:&quot;&quot;,&quot;best&quot;:&quot;5&quot;,&quot;gap&quot;:&quot;5&quot;,&quot;greet&quot;:&quot;\u0110\u00e1nh gi\u00e1 product&quot;,&quot;legend&quot;:&quot;0\\\/5 - (0 votes)&quot;,&quot;size&quot;:&quot;24&quot;,&quot;title&quot;:&quot;ALIA - L\u01b0u l\u01b0\u1ee3ng k\u1ebf d\u1ea1ng xo\u00e1y t\u00edch h\u1ee3p c\u1ea3m bi\u1ebfn nhi\u1ec7t AVF7200&quot;,&quot;width&quot;:&quot;0&quot;,&quot;_legend&quot;:&quot;{score}\\\/{best} - ({count} {votes})&quot;,&quot;font_factor&quot;:&quot;1.25&quot;}'>\n            \n<div class=\"kksr-stars\">\n    \n<div class=\"kksr-stars-inactive\">\n            <div class=\"kksr-star\" data-star=\"1\" style=\"padding-right: 5px\">\n            \n\n<div class=\"kksr-icon\" style=\"width: 24px; height: 24px;\"><\/div>\n        <\/div>\n            <div class=\"kksr-star\" data-star=\"2\" style=\"padding-right: 5px\">\n            \n\n<div class=\"kksr-icon\" style=\"width: 24px; height: 24px;\"><\/div>\n        <\/div>\n            <div class=\"kksr-star\" data-star=\"3\" style=\"padding-right: 5px\">\n            \n\n<div class=\"kksr-icon\" style=\"width: 24px; height: 24px;\"><\/div>\n        <\/div>\n            <div class=\"kksr-star\" data-star=\"4\" style=\"padding-right: 5px\">\n            \n\n<div class=\"kksr-icon\" style=\"width: 24px; height: 24px;\"><\/div>\n        <\/div>\n            <div class=\"kksr-star\" data-star=\"5\" style=\"padding-right: 5px\">\n            \n\n<div class=\"kksr-icon\" style=\"width: 24px; height: 24px;\"><\/div>\n        <\/div>\n    <\/div>\n    \n<div class=\"kksr-stars-active\" style=\"width: 0px;\">\n            <div class=\"kksr-star\" style=\"padding-right: 5px\">\n            \n\n<div class=\"kksr-icon\" style=\"width: 24px; height: 24px;\"><\/div>\n        <\/div>\n            <div class=\"kksr-star\" style=\"padding-right: 5px\">\n            \n\n<div class=\"kksr-icon\" style=\"width: 24px; height: 24px;\"><\/div>\n        <\/div>\n            <div class=\"kksr-star\" style=\"padding-right: 5px\">\n            \n\n<div class=\"kksr-icon\" style=\"width: 24px; height: 24px;\"><\/div>\n        <\/div>\n            <div class=\"kksr-star\" style=\"padding-right: 5px\">\n            \n\n<div class=\"kksr-icon\" style=\"width: 24px; height: 24px;\"><\/div>\n        <\/div>\n            <div class=\"kksr-star\" style=\"padding-right: 5px\">\n            \n\n<div class=\"kksr-icon\" style=\"width: 24px; height: 24px;\"><\/div>\n        <\/div>\n    <\/div>\n<\/div>\n                \n\n<div class=\"kksr-legend\" style=\"font-size: 19.2px;\">\n            <span class=\"kksr-muted\">\u0110\u00e1nh gi\u00e1 product<\/span>\n    <\/div>\n    <\/div>\n<p>\u1ee8ng d\u1ee5ng N\u01b0\u1edbc l\u00e0m m\u00e1t, n\u01b0\u1edbc si\u00eau tinh khi\u1ebft, dung d\u1ecbch glycol, m\u00f4i ch\u1ea5t g\u1ed1c n\u01b0\u1edbc, n\u0103ng l\u01b0\u1ee3ng m\u1edbi, gi\u00e1m s\u00e1t ph\u00e1t th\u1ea3i carbon, c\u00f4ng nghi\u1ec7p \u0111i\u1ec7n t\u1eed<\/p>\n","protected":false},"excerpt":{"rendered":"<ul>\n<li>Model: AVF7200 Series<\/li>\n<li>Ch\u1ee9c n\u0103ng:\u00a0 \u0111o L\u01b0u l\u01b0\u1ee3ng &amp; Nhi\u1ec7t \u0111\u1ed9<\/li>\n<li>C\u1ea3m bi\u1ebfn nhi\u1ec7t:\u00a0 PT100 t\u00edch h\u1ee3p<\/li>\n<li>Nguy\u00ean l\u00fd \u0111o: Vortex (xo\u00e1y)<\/li>\n<li>D\u1ea3i nhi\u1ec7t \u0111\u1ed9 l\u01b0u ch\u1ea5t: -10 ~ 100 \u00b0C<\/li>\n<li>M\u00e0n h\u00ecnh hi\u1ec3n th\u1ecb: OLED 128 \u00d7 64<\/li>\n<li>H\u01b0\u1edbng hi\u1ec3n th\u1ecb: Xoay 180\u00b0 (thu\u1eadn \/ ng\u01b0\u1ee3c)<\/li>\n<li>Ng\u00f5 ra t\u00edn hi\u1ec7u: 4\u201320 mA \/ RS485 \/ NPN \/ PNP<\/li>\n<li>S\u1ed1 k\u00eanh ng\u00f5 ra: 3 k\u00eanh<\/li>\n<li>Ch\u1ebf \u0111\u1ed9 ng\u00f5 ra: 4\u201320 mA ho\u1eb7c c\u1ea3nh b\u00e1o<\/li>\n<li>V\u1eadt li\u1ec7u k\u1ebft n\u1ed1i: Inox SUS304\/ V\u1eadt li\u1ec7u v\u1ecf H\u1ee3p kim nh\u00f4m<\/li>\n<li>Xu\u1ea5t x\u1ee9: ALIA &#8211; M\u1ef9 (sx t\u1ea1i china)<\/li>\n<\/ul>\n","protected":false},"featured_media":20721,"template":"","meta":[],"product_brand":[],"product_cat":[309,202,223],"product_tag":[],"class_list":{"0":"post-20720","1":"product","2":"type-product","3":"status-publish","4":"has-post-thumbnail","6":"product_cat-alia","7":"product_cat-dong-ho-do-luu-luong","8":"product_cat-dong-ho-do-luu-luong-hoi-vortex","10":"first","11":"instock","12":"shipping-taxable","13":"product-type-simple"},"acf":[],"_links":{"self":[{"href":"https:\/\/space-tech.vn\/en\/wp-json\/wp\/v2\/product\/20720","targetHints":{"allow":["GET"]}}],"collection":[{"href":"https:\/\/space-tech.vn\/en\/wp-json\/wp\/v2\/product"}],"about":[{"href":"https:\/\/space-tech.vn\/en\/wp-json\/wp\/v2\/types\/product"}],"version-history":[{"count":3,"href":"https:\/\/space-tech.vn\/en\/wp-json\/wp\/v2\/product\/20720\/revisions"}],"predecessor-version":[{"id":20730,"href":"https:\/\/space-tech.vn\/en\/wp-json\/wp\/v2\/product\/20720\/revisions\/20730"}],"wp:featuredmedia":[{"embeddable":true,"href":"https:\/\/space-tech.vn\/en\/wp-json\/wp\/v2\/media\/20721"}],"wp:attachment":[{"href":"https:\/\/space-tech.vn\/en\/wp-json\/wp\/v2\/media?parent=20720"}],"wp:term":[{"taxonomy":"product_brand","embeddable":true,"href":"https:\/\/space-tech.vn\/en\/wp-json\/wp\/v2\/product_brand?post=20720"},{"taxonomy":"product_cat","embeddable":true,"href":"https:\/\/space-tech.vn\/en\/wp-json\/wp\/v2\/product_cat?post=20720"},{"taxonomy":"product_tag","embeddable":true,"href":"https:\/\/space-tech.vn\/en\/wp-json\/wp\/v2\/product_tag?post=20720"}],"curies":[{"name":"wp","href":"https:\/\/api.w.org\/{rel}","templated":true}]}}