{"id":20662,"date":"2026-01-12T15:52:23","date_gmt":"2026-01-12T08:52:23","guid":{"rendered":"https:\/\/space-tech.vn\/?post_type=product&#038;p=20662"},"modified":"2026-03-24T11:59:03","modified_gmt":"2026-03-24T04:59:03","slug":"alia-kinh-thuy-tu-bypass-aml260","status":"publish","type":"product","link":"https:\/\/space-tech.vn\/en\/san-pham\/alia-kinh-thuy-tu-bypass-aml260\/","title":{"rendered":"ALIA &#8211; K\u00ednh th\u1ee7y t\u1eeb bypass AML260"},"content":{"rendered":"\n\n<div class=\"kk-star-ratings kksr-auto kksr-align-left kksr-valign-top\"\n    data-payload='{&quot;align&quot;:&quot;left&quot;,&quot;id&quot;:&quot;20662&quot;,&quot;slug&quot;:&quot;default&quot;,&quot;valign&quot;:&quot;top&quot;,&quot;ignore&quot;:&quot;&quot;,&quot;reference&quot;:&quot;auto&quot;,&quot;class&quot;:&quot;&quot;,&quot;count&quot;:&quot;0&quot;,&quot;legendonly&quot;:&quot;&quot;,&quot;readonly&quot;:&quot;&quot;,&quot;score&quot;:&quot;0&quot;,&quot;starsonly&quot;:&quot;&quot;,&quot;best&quot;:&quot;5&quot;,&quot;gap&quot;:&quot;5&quot;,&quot;greet&quot;:&quot;\u0110\u00e1nh gi\u00e1 product&quot;,&quot;legend&quot;:&quot;0\\\/5 - (0 votes)&quot;,&quot;size&quot;:&quot;24&quot;,&quot;title&quot;:&quot;ALIA - K\u00ednh th\u1ee7y t\u1eeb bypass AML260&quot;,&quot;width&quot;:&quot;0&quot;,&quot;_legend&quot;:&quot;{score}\\\/{best} - ({count} {votes})&quot;,&quot;font_factor&quot;:&quot;1.25&quot;}'>\n            \n<div class=\"kksr-stars\">\n    \n<div class=\"kksr-stars-inactive\">\n            <div class=\"kksr-star\" data-star=\"1\" style=\"padding-right: 5px\">\n            \n\n<div class=\"kksr-icon\" style=\"width: 24px; height: 24px;\"><\/div>\n        <\/div>\n            <div class=\"kksr-star\" data-star=\"2\" style=\"padding-right: 5px\">\n            \n\n<div class=\"kksr-icon\" style=\"width: 24px; height: 24px;\"><\/div>\n        <\/div>\n            <div class=\"kksr-star\" data-star=\"3\" style=\"padding-right: 5px\">\n            \n\n<div class=\"kksr-icon\" style=\"width: 24px; height: 24px;\"><\/div>\n        <\/div>\n            <div class=\"kksr-star\" data-star=\"4\" style=\"padding-right: 5px\">\n            \n\n<div class=\"kksr-icon\" style=\"width: 24px; height: 24px;\"><\/div>\n        <\/div>\n            <div class=\"kksr-star\" data-star=\"5\" style=\"padding-right: 5px\">\n            \n\n<div class=\"kksr-icon\" style=\"width: 24px; height: 24px;\"><\/div>\n        <\/div>\n    <\/div>\n    \n<div class=\"kksr-stars-active\" style=\"width: 0px;\">\n            <div class=\"kksr-star\" style=\"padding-right: 5px\">\n            \n\n<div class=\"kksr-icon\" style=\"width: 24px; height: 24px;\"><\/div>\n        <\/div>\n            <div class=\"kksr-star\" style=\"padding-right: 5px\">\n            \n\n<div class=\"kksr-icon\" style=\"width: 24px; height: 24px;\"><\/div>\n        <\/div>\n            <div class=\"kksr-star\" style=\"padding-right: 5px\">\n            \n\n<div class=\"kksr-icon\" style=\"width: 24px; height: 24px;\"><\/div>\n        <\/div>\n            <div class=\"kksr-star\" style=\"padding-right: 5px\">\n            \n\n<div class=\"kksr-icon\" style=\"width: 24px; height: 24px;\"><\/div>\n        <\/div>\n            <div class=\"kksr-star\" style=\"padding-right: 5px\">\n            \n\n<div class=\"kksr-icon\" style=\"width: 24px; height: 24px;\"><\/div>\n        <\/div>\n    <\/div>\n<\/div>\n                \n\n<div class=\"kksr-legend\" style=\"font-size: 19.2px;\">\n            <span class=\"kksr-muted\">\u0110\u00e1nh gi\u00e1 product<\/span>\n    <\/div>\n    <\/div>\n<ul>\n<li data-start=\"994\" data-end=\"1092\">\n<p data-start=\"996\" data-end=\"1020\"><strong data-start=\"996\" data-end=\"1018\">M\u00f4i ch\u1ea5t \u1ee9ng d\u1ee5ng:<\/strong><\/p>\n<ul data-start=\"1023\" data-end=\"1092\">\n<li data-start=\"1023\" data-end=\"1092\">\n<p data-start=\"1025\" data-end=\"1092\">N\u01b0\u1edbc, h\u00f3a ch\u1ea5t, d\u1ea7u, dung m\u00f4i, ch\u1ea5t \u0103n m\u00f2n, m\u00f4i ch\u1ea5t nhi\u1ec7t \u0111\u1ed9 cao<\/p>\n<\/li>\n<\/ul>\n<\/li>\n<li data-start=\"1094\" data-end=\"1181\">\n<p data-start=\"1096\" data-end=\"1111\"><strong data-start=\"1096\" data-end=\"1109\">\u1ee8ng d\u1ee5ng:<\/strong><\/p>\n<ul data-start=\"1114\" data-end=\"1181\">\n<li data-start=\"1114\" data-end=\"1181\">\n<p data-start=\"1116\" data-end=\"1181\">H\u00f3a ch\u1ea5t, d\u01b0\u1ee3c ph\u1ea9m, d\u1ea7u kh\u00ed, x\u1eed l\u00fd n\u01b0\u1edbc th\u1ea3i, c\u00f4ng nghi\u1ec7p n\u1eb7ng<\/p>\n<\/li>\n<\/ul>\n<\/li>\n<\/ul>\n","protected":false},"excerpt":{"rendered":"<ul>\n<li data-start=\"293\" data-end=\"321\">\n<p data-start=\"295\" data-end=\"321\"><strong data-start=\"295\" data-end=\"305\">Model:<\/strong> AML260 Series<\/p>\n<\/li>\n<li data-start=\"322\" data-end=\"370\">\n<p data-start=\"324\" data-end=\"370\"><strong data-start=\"324\" data-end=\"341\">Nguy\u00ean l\u00fd \u0111o:<\/strong> L\u1ef1c n\u1ed5i &amp; li\u00ean k\u1ebft t\u1eeb t\u00ednh<\/p>\n<\/li>\n<li data-start=\"371\" data-end=\"421\">\n<p data-start=\"373\" data-end=\"421\"><strong data-start=\"373\" data-end=\"385\">Ki\u1ec3u \u0111o:<\/strong> \u0110o m\u1ee9c li\u00ean t\u1ee5c, hi\u1ec3n th\u1ecb t\u1ea1i ch\u1ed7<\/p>\n<\/li>\n<li data-start=\"422\" data-end=\"461\">\n<p data-start=\"424\" data-end=\"461\"><strong data-start=\"424\" data-end=\"438\">Ngu\u1ed3n c\u1ea5p:<\/strong> Kh\u00f4ng c\u1ea7n ngu\u1ed3n \u0111i\u1ec7n<\/p>\n<\/li>\n<li data-start=\"463\" data-end=\"521\">\n<p data-start=\"465\" data-end=\"521\"><strong data-start=\"465\" data-end=\"476\">D\u1ea3i \u0111o:<\/strong> Theo chi\u1ec1u cao b\u1ed3n (t\u00f9y ch\u1ecdn theo y\u00eau c\u1ea7u)<\/p>\n<\/li>\n<li data-start=\"522\" data-end=\"579\">\n<p data-start=\"524\" data-end=\"579\"><strong data-start=\"524\" data-end=\"545\">\u00c1p su\u1ea5t l\u00e0m vi\u1ec7c:<\/strong> T\u00f9y c\u1ea5u h\u00ecnh &amp; v\u1eadt li\u1ec7u ch\u1ebf t\u1ea1o<\/p>\n<\/li>\n<li data-start=\"580\" data-end=\"626\">\n<p data-start=\"582\" data-end=\"626\"><strong data-start=\"582\" data-end=\"604\">Nhi\u1ec7t \u0111\u1ed9 l\u00e0m vi\u1ec7c:<\/strong> <strong data-start=\"605\" data-end=\"624\">-196\u00b0C ~ +450\u00b0C<\/strong><\/p>\n<\/li>\n<li data-start=\"628\" data-end=\"711\">\n<p data-start=\"630\" data-end=\"650\"><strong data-start=\"630\" data-end=\"648\">V\u1eadt li\u1ec7u th\u00e2n:<\/strong><\/p>\n<ul data-start=\"653\" data-end=\"711\">\n<li data-start=\"653\" data-end=\"711\">\n<p data-start=\"655\" data-end=\"711\">Th\u00e9p carbon \/ Th\u00e9p kh\u00f4ng g\u1ec9 (SS304 \/ SS316) \u2013 t\u00f9y ch\u1ecdn<\/p>\n<\/li>\n<\/ul>\n<\/li>\n<li data-start=\"713\" data-end=\"771\">\n<p data-start=\"715\" data-end=\"735\"><strong data-start=\"715\" data-end=\"733\">V\u1eadt li\u1ec7u phao:<\/strong><\/p>\n<ul data-start=\"738\" data-end=\"771\">\n<li data-start=\"738\" data-end=\"771\">\n<p data-start=\"740\" data-end=\"771\">Th\u00e9p kh\u00f4ng g\u1ec9 (SS304 \/ SS316)<\/p>\n<\/li>\n<\/ul>\n<\/li>\n<li data-start=\"773\" data-end=\"844\">\n<p data-start=\"775\" data-end=\"799\"><strong data-start=\"775\" data-end=\"797\">K\u1ebft n\u1ed1i qu\u00e1 tr\u00ecnh:<\/strong><\/p>\n<ul data-start=\"874\" data-end=\"992\">\n<li data-start=\"802\" data-end=\"844\">\n<p data-start=\"804\" data-end=\"844\">M\u1eb7t b\u00edch (ANSI \/ DIN \/ JIS) \u2013 t\u00f9y ch\u1ecdn<\/p>\n<\/li>\n<\/ul>\n<\/li>\n<li>Xu\u1ea5t x\u1ee9: ALIA (Sx t\u1ea1i china)<\/li>\n<\/ul>\n","protected":false},"featured_media":20663,"template":"","meta":[],"product_brand":[],"product_cat":[309,217],"product_tag":[],"class_list":{"0":"post-20662","1":"product","2":"type-product","3":"status-publish","4":"has-post-thumbnail","6":"product_cat-alia","7":"product_cat-kinh-thuy-tu","9":"first","10":"instock","11":"shipping-taxable","12":"product-type-simple"},"acf":[],"_links":{"self":[{"href":"https:\/\/space-tech.vn\/en\/wp-json\/wp\/v2\/product\/20662","targetHints":{"allow":["GET"]}}],"collection":[{"href":"https:\/\/space-tech.vn\/en\/wp-json\/wp\/v2\/product"}],"about":[{"href":"https:\/\/space-tech.vn\/en\/wp-json\/wp\/v2\/types\/product"}],"version-history":[{"count":5,"href":"https:\/\/space-tech.vn\/en\/wp-json\/wp\/v2\/product\/20662\/revisions"}],"predecessor-version":[{"id":20695,"href":"https:\/\/space-tech.vn\/en\/wp-json\/wp\/v2\/product\/20662\/revisions\/20695"}],"wp:featuredmedia":[{"embeddable":true,"href":"https:\/\/space-tech.vn\/en\/wp-json\/wp\/v2\/media\/20663"}],"wp:attachment":[{"href":"https:\/\/space-tech.vn\/en\/wp-json\/wp\/v2\/media?parent=20662"}],"wp:term":[{"taxonomy":"product_brand","embeddable":true,"href":"https:\/\/space-tech.vn\/en\/wp-json\/wp\/v2\/product_brand?post=20662"},{"taxonomy":"product_cat","embeddable":true,"href":"https:\/\/space-tech.vn\/en\/wp-json\/wp\/v2\/product_cat?post=20662"},{"taxonomy":"product_tag","embeddable":true,"href":"https:\/\/space-tech.vn\/en\/wp-json\/wp\/v2\/product_tag?post=20662"}],"curies":[{"name":"wp","href":"https:\/\/api.w.org\/{rel}","templated":true}]}}