{"id":20539,"date":"2025-12-18T15:25:53","date_gmt":"2025-12-18T08:25:53","guid":{"rendered":"https:\/\/space-tech.vn\/?post_type=product&#038;p=20539"},"modified":"2026-04-07T16:46:58","modified_gmt":"2026-04-07T09:46:58","slug":"genebre-van-goc-dieu-khien-khi-nen-5060","status":"publish","type":"product","link":"https:\/\/space-tech.vn\/en\/san-pham\/genebre-van-goc-dieu-khien-khi-nen-5060\/","title":{"rendered":"GENEBRE &#8211; Van g\u00f3c \u0111i\u1ec1u khi\u1ec3n kh\u00ed n\u00e9n 5060"},"content":{"rendered":"\n\n<div class=\"kk-star-ratings kksr-auto kksr-align-left kksr-valign-top\"\n    data-payload='{&quot;align&quot;:&quot;left&quot;,&quot;id&quot;:&quot;20539&quot;,&quot;slug&quot;:&quot;default&quot;,&quot;valign&quot;:&quot;top&quot;,&quot;ignore&quot;:&quot;&quot;,&quot;reference&quot;:&quot;auto&quot;,&quot;class&quot;:&quot;&quot;,&quot;count&quot;:&quot;0&quot;,&quot;legendonly&quot;:&quot;&quot;,&quot;readonly&quot;:&quot;&quot;,&quot;score&quot;:&quot;0&quot;,&quot;starsonly&quot;:&quot;&quot;,&quot;best&quot;:&quot;5&quot;,&quot;gap&quot;:&quot;5&quot;,&quot;greet&quot;:&quot;\u0110\u00e1nh gi\u00e1 product&quot;,&quot;legend&quot;:&quot;0\\\/5 - (0 votes)&quot;,&quot;size&quot;:&quot;24&quot;,&quot;title&quot;:&quot;GENEBRE - Van g\u00f3c \u0111i\u1ec1u khi\u1ec3n kh\u00ed n\u00e9n 5060&quot;,&quot;width&quot;:&quot;0&quot;,&quot;_legend&quot;:&quot;{score}\\\/{best} - ({count} {votes})&quot;,&quot;font_factor&quot;:&quot;1.25&quot;}'>\n            \n<div class=\"kksr-stars\">\n    \n<div class=\"kksr-stars-inactive\">\n            <div class=\"kksr-star\" data-star=\"1\" style=\"padding-right: 5px\">\n            \n\n<div class=\"kksr-icon\" style=\"width: 24px; height: 24px;\"><\/div>\n        <\/div>\n            <div class=\"kksr-star\" data-star=\"2\" style=\"padding-right: 5px\">\n            \n\n<div class=\"kksr-icon\" style=\"width: 24px; height: 24px;\"><\/div>\n        <\/div>\n            <div class=\"kksr-star\" data-star=\"3\" style=\"padding-right: 5px\">\n            \n\n<div class=\"kksr-icon\" style=\"width: 24px; height: 24px;\"><\/div>\n        <\/div>\n            <div class=\"kksr-star\" data-star=\"4\" style=\"padding-right: 5px\">\n            \n\n<div class=\"kksr-icon\" style=\"width: 24px; height: 24px;\"><\/div>\n        <\/div>\n            <div class=\"kksr-star\" data-star=\"5\" style=\"padding-right: 5px\">\n            \n\n<div class=\"kksr-icon\" style=\"width: 24px; height: 24px;\"><\/div>\n        <\/div>\n    <\/div>\n    \n<div class=\"kksr-stars-active\" style=\"width: 0px;\">\n            <div class=\"kksr-star\" style=\"padding-right: 5px\">\n            \n\n<div class=\"kksr-icon\" style=\"width: 24px; height: 24px;\"><\/div>\n        <\/div>\n            <div class=\"kksr-star\" style=\"padding-right: 5px\">\n            \n\n<div class=\"kksr-icon\" style=\"width: 24px; height: 24px;\"><\/div>\n        <\/div>\n            <div class=\"kksr-star\" style=\"padding-right: 5px\">\n            \n\n<div class=\"kksr-icon\" style=\"width: 24px; height: 24px;\"><\/div>\n        <\/div>\n            <div class=\"kksr-star\" style=\"padding-right: 5px\">\n            \n\n<div class=\"kksr-icon\" style=\"width: 24px; height: 24px;\"><\/div>\n        <\/div>\n            <div class=\"kksr-star\" style=\"padding-right: 5px\">\n            \n\n<div class=\"kksr-icon\" style=\"width: 24px; height: 24px;\"><\/div>\n        <\/div>\n    <\/div>\n<\/div>\n                \n\n<div class=\"kksr-legend\" style=\"font-size: 19.2px;\">\n            <span class=\"kksr-muted\">\u0110\u00e1nh gi\u00e1 product<\/span>\n    <\/div>\n    <\/div>\n<p>Van g\u00f3c \u0111i\u1ec1u khi\u1ec3n kh\u00ed n\u00e9n chuy\u00ean <strong>d\u00f9ng cho steam<\/strong> <em>(kh\u00f4ng d\u00f9ng cho ch\u1ea5t l\u1ecfng)<\/em>.<\/p>\n","protected":false},"excerpt":{"rendered":"<ul>\n<li>Model: 5060<\/li>\n<li class=\"firstItem\">Ch\u1ea5t li\u1ec7u: Th\u00e9p kh\u00f4ng g\u1ec9 (CF8M)<\/li>\n<li>K\u00edch th\u01b0\u1edbc: DN15 \u2013 DN50<\/li>\n<li>Seat: PTFE<\/li>\n<li>K\u1ebft n\u1ed1i: Ren<\/li>\n<li>\u00c1p su\u1ea5t \u0111\u1ea7u v\u00e0o: 3 \u2013 8bar<\/li>\n<li>\u00c1p su\u1ea5t t\u1ed1i \u0111a: 16bar<\/li>\n<li>Nhi\u1ec7t \u0111\u1ed9 ho\u1ea1t \u0111\u1ed9ng: -10 ~ 180\u00baC<\/li>\n<li>Xu\u1ea5t x\u1ee9: GENEBRE &#8211; T\u00e2y Ban Nha<\/li>\n<\/ul>\n","protected":false},"featured_media":20540,"template":"","meta":[],"product_brand":[],"product_cat":[231,215,128],"product_tag":[],"class_list":{"0":"post-20539","1":"product","2":"type-product","3":"status-publish","4":"has-post-thumbnail","6":"product_cat-van-bi-genebre","7":"product_cat-van-dieu-khien-khi-nen","8":"product_cat-van-dieu-khien","10":"first","11":"instock","12":"shipping-taxable","13":"product-type-simple"},"acf":[],"_links":{"self":[{"href":"https:\/\/space-tech.vn\/en\/wp-json\/wp\/v2\/product\/20539","targetHints":{"allow":["GET"]}}],"collection":[{"href":"https:\/\/space-tech.vn\/en\/wp-json\/wp\/v2\/product"}],"about":[{"href":"https:\/\/space-tech.vn\/en\/wp-json\/wp\/v2\/types\/product"}],"version-history":[{"count":3,"href":"https:\/\/space-tech.vn\/en\/wp-json\/wp\/v2\/product\/20539\/revisions"}],"predecessor-version":[{"id":21339,"href":"https:\/\/space-tech.vn\/en\/wp-json\/wp\/v2\/product\/20539\/revisions\/21339"}],"wp:featuredmedia":[{"embeddable":true,"href":"https:\/\/space-tech.vn\/en\/wp-json\/wp\/v2\/media\/20540"}],"wp:attachment":[{"href":"https:\/\/space-tech.vn\/en\/wp-json\/wp\/v2\/media?parent=20539"}],"wp:term":[{"taxonomy":"product_brand","embeddable":true,"href":"https:\/\/space-tech.vn\/en\/wp-json\/wp\/v2\/product_brand?post=20539"},{"taxonomy":"product_cat","embeddable":true,"href":"https:\/\/space-tech.vn\/en\/wp-json\/wp\/v2\/product_cat?post=20539"},{"taxonomy":"product_tag","embeddable":true,"href":"https:\/\/space-tech.vn\/en\/wp-json\/wp\/v2\/product_tag?post=20539"}],"curies":[{"name":"wp","href":"https:\/\/api.w.org\/{rel}","templated":true}]}}