{"id":20404,"date":"2025-12-04T11:27:43","date_gmt":"2025-12-04T04:27:43","guid":{"rendered":"https:\/\/space-tech.vn\/?post_type=product&#038;p=20404"},"modified":"2025-12-04T11:38:35","modified_gmt":"2025-12-04T04:38:35","slug":"new-flow-ong-thuy-tu-cho-lo-hoi","status":"publish","type":"product","link":"https:\/\/space-tech.vn\/en\/san-pham\/new-flow-ong-thuy-tu-cho-lo-hoi\/","title":{"rendered":"NEW-FLOW &#8211; \u1ed0ng th\u1ee7y t\u1eeb cho l\u00f2 h\u01a1i"},"content":{"rendered":"\n\n<div class=\"kk-star-ratings kksr-auto kksr-align-left kksr-valign-top\"\n    data-payload='{&quot;align&quot;:&quot;left&quot;,&quot;id&quot;:&quot;20404&quot;,&quot;slug&quot;:&quot;default&quot;,&quot;valign&quot;:&quot;top&quot;,&quot;ignore&quot;:&quot;&quot;,&quot;reference&quot;:&quot;auto&quot;,&quot;class&quot;:&quot;&quot;,&quot;count&quot;:&quot;0&quot;,&quot;legendonly&quot;:&quot;&quot;,&quot;readonly&quot;:&quot;&quot;,&quot;score&quot;:&quot;0&quot;,&quot;starsonly&quot;:&quot;&quot;,&quot;best&quot;:&quot;5&quot;,&quot;gap&quot;:&quot;5&quot;,&quot;greet&quot;:&quot;\u0110\u00e1nh gi\u00e1 product&quot;,&quot;legend&quot;:&quot;0\\\/5 - (0 votes)&quot;,&quot;size&quot;:&quot;24&quot;,&quot;title&quot;:&quot;NEW-FLOW - \u1ed0ng th\u1ee7y t\u1eeb cho l\u00f2 h\u01a1i&quot;,&quot;width&quot;:&quot;0&quot;,&quot;_legend&quot;:&quot;{score}\\\/{best} - ({count} {votes})&quot;,&quot;font_factor&quot;:&quot;1.25&quot;}'>\n            \n<div class=\"kksr-stars\">\n    \n<div class=\"kksr-stars-inactive\">\n            <div class=\"kksr-star\" data-star=\"1\" style=\"padding-right: 5px\">\n            \n\n<div class=\"kksr-icon\" style=\"width: 24px; height: 24px;\"><\/div>\n        <\/div>\n            <div class=\"kksr-star\" data-star=\"2\" style=\"padding-right: 5px\">\n            \n\n<div class=\"kksr-icon\" style=\"width: 24px; height: 24px;\"><\/div>\n        <\/div>\n            <div class=\"kksr-star\" data-star=\"3\" style=\"padding-right: 5px\">\n            \n\n<div class=\"kksr-icon\" style=\"width: 24px; height: 24px;\"><\/div>\n        <\/div>\n            <div class=\"kksr-star\" data-star=\"4\" style=\"padding-right: 5px\">\n            \n\n<div class=\"kksr-icon\" style=\"width: 24px; height: 24px;\"><\/div>\n        <\/div>\n            <div class=\"kksr-star\" data-star=\"5\" style=\"padding-right: 5px\">\n            \n\n<div class=\"kksr-icon\" style=\"width: 24px; height: 24px;\"><\/div>\n        <\/div>\n    <\/div>\n    \n<div class=\"kksr-stars-active\" style=\"width: 0px;\">\n            <div class=\"kksr-star\" style=\"padding-right: 5px\">\n            \n\n<div class=\"kksr-icon\" style=\"width: 24px; height: 24px;\"><\/div>\n        <\/div>\n            <div class=\"kksr-star\" style=\"padding-right: 5px\">\n            \n\n<div class=\"kksr-icon\" style=\"width: 24px; height: 24px;\"><\/div>\n        <\/div>\n            <div class=\"kksr-star\" style=\"padding-right: 5px\">\n            \n\n<div class=\"kksr-icon\" style=\"width: 24px; height: 24px;\"><\/div>\n        <\/div>\n            <div class=\"kksr-star\" style=\"padding-right: 5px\">\n            \n\n<div class=\"kksr-icon\" style=\"width: 24px; height: 24px;\"><\/div>\n        <\/div>\n            <div class=\"kksr-star\" style=\"padding-right: 5px\">\n            \n\n<div class=\"kksr-icon\" style=\"width: 24px; height: 24px;\"><\/div>\n        <\/div>\n    <\/div>\n<\/div>\n                \n\n<div class=\"kksr-legend\" style=\"font-size: 19.2px;\">\n            <span class=\"kksr-muted\">\u0110\u00e1nh gi\u00e1 product<\/span>\n    <\/div>\n    <\/div>\n<div class=\"x14z9mp xat24cr x1lziwak x1vvkbs xtlvy1s x126k92a\">\n<div dir=\"auto\">\u1ed0ng th\u1ee7y t\u1eeb l\u00e0 thi\u1ebft b\u1ecb quan s\u00e1t m\u1ee9c ch\u1ea5t l\u1ecfng thi\u1ebft y\u1ebfu cho l\u00f2 h\u01a1i v\u00e0 c\u00e1c b\u1ed3n b\u1ec3 c\u00f4ng nghi\u1ec7p. Thi\u1ebft k\u1ebf ch\u1eafc ch\u1eafn, v\u1eadn h\u00e0nh \u1ed5n \u0111\u1ecbnh gi\u00fap quan s\u00e1t m\u1ee9c an to\u00e0n \u2013 ch\u00ednh x\u00e1c, \u0111\u1ed3ng th\u1eddi d\u1ec5 d\u00e0ng t\u00edch h\u1ee3p v\u00e0o h\u1ec7 th\u1ed1ng \u0111i\u1ec1u khi\u1ec3n.<\/p>\n<\/div>\n<\/div>\n<div class=\"x14z9mp xat24cr x1lziwak x1vvkbs xtlvy1s x126k92a\">\n<div dir=\"auto\"><span class=\"html-span xexx8yu xyri2b x18d9i69 x1c1uobl x1hl2dhg x16tdsg8 x1vvkbs x3nfvp2 x1j61x8r x1fcty0u xdj266r xat24cr xm2jcoa x1mpyi22 xxymvpz xlup9mm x1kky2od\"><img decoding=\"async\" class=\"xz74otr x15mokao x1ga7v0g x16uus16 xbiv7yw\" src=\"https:\/\/static.xx.fbcdn.net\/images\/emoji.php\/v9\/t51\/1\/16\/2714.png\" alt=\"\u2714\" width=\"16\" height=\"16\" title=\"\"><\/span> Quan s\u00e1t tr\u1ef1c quan t\u1ea1i ch\u1ed7<\/div>\n<div dir=\"auto\">Hi\u1ec3n th\u1ecb m\u1ee9c ch\u1ea5t l\u1ecfng r\u00f5 r\u00e0ng, kh\u00f4ng m\u1edd, kh\u00f4ng l\u1ec7ch, gi\u00fap ng\u01b0\u1eddi v\u1eadn h\u00e0nh ki\u1ec3m tra nhanh ch\u00f3ng v\u00e0 an to\u00e0n.<\/div>\n<\/div>\n<div class=\"x14z9mp xat24cr x1lziwak x1vvkbs xtlvy1s x126k92a\">\n<div dir=\"auto\"><span class=\"html-span xexx8yu xyri2b x18d9i69 x1c1uobl x1hl2dhg x16tdsg8 x1vvkbs x3nfvp2 x1j61x8r x1fcty0u xdj266r xat24cr xm2jcoa x1mpyi22 xxymvpz xlup9mm x1kky2od\"><img decoding=\"async\" class=\"xz74otr x15mokao x1ga7v0g x16uus16 xbiv7yw\" src=\"https:\/\/static.xx.fbcdn.net\/images\/emoji.php\/v9\/t51\/1\/16\/2714.png\" alt=\"\u2714\" width=\"16\" height=\"16\" title=\"\"><\/span> L\u1ea5y t\u00edn hi\u1ec7u gi\u00e1m s\u00e1t t\u1eeb xa<\/div>\n<div dir=\"auto\">T\u00edch h\u1ee3p c\u1ea3m bi\u1ebfn m\u1ee9c li\u00ean t\u1ee5c (4-20 mA) ho\u1eb7c c\u00f4ng t\u1eafc t\u1eeb \u0111\u1ec3 \u0111\u01b0a t\u00edn hi\u1ec7u v\u1ec1 ph\u00f2ng \u0111i\u1ec1u khi\u1ec3n, ph\u1ee5c v\u1ee5 h\u1ec7 th\u1ed1ng DCS\/PLC.<\/div>\n<\/div>\n<div class=\"x14z9mp xat24cr x1lziwak x1vvkbs xtlvy1s x126k92a\">\n<div dir=\"auto\"><span class=\"html-span xexx8yu xyri2b x18d9i69 x1c1uobl x1hl2dhg x16tdsg8 x1vvkbs x3nfvp2 x1j61x8r x1fcty0u xdj266r xat24cr xm2jcoa x1mpyi22 xxymvpz xlup9mm x1kky2od\"><img decoding=\"async\" class=\"xz74otr x15mokao x1ga7v0g x16uus16 xbiv7yw\" src=\"https:\/\/static.xx.fbcdn.net\/images\/emoji.php\/v9\/t51\/1\/16\/2714.png\" alt=\"\u2714\" width=\"16\" height=\"16\" title=\"\"><\/span> \u0110i\u1ec1u khi\u1ec3n b\u01a1m &amp; c\u1ea3nh b\u00e1o Alarm<\/div>\n<div dir=\"auto\">C\u00f3 th\u1ec3 g\u1eafn c\u00f4ng t\u1eafc m\u1ee9c \u0111\u1ec3 t\u1ef1 \u0111\u1ed9ng \u0111i\u1ec1u khi\u1ec3n b\u01a1m ho\u1eb7c k\u00edch ho\u1ea1t c\u1ea3nh b\u00e1o khi m\u1ee9c cao\/th\u1ea5p, \u0111\u1ea3m b\u1ea3o an to\u00e0n cho h\u1ec7 th\u1ed1ng.<\/p>\n<p>Xu\u1ea5t x\u1ee9 \u0110\u00e0i Loan, ch\u1ea5t l\u01b0\u1ee3ng cao v\u00e0 gi\u00e1 t\u1ed1t h\u01a1n so v\u1edbi h\u00e0ng Ch\u00e2u \u00c2u, l\u00e0 kho\u1ea3n \u0111\u1ea7u t\u01b0 h\u1ee3p l\u00fd cho c\u00e1c nh\u00e0 s\u1ea3n xu\u1ea5t l\u00f2 h\u01a1i, c\u00f4ng ty b\u00e1n h\u01a1i, c\u00e1c nh\u00e0 m\u00e1y s\u1ea3n xu\u1ea5t c\u00f3 nhu c\u1ea7u \u0111o v\u00e0 gi\u00e1m s\u00e1t m\u1ee9c cho l\u00f2 h\u01a1i, b\u1ed3n b\u1ec3 n\u01b0\u1edbc v\u00e0 d\u1ea7u.<\/p><\/div>\n<\/div>\n","protected":false},"excerpt":{"rendered":"<ul>\n<li>Model: Series M<\/li>\n<li>L\u1eafp \u0111\u1eb7t tr\u00ean\/b\u00ean h\u00f4ng<\/li>\n<li>V\u1eadt li\u1ec7u: SS304, SS316, SS316L. PVC, PP. PE. PVDF<\/li>\n<li>Kho\u1ea3ng c\u00e1ch t\u1eeb t\u00e2m \u0111\u1ebfn t\u00e2m: t\u1ed1i \u0111a 5500mm<\/li>\n<li>Lo\u1ea1i ch\u1ec9 th\u1ecb: d\u1ea1ng d\u1ea3i ho\u1eb7c d\u1ea1ng phao<\/li>\n<li>Xu\u1ea5t x\u1ee9: NEW-FLOW &#8211; \u0110\u00e0i Loan<\/li>\n<\/ul>\n","protected":false},"featured_media":20405,"template":"","meta":[],"product_brand":[],"product_cat":[217],"product_tag":[],"class_list":{"0":"post-20404","1":"product","2":"type-product","3":"status-publish","4":"has-post-thumbnail","6":"product_cat-kinh-thuy-tu","8":"first","9":"instock","10":"shipping-taxable","11":"product-type-simple"},"acf":[],"_links":{"self":[{"href":"https:\/\/space-tech.vn\/en\/wp-json\/wp\/v2\/product\/20404","targetHints":{"allow":["GET"]}}],"collection":[{"href":"https:\/\/space-tech.vn\/en\/wp-json\/wp\/v2\/product"}],"about":[{"href":"https:\/\/space-tech.vn\/en\/wp-json\/wp\/v2\/types\/product"}],"version-history":[{"count":6,"href":"https:\/\/space-tech.vn\/en\/wp-json\/wp\/v2\/product\/20404\/revisions"}],"predecessor-version":[{"id":20431,"href":"https:\/\/space-tech.vn\/en\/wp-json\/wp\/v2\/product\/20404\/revisions\/20431"}],"wp:featuredmedia":[{"embeddable":true,"href":"https:\/\/space-tech.vn\/en\/wp-json\/wp\/v2\/media\/20405"}],"wp:attachment":[{"href":"https:\/\/space-tech.vn\/en\/wp-json\/wp\/v2\/media?parent=20404"}],"wp:term":[{"taxonomy":"product_brand","embeddable":true,"href":"https:\/\/space-tech.vn\/en\/wp-json\/wp\/v2\/product_brand?post=20404"},{"taxonomy":"product_cat","embeddable":true,"href":"https:\/\/space-tech.vn\/en\/wp-json\/wp\/v2\/product_cat?post=20404"},{"taxonomy":"product_tag","embeddable":true,"href":"https:\/\/space-tech.vn\/en\/wp-json\/wp\/v2\/product_tag?post=20404"}],"curies":[{"name":"wp","href":"https:\/\/api.w.org\/{rel}","templated":true}]}}