{"id":20253,"date":"2024-07-25T13:36:02","date_gmt":"2024-07-25T06:36:02","guid":{"rendered":"https:\/\/space-tech.vn\/san-pham\/dong-ho-luu-luong-khoi-luong-coriolis-2\/"},"modified":"2025-11-27T14:39:14","modified_gmt":"2025-11-27T07:39:14","slug":"dong-ho-luu-luong-khoi-luong-coriolis-2","status":"publish","type":"product","link":"https:\/\/space-tech.vn\/en\/san-pham\/dong-ho-luu-luong-khoi-luong-coriolis-2\/","title":{"rendered":"Coriolis Mass Flow Meter"},"content":{"rendered":"\n\n<div class=\"kk-star-ratings kksr-auto kksr-align-left kksr-valign-top\"\n    data-payload='{&quot;align&quot;:&quot;left&quot;,&quot;id&quot;:&quot;20253&quot;,&quot;slug&quot;:&quot;default&quot;,&quot;valign&quot;:&quot;top&quot;,&quot;ignore&quot;:&quot;&quot;,&quot;reference&quot;:&quot;auto&quot;,&quot;class&quot;:&quot;&quot;,&quot;count&quot;:&quot;0&quot;,&quot;legendonly&quot;:&quot;&quot;,&quot;readonly&quot;:&quot;&quot;,&quot;score&quot;:&quot;0&quot;,&quot;starsonly&quot;:&quot;&quot;,&quot;best&quot;:&quot;5&quot;,&quot;gap&quot;:&quot;5&quot;,&quot;greet&quot;:&quot;\u0110\u00e1nh gi\u00e1 product&quot;,&quot;legend&quot;:&quot;0\\\/5 - (0 votes)&quot;,&quot;size&quot;:&quot;24&quot;,&quot;title&quot;:&quot;Coriolis Mass Flow Meter&quot;,&quot;width&quot;:&quot;0&quot;,&quot;_legend&quot;:&quot;{score}\\\/{best} - ({count} {votes})&quot;,&quot;font_factor&quot;:&quot;1.25&quot;}'>\n            \n<div class=\"kksr-stars\">\n    \n<div class=\"kksr-stars-inactive\">\n            <div class=\"kksr-star\" data-star=\"1\" style=\"padding-right: 5px\">\n            \n\n<div class=\"kksr-icon\" style=\"width: 24px; height: 24px;\"><\/div>\n        <\/div>\n            <div class=\"kksr-star\" data-star=\"2\" style=\"padding-right: 5px\">\n            \n\n<div class=\"kksr-icon\" style=\"width: 24px; height: 24px;\"><\/div>\n        <\/div>\n            <div class=\"kksr-star\" data-star=\"3\" style=\"padding-right: 5px\">\n            \n\n<div class=\"kksr-icon\" style=\"width: 24px; height: 24px;\"><\/div>\n        <\/div>\n            <div class=\"kksr-star\" data-star=\"4\" style=\"padding-right: 5px\">\n            \n\n<div class=\"kksr-icon\" style=\"width: 24px; height: 24px;\"><\/div>\n        <\/div>\n            <div class=\"kksr-star\" data-star=\"5\" style=\"padding-right: 5px\">\n            \n\n<div class=\"kksr-icon\" style=\"width: 24px; height: 24px;\"><\/div>\n        <\/div>\n    <\/div>\n    \n<div class=\"kksr-stars-active\" style=\"width: 0px;\">\n            <div class=\"kksr-star\" style=\"padding-right: 5px\">\n            \n\n<div class=\"kksr-icon\" style=\"width: 24px; height: 24px;\"><\/div>\n        <\/div>\n            <div class=\"kksr-star\" style=\"padding-right: 5px\">\n            \n\n<div class=\"kksr-icon\" style=\"width: 24px; height: 24px;\"><\/div>\n        <\/div>\n            <div class=\"kksr-star\" style=\"padding-right: 5px\">\n            \n\n<div class=\"kksr-icon\" style=\"width: 24px; height: 24px;\"><\/div>\n        <\/div>\n            <div class=\"kksr-star\" style=\"padding-right: 5px\">\n            \n\n<div class=\"kksr-icon\" style=\"width: 24px; height: 24px;\"><\/div>\n        <\/div>\n            <div class=\"kksr-star\" style=\"padding-right: 5px\">\n            \n\n<div class=\"kksr-icon\" style=\"width: 24px; height: 24px;\"><\/div>\n        <\/div>\n    <\/div>\n<\/div>\n                \n\n<div class=\"kksr-legend\" style=\"font-size: 19.2px;\">\n            <span class=\"kksr-muted\">\u0110\u00e1nh gi\u00e1 product<\/span>\n    <\/div>\n    <\/div>\n<p>Coriolis Mass Flow Meter is the best mass flow meter series, measuring density and temperature, also calculating volume flow, total flow and liquid composition in real time.<\/p>\n<p>Currently, it has three types, M-type sensor, U-type sensor and S-type sensor. In general, a conventional mass flowmeter consists of a flow sensor and a signal transmitter. The flow sensor is designed with two flow tubes for vibration, generating signals for collection.<\/p>\n<p>The signal transmitter is used with digital signal processor (DSP) and dynamic vibration balance (DVB) circuit to provide fast response but accurate measurement performance.<\/p>\n<p>In addition, there is an on-site configuration button, diagnosis and data logging can be easily handled through HART or Modbus RTU communication.<\/p>\n<p>Applications:<br \/>\n&#8211; High precision flow measurement<br \/>\n&#8211; Batch control measurement<br \/>\n&#8211; Density measurement<br \/>\nfor industries:<br \/>\n&#8211; Chemical<br \/>\n&#8211; Food &amp; Beverage<br \/>\n&#8211; Mining<br \/>\n&#8211; Oil &amp; Gas<br \/>\n&#8211; Thermal Power<br \/>\n&#8211; Pharmaceuticals<br \/>\n&#8211; Paper<br \/>\n&#8211; Feed Additives<\/p>\n","protected":false},"excerpt":{"rendered":"<ul>\n<li>Material:<br \/>\n&#8211; SS316L pipe (option Hastelloy C)<br \/>\n&#8211; Flange: SS304 (option SS316L and Hastalloy C)<br \/>\n&#8211; Housing: SS304 (option SS316L)<\/li>\n<li>Size: 1\/8&#8243; &#8211; 12&#8243;<\/li>\n<li>Connection: Flange<\/li>\n<li>Accuracy: +\/- 0.1%; 0.2% or 0.5%<\/li>\n<\/ul>\n","protected":false},"featured_media":20255,"template":"","meta":[],"product_brand":[],"product_cat":[377,365],"product_tag":[],"class_list":{"0":"post-20253","1":"product","2":"type-product","3":"status-publish","4":"has-post-thumbnail","6":"product_cat-dong-ho-do-luu-luong-dien-tu-en","7":"product_cat-dong-ho-do-luu-luong-en","9":"first","10":"instock","11":"shipping-taxable","12":"product-type-simple"},"acf":[],"_links":{"self":[{"href":"https:\/\/space-tech.vn\/en\/wp-json\/wp\/v2\/product\/20253","targetHints":{"allow":["GET"]}}],"collection":[{"href":"https:\/\/space-tech.vn\/en\/wp-json\/wp\/v2\/product"}],"about":[{"href":"https:\/\/space-tech.vn\/en\/wp-json\/wp\/v2\/types\/product"}],"version-history":[{"count":2,"href":"https:\/\/space-tech.vn\/en\/wp-json\/wp\/v2\/product\/20253\/revisions"}],"predecessor-version":[{"id":20257,"href":"https:\/\/space-tech.vn\/en\/wp-json\/wp\/v2\/product\/20253\/revisions\/20257"}],"wp:featuredmedia":[{"embeddable":true,"href":"https:\/\/space-tech.vn\/en\/wp-json\/wp\/v2\/media\/20255"}],"wp:attachment":[{"href":"https:\/\/space-tech.vn\/en\/wp-json\/wp\/v2\/media?parent=20253"}],"wp:term":[{"taxonomy":"product_brand","embeddable":true,"href":"https:\/\/space-tech.vn\/en\/wp-json\/wp\/v2\/product_brand?post=20253"},{"taxonomy":"product_cat","embeddable":true,"href":"https:\/\/space-tech.vn\/en\/wp-json\/wp\/v2\/product_cat?post=20253"},{"taxonomy":"product_tag","embeddable":true,"href":"https:\/\/space-tech.vn\/en\/wp-json\/wp\/v2\/product_tag?post=20253"}],"curies":[{"name":"wp","href":"https:\/\/api.w.org\/{rel}","templated":true}]}}