{"id":19544,"date":"2025-10-23T16:46:28","date_gmt":"2025-10-23T09:46:28","guid":{"rendered":"https:\/\/space-tech.vn\/?post_type=product&#038;p=19544"},"modified":"2026-03-24T11:58:50","modified_gmt":"2026-03-24T04:58:50","slug":"alia-cong-tac-bao-muc-rung-dang-am-thoa-avs61","status":"publish","type":"product","link":"https:\/\/space-tech.vn\/en\/san-pham\/alia-cong-tac-bao-muc-rung-dang-am-thoa-avs61\/","title":{"rendered":"ALIA &#8211; C\u00f4ng t\u1eafc b\u00e1o m\u1ee9c rung d\u1ea1ng \u00e2m thoa AVS61"},"content":{"rendered":"\n\n<div class=\"kk-star-ratings kksr-auto kksr-align-left kksr-valign-top\"\n    data-payload='{&quot;align&quot;:&quot;left&quot;,&quot;id&quot;:&quot;19544&quot;,&quot;slug&quot;:&quot;default&quot;,&quot;valign&quot;:&quot;top&quot;,&quot;ignore&quot;:&quot;&quot;,&quot;reference&quot;:&quot;auto&quot;,&quot;class&quot;:&quot;&quot;,&quot;count&quot;:&quot;0&quot;,&quot;legendonly&quot;:&quot;&quot;,&quot;readonly&quot;:&quot;&quot;,&quot;score&quot;:&quot;0&quot;,&quot;starsonly&quot;:&quot;&quot;,&quot;best&quot;:&quot;5&quot;,&quot;gap&quot;:&quot;5&quot;,&quot;greet&quot;:&quot;\u0110\u00e1nh gi\u00e1 product&quot;,&quot;legend&quot;:&quot;0\\\/5 - (0 votes)&quot;,&quot;size&quot;:&quot;24&quot;,&quot;title&quot;:&quot;ALIA - C\u00f4ng t\u1eafc b\u00e1o m\u1ee9c rung d\u1ea1ng \u00e2m thoa AVS61&quot;,&quot;width&quot;:&quot;0&quot;,&quot;_legend&quot;:&quot;{score}\\\/{best} - ({count} {votes})&quot;,&quot;font_factor&quot;:&quot;1.25&quot;}'>\n            \n<div class=\"kksr-stars\">\n    \n<div class=\"kksr-stars-inactive\">\n            <div class=\"kksr-star\" data-star=\"1\" style=\"padding-right: 5px\">\n            \n\n<div class=\"kksr-icon\" style=\"width: 24px; height: 24px;\"><\/div>\n        <\/div>\n            <div class=\"kksr-star\" data-star=\"2\" style=\"padding-right: 5px\">\n            \n\n<div class=\"kksr-icon\" style=\"width: 24px; height: 24px;\"><\/div>\n        <\/div>\n            <div class=\"kksr-star\" data-star=\"3\" style=\"padding-right: 5px\">\n            \n\n<div class=\"kksr-icon\" style=\"width: 24px; height: 24px;\"><\/div>\n        <\/div>\n            <div class=\"kksr-star\" data-star=\"4\" style=\"padding-right: 5px\">\n            \n\n<div class=\"kksr-icon\" style=\"width: 24px; height: 24px;\"><\/div>\n        <\/div>\n            <div class=\"kksr-star\" data-star=\"5\" style=\"padding-right: 5px\">\n            \n\n<div class=\"kksr-icon\" style=\"width: 24px; height: 24px;\"><\/div>\n        <\/div>\n    <\/div>\n    \n<div class=\"kksr-stars-active\" style=\"width: 0px;\">\n            <div class=\"kksr-star\" style=\"padding-right: 5px\">\n            \n\n<div class=\"kksr-icon\" style=\"width: 24px; height: 24px;\"><\/div>\n        <\/div>\n            <div class=\"kksr-star\" style=\"padding-right: 5px\">\n            \n\n<div class=\"kksr-icon\" style=\"width: 24px; height: 24px;\"><\/div>\n        <\/div>\n            <div class=\"kksr-star\" style=\"padding-right: 5px\">\n            \n\n<div class=\"kksr-icon\" style=\"width: 24px; height: 24px;\"><\/div>\n        <\/div>\n            <div class=\"kksr-star\" style=\"padding-right: 5px\">\n            \n\n<div class=\"kksr-icon\" style=\"width: 24px; height: 24px;\"><\/div>\n        <\/div>\n            <div class=\"kksr-star\" style=\"padding-right: 5px\">\n            \n\n<div class=\"kksr-icon\" style=\"width: 24px; height: 24px;\"><\/div>\n        <\/div>\n    <\/div>\n<\/div>\n                \n\n<div class=\"kksr-legend\" style=\"font-size: 19.2px;\">\n            <span class=\"kksr-muted\">\u0110\u00e1nh gi\u00e1 product<\/span>\n    <\/div>\n    <\/div>\n<ul>\n<li data-start=\"342\" data-end=\"538\">\n<p data-start=\"344\" data-end=\"538\"><strong data-start=\"344\" data-end=\"382\">Tuning Fork Vibrating Level Switch<\/strong>: l\u00e0 <strong data-start=\"387\" data-end=\"407\">c\u00f4ng t\u1eafc b\u00e1o m\u1ee9c<\/strong> s\u1eed d\u1ee5ng <strong data-start=\"416\" data-end=\"457\">nguy\u00ean l\u00fd rung c\u1ed9ng h\u01b0\u1edfng c\u1ee7a \u00e2m thoa<\/strong> \u0111\u1ec3 ph\u00e1t hi\u1ec7n m\u1ee9c ch\u1ea5t l\u1ecfng, b\u1ed9t ho\u1eb7c r\u1eafn trong b\u1ed3n ch\u1ee9a, sil\u00f4, ho\u1eb7c \u0111\u01b0\u1eddng \u1ed1ng.<\/p>\n<\/li>\n<li data-start=\"539\" data-end=\"686\">\n<p data-start=\"541\" data-end=\"686\">Khi m\u00f4i ch\u1ea5t (n\u01b0\u1edbc, d\u1ea7u, h\u00f3a ch\u1ea5t, b\u1ed9t, h\u1ea1t&#8230;) ch\u1ea1m v\u00e0o \u0111\u1ea7u c\u1ea3m bi\u1ebfn, t\u1ea7n s\u1ed1 rung c\u1ee7a \u00e2m thoa thay \u0111\u1ed5i \u2192 thi\u1ebft b\u1ecb ph\u00e1t t\u00edn hi\u1ec7u b\u00e1o \u0111\u1ea7y \/ c\u1ea1n.<\/p>\n<\/li>\n<li data-start=\"687\" data-end=\"802\">\n<p data-start=\"689\" data-end=\"802\">D\u00f2ng AVS61 \u0111\u01b0\u1ee3c d\u00f9ng r\u1ed9ng r\u00e3i trong <strong data-start=\"725\" data-end=\"796\">ng\u00e0nh d\u1ea7u kh\u00ed, h\u00f3a ch\u1ea5t, n\u01b0\u1edbc s\u1ea1ch, n\u01b0\u1edbc th\u1ea3i, th\u1ef1c ph\u1ea9m, d\u01b0\u1ee3c ph\u1ea9m<\/strong>, v.v.<\/p>\n<\/li>\n<\/ul>\n","protected":false},"excerpt":{"rendered":"<p>\u2022 Model: AVS61<br \/>\n\u2022 K\u00edch th\u01b0\u1edbc: 45mm\/ 100mm\/ 200mm, max 2000mm<br \/>\n\u2022 Ngu\u1ed3n: 20 \u2013 72Vdc ho\u1eb7c 20 &#8211; 250VAC<br \/>\n\u2022 Nhi\u1ec7t \u0111\u1ed9 t\u1ed1i \u0111a: -20 ~ 70\u00b0C<br \/>\n\u2022 Xu\u1ea5t x\u1ee9: ALIA \u2013 USA (Sx t\u1ea1i China)<\/p>\n","protected":false},"featured_media":19545,"template":"","meta":[],"product_brand":[],"product_cat":[309,190,199],"product_tag":[],"class_list":{"0":"post-19544","1":"product","2":"type-product","3":"status-publish","4":"has-post-thumbnail","6":"product_cat-alia","7":"product_cat-cam-bien-bao-muc","8":"product_cat-cong-tac-dong-chay","10":"first","11":"instock","12":"shipping-taxable","13":"product-type-simple"},"acf":[],"_links":{"self":[{"href":"https:\/\/space-tech.vn\/en\/wp-json\/wp\/v2\/product\/19544","targetHints":{"allow":["GET"]}}],"collection":[{"href":"https:\/\/space-tech.vn\/en\/wp-json\/wp\/v2\/product"}],"about":[{"href":"https:\/\/space-tech.vn\/en\/wp-json\/wp\/v2\/types\/product"}],"version-history":[{"count":5,"href":"https:\/\/space-tech.vn\/en\/wp-json\/wp\/v2\/product\/19544\/revisions"}],"predecessor-version":[{"id":19867,"href":"https:\/\/space-tech.vn\/en\/wp-json\/wp\/v2\/product\/19544\/revisions\/19867"}],"wp:featuredmedia":[{"embeddable":true,"href":"https:\/\/space-tech.vn\/en\/wp-json\/wp\/v2\/media\/19545"}],"wp:attachment":[{"href":"https:\/\/space-tech.vn\/en\/wp-json\/wp\/v2\/media?parent=19544"}],"wp:term":[{"taxonomy":"product_brand","embeddable":true,"href":"https:\/\/space-tech.vn\/en\/wp-json\/wp\/v2\/product_brand?post=19544"},{"taxonomy":"product_cat","embeddable":true,"href":"https:\/\/space-tech.vn\/en\/wp-json\/wp\/v2\/product_cat?post=19544"},{"taxonomy":"product_tag","embeddable":true,"href":"https:\/\/space-tech.vn\/en\/wp-json\/wp\/v2\/product_tag?post=19544"}],"curies":[{"name":"wp","href":"https:\/\/api.w.org\/{rel}","templated":true}]}}