{"id":16558,"date":"2024-05-13T10:50:30","date_gmt":"2024-05-13T03:50:30","guid":{"rendered":"https:\/\/space-tech.vn\/san-pham\/bua-rung\/"},"modified":"2025-07-10T13:40:00","modified_gmt":"2025-07-10T06:40:00","slug":"bua-rung","status":"publish","type":"product","link":"https:\/\/space-tech.vn\/en\/san-pham\/bua-rung\/","title":{"rendered":"Pneumatic air turbine vibrator SON GT8"},"content":{"rendered":"\n\n<div class=\"kk-star-ratings kksr-auto kksr-align-left kksr-valign-top\"\n    data-payload='{&quot;align&quot;:&quot;left&quot;,&quot;id&quot;:&quot;16558&quot;,&quot;slug&quot;:&quot;default&quot;,&quot;valign&quot;:&quot;top&quot;,&quot;ignore&quot;:&quot;&quot;,&quot;reference&quot;:&quot;auto&quot;,&quot;class&quot;:&quot;&quot;,&quot;count&quot;:&quot;3&quot;,&quot;legendonly&quot;:&quot;&quot;,&quot;readonly&quot;:&quot;&quot;,&quot;score&quot;:&quot;5&quot;,&quot;starsonly&quot;:&quot;&quot;,&quot;best&quot;:&quot;5&quot;,&quot;gap&quot;:&quot;5&quot;,&quot;greet&quot;:&quot;\u0110\u00e1nh gi\u00e1 product&quot;,&quot;legend&quot;:&quot;5\\\/5 - (3 votes)&quot;,&quot;size&quot;:&quot;24&quot;,&quot;title&quot;:&quot;Pneumatic air turbine vibrator SON GT8&quot;,&quot;width&quot;:&quot;142.5&quot;,&quot;_legend&quot;:&quot;{score}\\\/{best} - ({count} {votes})&quot;,&quot;font_factor&quot;:&quot;1.25&quot;}'>\n            \n<div class=\"kksr-stars\">\n    \n<div class=\"kksr-stars-inactive\">\n            <div class=\"kksr-star\" data-star=\"1\" style=\"padding-right: 5px\">\n            \n\n<div class=\"kksr-icon\" style=\"width: 24px; height: 24px;\"><\/div>\n        <\/div>\n            <div class=\"kksr-star\" data-star=\"2\" style=\"padding-right: 5px\">\n            \n\n<div class=\"kksr-icon\" style=\"width: 24px; height: 24px;\"><\/div>\n        <\/div>\n            <div class=\"kksr-star\" data-star=\"3\" style=\"padding-right: 5px\">\n            \n\n<div class=\"kksr-icon\" style=\"width: 24px; height: 24px;\"><\/div>\n        <\/div>\n            <div class=\"kksr-star\" data-star=\"4\" style=\"padding-right: 5px\">\n            \n\n<div class=\"kksr-icon\" style=\"width: 24px; height: 24px;\"><\/div>\n        <\/div>\n            <div class=\"kksr-star\" data-star=\"5\" style=\"padding-right: 5px\">\n            \n\n<div class=\"kksr-icon\" style=\"width: 24px; height: 24px;\"><\/div>\n        <\/div>\n    <\/div>\n    \n<div class=\"kksr-stars-active\" style=\"width: 142.5px;\">\n            <div class=\"kksr-star\" style=\"padding-right: 5px\">\n            \n\n<div class=\"kksr-icon\" style=\"width: 24px; height: 24px;\"><\/div>\n        <\/div>\n            <div class=\"kksr-star\" style=\"padding-right: 5px\">\n            \n\n<div class=\"kksr-icon\" style=\"width: 24px; height: 24px;\"><\/div>\n        <\/div>\n            <div class=\"kksr-star\" style=\"padding-right: 5px\">\n            \n\n<div class=\"kksr-icon\" style=\"width: 24px; height: 24px;\"><\/div>\n        <\/div>\n            <div class=\"kksr-star\" style=\"padding-right: 5px\">\n            \n\n<div class=\"kksr-icon\" style=\"width: 24px; height: 24px;\"><\/div>\n        <\/div>\n            <div class=\"kksr-star\" style=\"padding-right: 5px\">\n            \n\n<div class=\"kksr-icon\" style=\"width: 24px; height: 24px;\"><\/div>\n        <\/div>\n    <\/div>\n<\/div>\n                \n\n<div class=\"kksr-legend\" style=\"font-size: 19.2px;\">\n            5\/5 - (3 votes)    <\/div>\n    <\/div>\n<p>Vibrating hammers are ideal equipment used in production to create a steady and fast vibration force for machines and equipment. Different from using traditional vibrating motors or vibrators, pneumatic vibrating hammers utilize high-pressure compressed air to create vibration force, bringing many benefits in terms of energy, cost, safety, complexity and hygiene.<\/p>\n<p>Structure<\/p>\n<p>Inside the pneumatic vibrating hammer is a gear, with balls mounted on this gear. The gear is eccentric to the rotating shaft. When high-pressure compressed air is supplied, the gear rotates eccentrically and creates a strong vibration force.<\/p>\n<p>Applications of Pneumatic Vibrating Hammers<\/p>\n<p>Pneumatic vibrating hammers are widely used in the following fields:<\/p>\n<p>Screening machine<br \/>\nSeparator<br \/>\nSettling machine<br \/>\nVibrating hopper for feeding workpieces<br \/>\nRammer<br \/>\nProduct classifier<br \/>\nRaw material separator<br \/>\nConstruction concrete spraying machine<br \/>\nOutstanding Advantages<\/p>\n<p>Compared with other vibrating force generating devices, GT pneumatic vibrating hammers have outstanding advantages:<\/p>\n<p>Compact size<br \/>\nLow noise<br \/>\nLarge vibration force<br \/>\nContinuous operation for a long time<br \/>\nNo heat generation<br \/>\nEasy to repair and replace<br \/>\nNo maintenance required<\/p>\n<p>Technical parameters such as vibration force, vibration frequency, and intensity can be easily controlled by adjusting the compressed air pressure. Pneumatic vibrating hammers do not use electricity but use compressed air, which is very suitable for wet locations. The bearing supporting the shaft inside is of high quality, can withstand large vibration forces, ensuring the life and performance of the equipment.<\/p>\n<p>Pneumatic vibrating hammer is an optimal solution for production systems that require strong, continuous and effective vibration. With many outstanding advantages, this device is the perfect choice to improve production efficiency and quality.<\/p>\n","protected":false},"excerpt":{"rendered":"<ul>\n<li>Model: GT8<\/li>\n<li>Using compressed air as vibration source, safe and low cost, simple operation and maintenance<\/li>\n<li>Simple structure, less damage, easy to replace<\/li>\n<li>Accurate and reliable thanks to instant opening and closing<\/li>\n<li>The vibration force, vibration speed and amplitude of the machine can be adjusted at will during operation.<\/li>\n<li>Application in industry and production line<\/li>\n<li>Origin: SON Industrial<\/li>\n<\/ul>\n","protected":false},"featured_media":8427,"template":"","meta":[],"product_brand":[],"product_cat":[144,378,278],"product_tag":[],"class_list":{"0":"post-16558","1":"product","2":"type-product","3":"status-publish","4":"has-post-thumbnail","6":"product_cat-measuring-instruments","7":"product_cat-bua-rung-en","8":"product_cat-son-en","10":"first","11":"instock","12":"shipping-taxable","13":"product-type-simple"},"acf":[],"_links":{"self":[{"href":"https:\/\/space-tech.vn\/en\/wp-json\/wp\/v2\/product\/16558","targetHints":{"allow":["GET"]}}],"collection":[{"href":"https:\/\/space-tech.vn\/en\/wp-json\/wp\/v2\/product"}],"about":[{"href":"https:\/\/space-tech.vn\/en\/wp-json\/wp\/v2\/types\/product"}],"version-history":[{"count":2,"href":"https:\/\/space-tech.vn\/en\/wp-json\/wp\/v2\/product\/16558\/revisions"}],"predecessor-version":[{"id":16563,"href":"https:\/\/space-tech.vn\/en\/wp-json\/wp\/v2\/product\/16558\/revisions\/16563"}],"wp:featuredmedia":[{"embeddable":true,"href":"https:\/\/space-tech.vn\/en\/wp-json\/wp\/v2\/media\/8427"}],"wp:attachment":[{"href":"https:\/\/space-tech.vn\/en\/wp-json\/wp\/v2\/media?parent=16558"}],"wp:term":[{"taxonomy":"product_brand","embeddable":true,"href":"https:\/\/space-tech.vn\/en\/wp-json\/wp\/v2\/product_brand?post=16558"},{"taxonomy":"product_cat","embeddable":true,"href":"https:\/\/space-tech.vn\/en\/wp-json\/wp\/v2\/product_cat?post=16558"},{"taxonomy":"product_tag","embeddable":true,"href":"https:\/\/space-tech.vn\/en\/wp-json\/wp\/v2\/product_tag?post=16558"}],"curies":[{"name":"wp","href":"https:\/\/api.w.org\/{rel}","templated":true}]}}