{"id":16470,"date":"2024-08-08T14:57:53","date_gmt":"2024-08-08T07:57:53","guid":{"rendered":"https:\/\/space-tech.vn\/san-pham\/bom-ly-tam-tu-moi-donjoy-model-zlx\/"},"modified":"2025-07-10T11:49:58","modified_gmt":"2025-07-10T04:49:58","slug":"bom-ly-tam-tu-moi-donjoy-model-zlx","status":"publish","type":"product","link":"https:\/\/space-tech.vn\/en\/san-pham\/bom-ly-tam-tu-moi-donjoy-model-zlx\/","title":{"rendered":"Hight purity pumps Donjoy Model ZLX"},"content":{"rendered":"\n\n<div class=\"kk-star-ratings kksr-auto kksr-align-left kksr-valign-top\"\n    data-payload='{&quot;align&quot;:&quot;left&quot;,&quot;id&quot;:&quot;16470&quot;,&quot;slug&quot;:&quot;default&quot;,&quot;valign&quot;:&quot;top&quot;,&quot;ignore&quot;:&quot;&quot;,&quot;reference&quot;:&quot;auto&quot;,&quot;class&quot;:&quot;&quot;,&quot;count&quot;:&quot;0&quot;,&quot;legendonly&quot;:&quot;&quot;,&quot;readonly&quot;:&quot;&quot;,&quot;score&quot;:&quot;0&quot;,&quot;starsonly&quot;:&quot;&quot;,&quot;best&quot;:&quot;5&quot;,&quot;gap&quot;:&quot;5&quot;,&quot;greet&quot;:&quot;\u0110\u00e1nh gi\u00e1 product&quot;,&quot;legend&quot;:&quot;0\\\/5 - (0 votes)&quot;,&quot;size&quot;:&quot;24&quot;,&quot;title&quot;:&quot;Hight purity pumps Donjoy Model ZLX&quot;,&quot;width&quot;:&quot;0&quot;,&quot;_legend&quot;:&quot;{score}\\\/{best} - ({count} {votes})&quot;,&quot;font_factor&quot;:&quot;1.25&quot;}'>\n            \n<div class=\"kksr-stars\">\n    \n<div class=\"kksr-stars-inactive\">\n            <div class=\"kksr-star\" data-star=\"1\" style=\"padding-right: 5px\">\n            \n\n<div class=\"kksr-icon\" style=\"width: 24px; height: 24px;\"><\/div>\n        <\/div>\n            <div class=\"kksr-star\" data-star=\"2\" style=\"padding-right: 5px\">\n            \n\n<div class=\"kksr-icon\" style=\"width: 24px; height: 24px;\"><\/div>\n        <\/div>\n            <div class=\"kksr-star\" data-star=\"3\" style=\"padding-right: 5px\">\n            \n\n<div class=\"kksr-icon\" style=\"width: 24px; height: 24px;\"><\/div>\n        <\/div>\n            <div class=\"kksr-star\" data-star=\"4\" style=\"padding-right: 5px\">\n            \n\n<div class=\"kksr-icon\" style=\"width: 24px; height: 24px;\"><\/div>\n        <\/div>\n            <div class=\"kksr-star\" data-star=\"5\" style=\"padding-right: 5px\">\n            \n\n<div class=\"kksr-icon\" style=\"width: 24px; height: 24px;\"><\/div>\n        <\/div>\n    <\/div>\n    \n<div class=\"kksr-stars-active\" style=\"width: 0px;\">\n            <div class=\"kksr-star\" style=\"padding-right: 5px\">\n            \n\n<div class=\"kksr-icon\" style=\"width: 24px; height: 24px;\"><\/div>\n        <\/div>\n            <div class=\"kksr-star\" style=\"padding-right: 5px\">\n            \n\n<div class=\"kksr-icon\" style=\"width: 24px; height: 24px;\"><\/div>\n        <\/div>\n            <div class=\"kksr-star\" style=\"padding-right: 5px\">\n            \n\n<div class=\"kksr-icon\" style=\"width: 24px; height: 24px;\"><\/div>\n        <\/div>\n            <div class=\"kksr-star\" style=\"padding-right: 5px\">\n            \n\n<div class=\"kksr-icon\" style=\"width: 24px; height: 24px;\"><\/div>\n        <\/div>\n            <div class=\"kksr-star\" style=\"padding-right: 5px\">\n            \n\n<div class=\"kksr-icon\" style=\"width: 24px; height: 24px;\"><\/div>\n        <\/div>\n    <\/div>\n<\/div>\n                \n\n<div class=\"kksr-legend\" style=\"font-size: 19.2px;\">\n            <span class=\"kksr-muted\">\u0110\u00e1nh gi\u00e1 product<\/span>\n    <\/div>\n    <\/div>\n<p>The ZLX series is a self-priming centrifugal pump that can be used as a return pump in a CIP system or to pump materials with a maximum viscosity of 500 CP.S (mPas).<\/p>\n<p>The pump offers several technical advantages, including high efficiency, low noise, great cleanliness, and easy cleaning of liquid-contacting elements.<br \/>\nThe pump features an improved impeller that reduces the amount of cavitation required. The self-priming centrifugal pump is ideal for the food, pharmaceutical, and chemical processing sectors.<br \/>\nIt is intended for pumping materials containing air or gas. It is suitable for usage in negative suction circumstances, with priority given to suction and filtration equipment.<\/p>\n","protected":false},"excerpt":{"rendered":"<ul>\n<li>Model: ZLX<\/li>\n<li>Maximum flow: 70m3\/h<\/li>\n<li>Maximum head: 70m<\/li>\n<li>Maximum temperature: -20 \u00b0 C to 150 \u00b0 C<\/li>\n<li>Material: 304 \/316L, 1.431\/1.4404, ASME BPE 316L, 1.4435 NB2 Fe\u22640.5%<\/li>\n<li>Surface smoothness: \u2264 Ra0.8\u03bcm, \u2264 Ra0.6\u03bcm, \u2264 Ra0.4\u03bcm<\/li>\n<li>Mechanical seal: Single seal, Double seal<\/li>\n<li>Inlet\/outlet connection: Thread, Clamp, Flange, Aseptic flange<\/li>\n<li>Origin: Donjoy<\/li>\n<\/ul>\n","protected":false},"featured_media":10144,"template":"","meta":[],"product_brand":[],"product_cat":[363,142],"product_tag":[],"class_list":{"0":"post-16470","1":"product","2":"type-product","3":"status-publish","4":"has-post-thumbnail","6":"product_cat-bom-ly-tam-en","7":"product_cat-water-valves","9":"first","10":"instock","11":"shipping-taxable","12":"product-type-simple"},"acf":[],"_links":{"self":[{"href":"https:\/\/space-tech.vn\/en\/wp-json\/wp\/v2\/product\/16470","targetHints":{"allow":["GET"]}}],"collection":[{"href":"https:\/\/space-tech.vn\/en\/wp-json\/wp\/v2\/product"}],"about":[{"href":"https:\/\/space-tech.vn\/en\/wp-json\/wp\/v2\/types\/product"}],"version-history":[{"count":2,"href":"https:\/\/space-tech.vn\/en\/wp-json\/wp\/v2\/product\/16470\/revisions"}],"predecessor-version":[{"id":16476,"href":"https:\/\/space-tech.vn\/en\/wp-json\/wp\/v2\/product\/16470\/revisions\/16476"}],"wp:featuredmedia":[{"embeddable":true,"href":"https:\/\/space-tech.vn\/en\/wp-json\/wp\/v2\/media\/10144"}],"wp:attachment":[{"href":"https:\/\/space-tech.vn\/en\/wp-json\/wp\/v2\/media?parent=16470"}],"wp:term":[{"taxonomy":"product_brand","embeddable":true,"href":"https:\/\/space-tech.vn\/en\/wp-json\/wp\/v2\/product_brand?post=16470"},{"taxonomy":"product_cat","embeddable":true,"href":"https:\/\/space-tech.vn\/en\/wp-json\/wp\/v2\/product_cat?post=16470"},{"taxonomy":"product_tag","embeddable":true,"href":"https:\/\/space-tech.vn\/en\/wp-json\/wp\/v2\/product_tag?post=16470"}],"curies":[{"name":"wp","href":"https:\/\/api.w.org\/{rel}","templated":true}]}}