{"id":16394,"date":"2024-09-17T16:11:25","date_gmt":"2024-09-17T09:11:25","guid":{"rendered":"https:\/\/space-tech.vn\/san-pham\/vong-dem-ferolite-khong-lo-an-do\/"},"modified":"2025-07-08T17:01:49","modified_gmt":"2025-07-08T10:01:49","slug":"vong-dem-ferolite-khong-lo-an-do","status":"publish","type":"product","link":"https:\/\/space-tech.vn\/en\/san-pham\/vong-dem-ferolite-khong-lo-an-do\/","title":{"rendered":"Gasket Ferolite India"},"content":{"rendered":"\n\n<div class=\"kk-star-ratings kksr-auto kksr-align-left kksr-valign-top\"\n    data-payload='{&quot;align&quot;:&quot;left&quot;,&quot;id&quot;:&quot;16394&quot;,&quot;slug&quot;:&quot;default&quot;,&quot;valign&quot;:&quot;top&quot;,&quot;ignore&quot;:&quot;&quot;,&quot;reference&quot;:&quot;auto&quot;,&quot;class&quot;:&quot;&quot;,&quot;count&quot;:&quot;0&quot;,&quot;legendonly&quot;:&quot;&quot;,&quot;readonly&quot;:&quot;&quot;,&quot;score&quot;:&quot;0&quot;,&quot;starsonly&quot;:&quot;&quot;,&quot;best&quot;:&quot;5&quot;,&quot;gap&quot;:&quot;5&quot;,&quot;greet&quot;:&quot;\u0110\u00e1nh gi\u00e1 product&quot;,&quot;legend&quot;:&quot;0\\\/5 - (0 votes)&quot;,&quot;size&quot;:&quot;24&quot;,&quot;title&quot;:&quot;Gasket Ferolite India&quot;,&quot;width&quot;:&quot;0&quot;,&quot;_legend&quot;:&quot;{score}\\\/{best} - ({count} {votes})&quot;,&quot;font_factor&quot;:&quot;1.25&quot;}'>\n            \n<div class=\"kksr-stars\">\n    \n<div class=\"kksr-stars-inactive\">\n            <div class=\"kksr-star\" data-star=\"1\" style=\"padding-right: 5px\">\n            \n\n<div class=\"kksr-icon\" style=\"width: 24px; height: 24px;\"><\/div>\n        <\/div>\n            <div class=\"kksr-star\" data-star=\"2\" style=\"padding-right: 5px\">\n            \n\n<div class=\"kksr-icon\" style=\"width: 24px; height: 24px;\"><\/div>\n        <\/div>\n            <div class=\"kksr-star\" data-star=\"3\" style=\"padding-right: 5px\">\n            \n\n<div class=\"kksr-icon\" style=\"width: 24px; height: 24px;\"><\/div>\n        <\/div>\n            <div class=\"kksr-star\" data-star=\"4\" style=\"padding-right: 5px\">\n            \n\n<div class=\"kksr-icon\" style=\"width: 24px; height: 24px;\"><\/div>\n        <\/div>\n            <div class=\"kksr-star\" data-star=\"5\" style=\"padding-right: 5px\">\n            \n\n<div class=\"kksr-icon\" style=\"width: 24px; height: 24px;\"><\/div>\n        <\/div>\n    <\/div>\n    \n<div class=\"kksr-stars-active\" style=\"width: 0px;\">\n            <div class=\"kksr-star\" style=\"padding-right: 5px\">\n            \n\n<div class=\"kksr-icon\" style=\"width: 24px; height: 24px;\"><\/div>\n        <\/div>\n            <div class=\"kksr-star\" style=\"padding-right: 5px\">\n            \n\n<div class=\"kksr-icon\" style=\"width: 24px; height: 24px;\"><\/div>\n        <\/div>\n            <div class=\"kksr-star\" style=\"padding-right: 5px\">\n            \n\n<div class=\"kksr-icon\" style=\"width: 24px; height: 24px;\"><\/div>\n        <\/div>\n            <div class=\"kksr-star\" style=\"padding-right: 5px\">\n            \n\n<div class=\"kksr-icon\" style=\"width: 24px; height: 24px;\"><\/div>\n        <\/div>\n            <div class=\"kksr-star\" style=\"padding-right: 5px\">\n            \n\n<div class=\"kksr-icon\" style=\"width: 24px; height: 24px;\"><\/div>\n        <\/div>\n    <\/div>\n<\/div>\n                \n\n<div class=\"kksr-legend\" style=\"font-size: 19.2px;\">\n            <span class=\"kksr-muted\">\u0110\u00e1nh gi\u00e1 product<\/span>\n    <\/div>\n    <\/div>\n<p><img fetchpriority=\"high\" decoding=\"async\" class=\"alignnone size-full wp-image-11438\" src=\"https:\/\/space-tech.vn\/wp-content\/uploads\/2024\/09\/PTFE-Ferolite-scaled.jpg\" alt=\"\" width=\"1967\" height=\"2560\" title=\"\" srcset=\"https:\/\/space-tech.vn\/wp-content\/uploads\/2024\/09\/PTFE-Ferolite-scaled.jpg 1967w, https:\/\/space-tech.vn\/wp-content\/uploads\/2024\/09\/PTFE-Ferolite-scaled-600x781.jpg 600w, https:\/\/space-tech.vn\/wp-content\/uploads\/2024\/09\/PTFE-Ferolite-768x999.jpg 768w, https:\/\/space-tech.vn\/wp-content\/uploads\/2024\/09\/PTFE-Ferolite-1180x1536.jpg 1180w, https:\/\/space-tech.vn\/wp-content\/uploads\/2024\/09\/PTFE-Ferolite-1574x2048.jpg 1574w, https:\/\/space-tech.vn\/wp-content\/uploads\/2024\/09\/PTFE-Ferolite-370x481.jpg 370w, https:\/\/space-tech.vn\/wp-content\/uploads\/2024\/09\/PTFE-Ferolite-840x1093.jpg 840w, https:\/\/space-tech.vn\/wp-content\/uploads\/2024\/09\/PTFE-Ferolite-410x534.jpg 410w\" sizes=\"(max-width: 1967px) 100vw, 1967px\" \/><\/p>\n","protected":false},"excerpt":{"rendered":"<div class=\"m-b-4 ng-star-inserted\">\n<div class=\"w-full receiver\">\n<div class=\"pos-relative flex-l-m\">\n<ul>\n<li class=\"receiver-text flex-c-m m-l-32\">Teflon gasket 3mm, size OD x ID<\/li>\n<li class=\"receiver-text flex-c-m m-l-32\">JIS10K RF standard, no hole<\/li>\n<li class=\"receiver-text flex-c-m m-l-32\">Origin: Ferolite India<\/li>\n<li class=\"receiver-text flex-c-m m-l-32\">With inspection certificate from Center 3<\/li>\n<\/ul>\n<\/div>\n<\/div>\n<\/div>\n","protected":false},"featured_media":11449,"template":"","meta":[],"product_brand":[],"product_cat":[273],"product_tag":[],"class_list":{"0":"post-16394","1":"product","2":"type-product","3":"status-publish","4":"has-post-thumbnail","6":"product_cat-gasket","8":"first","9":"instock","10":"shipping-taxable","11":"product-type-simple"},"acf":[],"_links":{"self":[{"href":"https:\/\/space-tech.vn\/en\/wp-json\/wp\/v2\/product\/16394","targetHints":{"allow":["GET"]}}],"collection":[{"href":"https:\/\/space-tech.vn\/en\/wp-json\/wp\/v2\/product"}],"about":[{"href":"https:\/\/space-tech.vn\/en\/wp-json\/wp\/v2\/types\/product"}],"version-history":[{"count":2,"href":"https:\/\/space-tech.vn\/en\/wp-json\/wp\/v2\/product\/16394\/revisions"}],"predecessor-version":[{"id":16398,"href":"https:\/\/space-tech.vn\/en\/wp-json\/wp\/v2\/product\/16394\/revisions\/16398"}],"wp:featuredmedia":[{"embeddable":true,"href":"https:\/\/space-tech.vn\/en\/wp-json\/wp\/v2\/media\/11449"}],"wp:attachment":[{"href":"https:\/\/space-tech.vn\/en\/wp-json\/wp\/v2\/media?parent=16394"}],"wp:term":[{"taxonomy":"product_brand","embeddable":true,"href":"https:\/\/space-tech.vn\/en\/wp-json\/wp\/v2\/product_brand?post=16394"},{"taxonomy":"product_cat","embeddable":true,"href":"https:\/\/space-tech.vn\/en\/wp-json\/wp\/v2\/product_cat?post=16394"},{"taxonomy":"product_tag","embeddable":true,"href":"https:\/\/space-tech.vn\/en\/wp-json\/wp\/v2\/product_tag?post=16394"}],"curies":[{"name":"wp","href":"https:\/\/api.w.org\/{rel}","templated":true}]}}