{"id":16150,"date":"2025-06-25T13:13:50","date_gmt":"2025-06-25T06:13:50","guid":{"rendered":"https:\/\/space-tech.vn\/san-pham\/dau-do-do-dan-dien-adca-sps33\/"},"modified":"2025-08-13T09:25:39","modified_gmt":"2025-08-13T02:25:39","slug":"dau-do-do-dan-dien-adca-sps33","status":"publish","type":"product","link":"https:\/\/space-tech.vn\/en\/san-pham\/dau-do-do-dan-dien-adca-sps33\/","title":{"rendered":"Conductivity probe ADCA SPS33"},"content":{"rendered":"\n\n<div class=\"kk-star-ratings kksr-auto kksr-align-left kksr-valign-top\"\n    data-payload='{&quot;align&quot;:&quot;left&quot;,&quot;id&quot;:&quot;16150&quot;,&quot;slug&quot;:&quot;default&quot;,&quot;valign&quot;:&quot;top&quot;,&quot;ignore&quot;:&quot;&quot;,&quot;reference&quot;:&quot;auto&quot;,&quot;class&quot;:&quot;&quot;,&quot;count&quot;:&quot;0&quot;,&quot;legendonly&quot;:&quot;&quot;,&quot;readonly&quot;:&quot;&quot;,&quot;score&quot;:&quot;0&quot;,&quot;starsonly&quot;:&quot;&quot;,&quot;best&quot;:&quot;5&quot;,&quot;gap&quot;:&quot;5&quot;,&quot;greet&quot;:&quot;\u0110\u00e1nh gi\u00e1 product&quot;,&quot;legend&quot;:&quot;0\\\/5 - (0 votes)&quot;,&quot;size&quot;:&quot;24&quot;,&quot;title&quot;:&quot;Conductivity probe ADCA SPS33&quot;,&quot;width&quot;:&quot;0&quot;,&quot;_legend&quot;:&quot;{score}\\\/{best} - ({count} {votes})&quot;,&quot;font_factor&quot;:&quot;1.25&quot;}'>\n            \n<div class=\"kksr-stars\">\n    \n<div class=\"kksr-stars-inactive\">\n            <div class=\"kksr-star\" data-star=\"1\" style=\"padding-right: 5px\">\n            \n\n<div class=\"kksr-icon\" style=\"width: 24px; height: 24px;\"><\/div>\n        <\/div>\n            <div class=\"kksr-star\" data-star=\"2\" style=\"padding-right: 5px\">\n            \n\n<div class=\"kksr-icon\" style=\"width: 24px; height: 24px;\"><\/div>\n        <\/div>\n            <div class=\"kksr-star\" data-star=\"3\" style=\"padding-right: 5px\">\n            \n\n<div class=\"kksr-icon\" style=\"width: 24px; height: 24px;\"><\/div>\n        <\/div>\n            <div class=\"kksr-star\" data-star=\"4\" style=\"padding-right: 5px\">\n            \n\n<div class=\"kksr-icon\" style=\"width: 24px; height: 24px;\"><\/div>\n        <\/div>\n            <div class=\"kksr-star\" data-star=\"5\" style=\"padding-right: 5px\">\n            \n\n<div class=\"kksr-icon\" style=\"width: 24px; height: 24px;\"><\/div>\n        <\/div>\n    <\/div>\n    \n<div class=\"kksr-stars-active\" style=\"width: 0px;\">\n            <div class=\"kksr-star\" style=\"padding-right: 5px\">\n            \n\n<div class=\"kksr-icon\" style=\"width: 24px; height: 24px;\"><\/div>\n        <\/div>\n            <div class=\"kksr-star\" style=\"padding-right: 5px\">\n            \n\n<div class=\"kksr-icon\" style=\"width: 24px; height: 24px;\"><\/div>\n        <\/div>\n            <div class=\"kksr-star\" style=\"padding-right: 5px\">\n            \n\n<div class=\"kksr-icon\" style=\"width: 24px; height: 24px;\"><\/div>\n        <\/div>\n            <div class=\"kksr-star\" style=\"padding-right: 5px\">\n            \n\n<div class=\"kksr-icon\" style=\"width: 24px; height: 24px;\"><\/div>\n        <\/div>\n            <div class=\"kksr-star\" style=\"padding-right: 5px\">\n            \n\n<div class=\"kksr-icon\" style=\"width: 24px; height: 24px;\"><\/div>\n        <\/div>\n    <\/div>\n<\/div>\n                \n\n<div class=\"kksr-legend\" style=\"font-size: 19.2px;\">\n            <span class=\"kksr-muted\">\u0110\u00e1nh gi\u00e1 product<\/span>\n    <\/div>\n    <\/div>\n<p>The ADCATrol SPS33 conductivity probe is commonly used in steam applications to measure the conductivity of superheated boiler water, condensate, or feed water.<\/p>\n","protected":false},"excerpt":{"rendered":"<div class=\"vue-recycle-scroller__item-view\">\n<div class=\"flex relative others-message pb-[2px]\" data-index=\"14\" data-active=\"true\">\n<div class=\"w-full transition-colors duration-500 ease-in-out relative z-0 mt-[16px]\">\n<div class=\"flex w-full\">\n<div class=\"messsage-container w-full\">\n<div class=\"mess-infor w-full\">\n<div class=\"w-full message-container min-h-[30px]\">\n<div class=\"w-full flex message-item\">\n<div class=\"max-w-[60%] flex flex-col justify-end\">\n<div id=\"msg_685b7eceed71f97867904f03\" class=\"message-overflow relative min-h-[44px] false\" data-v-03de9ecb=\"\">\n<ul>\n<li class=\"text-message-content whitespace-pre-wrap others-message-first my-message-first message-content text-start relative w-fit max-w-full message-common bg-Neutral-Grey text-Neutral-Primary-900 [&amp;_.highlight]:bg-Yellow-Primary-600-Disabled\">Model: SPS33<\/li>\n<li class=\"text-message-content whitespace-pre-wrap others-message-first my-message-first message-content text-start relative w-fit max-w-full message-common bg-Neutral-Grey text-Neutral-Primary-900 [&amp;_.highlight]:bg-Yellow-Primary-600-Disabled\">Material: AISI 316L stainless steel<\/li>\n<li class=\"text-message-content whitespace-pre-wrap others-message-first my-message-first message-content text-start relative w-fit max-w-full message-common bg-Neutral-Grey text-Neutral-Primary-900 [&amp;_.highlight]:bg-Yellow-Primary-600-Disabled\">Size: 1\/2&#8243;<\/li>\n<li class=\"text-message-content whitespace-pre-wrap others-message-first my-message-first message-content text-start relative w-fit max-w-full message-common bg-Neutral-Grey text-Neutral-Primary-900 [&amp;_.highlight]:bg-Yellow-Primary-600-Disabled\">Connection: ISO 228 thread<\/li>\n<li class=\"text-message-content whitespace-pre-wrap others-message-first my-message-first message-content text-start relative w-fit max-w-full message-common bg-Neutral-Grey text-Neutral-Primary-900 [&amp;_.highlight]:bg-Yellow-Primary-600-Disabled\">Maximum operating pressure: 32 bar<\/li>\n<li class=\"text-message-content whitespace-pre-wrap others-message-first my-message-first message-content text-start relative w-fit max-w-full message-common bg-Neutral-Grey text-Neutral-Primary-900 [&amp;_.highlight]:bg-Yellow-Primary-600-Disabled\">Maximum operating temperature: 230 \u00baC<\/li>\n<li class=\"text-message-content whitespace-pre-wrap others-message-first my-message-first message-content text-start relative w-fit max-w-full message-common bg-Neutral-Grey text-Neutral-Primary-900 [&amp;_.highlight]:bg-Yellow-Primary-600-Disabled\">Protection type: IP 65<\/li>\n<li class=\"text-message-content whitespace-pre-wrap others-message-first my-message-first message-content text-start relative w-fit max-w-full message-common bg-Neutral-Grey text-Neutral-Primary-900 [&amp;_.highlight]:bg-Yellow-Primary-600-Disabled\">Range: 0-1000 \u00b5S\/cm L = 435 mm<\/li>\n<li class=\"text-message-content whitespace-pre-wrap others-message-first my-message-first message-content text-start relative w-fit max-w-full message-common bg-Neutral-Grey text-Neutral-Primary-900 [&amp;_.highlight]:bg-Yellow-Primary-600-Disabled\">The probe is used in combination with the ADCATrol BCS220 controller and the TDS BLOWDOWN CONTROLL VALVE VPC26 series.<\/li>\n<li class=\"text-message-content whitespace-pre-wrap others-message-first my-message-first message-content text-start relative w-fit max-w-full message-common bg-Neutral-Grey text-Neutral-Primary-900 [&amp;_.highlight]:bg-Yellow-Primary-600-Disabled\">Origin: ADCA &#8211; Portugal<\/li>\n<\/ul>\n<\/div>\n<\/div>\n<\/div>\n<\/div>\n<\/div>\n<\/div>\n<\/div>\n<\/div>\n<\/div>\n<\/div>\n","protected":false},"featured_media":17661,"template":"","meta":[],"product_brand":[],"product_cat":[257],"product_tag":[],"class_list":{"0":"post-16150","1":"product","2":"type-product","3":"status-publish","4":"has-post-thumbnail","6":"product_cat-adca-en","8":"first","9":"instock","10":"shipping-taxable","11":"product-type-simple"},"acf":[],"_links":{"self":[{"href":"https:\/\/space-tech.vn\/en\/wp-json\/wp\/v2\/product\/16150","targetHints":{"allow":["GET"]}}],"collection":[{"href":"https:\/\/space-tech.vn\/en\/wp-json\/wp\/v2\/product"}],"about":[{"href":"https:\/\/space-tech.vn\/en\/wp-json\/wp\/v2\/types\/product"}],"version-history":[{"count":1,"href":"https:\/\/space-tech.vn\/en\/wp-json\/wp\/v2\/product\/16150\/revisions"}],"predecessor-version":[{"id":16151,"href":"https:\/\/space-tech.vn\/en\/wp-json\/wp\/v2\/product\/16150\/revisions\/16151"}],"wp:featuredmedia":[{"embeddable":true,"href":"https:\/\/space-tech.vn\/en\/wp-json\/wp\/v2\/media\/17661"}],"wp:attachment":[{"href":"https:\/\/space-tech.vn\/en\/wp-json\/wp\/v2\/media?parent=16150"}],"wp:term":[{"taxonomy":"product_brand","embeddable":true,"href":"https:\/\/space-tech.vn\/en\/wp-json\/wp\/v2\/product_brand?post=16150"},{"taxonomy":"product_cat","embeddable":true,"href":"https:\/\/space-tech.vn\/en\/wp-json\/wp\/v2\/product_cat?post=16150"},{"taxonomy":"product_tag","embeddable":true,"href":"https:\/\/space-tech.vn\/en\/wp-json\/wp\/v2\/product_tag?post=16150"}],"curies":[{"name":"wp","href":"https:\/\/api.w.org\/{rel}","templated":true}]}}