{"id":15761,"date":"2025-03-13T15:18:57","date_gmt":"2025-03-13T08:18:57","guid":{"rendered":"https:\/\/space-tech.vn\/san-pham\/loc-chu-t-bucket-strainer\/"},"modified":"2025-07-01T14:26:42","modified_gmt":"2025-07-01T07:26:42","slug":"loc-chu-t-bucket-strainer","status":"publish","type":"product","link":"https:\/\/space-tech.vn\/en\/san-pham\/loc-chu-t-bucket-strainer\/","title":{"rendered":"Bucket strainer"},"content":{"rendered":"\n\n<div class=\"kk-star-ratings kksr-auto kksr-align-left kksr-valign-top\"\n    data-payload='{&quot;align&quot;:&quot;left&quot;,&quot;id&quot;:&quot;15761&quot;,&quot;slug&quot;:&quot;default&quot;,&quot;valign&quot;:&quot;top&quot;,&quot;ignore&quot;:&quot;&quot;,&quot;reference&quot;:&quot;auto&quot;,&quot;class&quot;:&quot;&quot;,&quot;count&quot;:&quot;0&quot;,&quot;legendonly&quot;:&quot;&quot;,&quot;readonly&quot;:&quot;&quot;,&quot;score&quot;:&quot;0&quot;,&quot;starsonly&quot;:&quot;&quot;,&quot;best&quot;:&quot;5&quot;,&quot;gap&quot;:&quot;5&quot;,&quot;greet&quot;:&quot;\u0110\u00e1nh gi\u00e1 product&quot;,&quot;legend&quot;:&quot;0\\\/5 - (0 votes)&quot;,&quot;size&quot;:&quot;24&quot;,&quot;title&quot;:&quot;Bucket strainer&quot;,&quot;width&quot;:&quot;0&quot;,&quot;_legend&quot;:&quot;{score}\\\/{best} - ({count} {votes})&quot;,&quot;font_factor&quot;:&quot;1.25&quot;}'>\n            \n<div class=\"kksr-stars\">\n    \n<div class=\"kksr-stars-inactive\">\n            <div class=\"kksr-star\" data-star=\"1\" style=\"padding-right: 5px\">\n            \n\n<div class=\"kksr-icon\" style=\"width: 24px; height: 24px;\"><\/div>\n        <\/div>\n            <div class=\"kksr-star\" data-star=\"2\" style=\"padding-right: 5px\">\n            \n\n<div class=\"kksr-icon\" style=\"width: 24px; height: 24px;\"><\/div>\n        <\/div>\n            <div class=\"kksr-star\" data-star=\"3\" style=\"padding-right: 5px\">\n            \n\n<div class=\"kksr-icon\" style=\"width: 24px; height: 24px;\"><\/div>\n        <\/div>\n            <div class=\"kksr-star\" data-star=\"4\" style=\"padding-right: 5px\">\n            \n\n<div class=\"kksr-icon\" style=\"width: 24px; height: 24px;\"><\/div>\n        <\/div>\n            <div class=\"kksr-star\" data-star=\"5\" style=\"padding-right: 5px\">\n            \n\n<div class=\"kksr-icon\" style=\"width: 24px; height: 24px;\"><\/div>\n        <\/div>\n    <\/div>\n    \n<div class=\"kksr-stars-active\" style=\"width: 0px;\">\n            <div class=\"kksr-star\" style=\"padding-right: 5px\">\n            \n\n<div class=\"kksr-icon\" style=\"width: 24px; height: 24px;\"><\/div>\n        <\/div>\n            <div class=\"kksr-star\" style=\"padding-right: 5px\">\n            \n\n<div class=\"kksr-icon\" style=\"width: 24px; height: 24px;\"><\/div>\n        <\/div>\n            <div class=\"kksr-star\" style=\"padding-right: 5px\">\n            \n\n<div class=\"kksr-icon\" style=\"width: 24px; height: 24px;\"><\/div>\n        <\/div>\n            <div class=\"kksr-star\" style=\"padding-right: 5px\">\n            \n\n<div class=\"kksr-icon\" style=\"width: 24px; height: 24px;\"><\/div>\n        <\/div>\n            <div class=\"kksr-star\" style=\"padding-right: 5px\">\n            \n\n<div class=\"kksr-icon\" style=\"width: 24px; height: 24px;\"><\/div>\n        <\/div>\n    <\/div>\n<\/div>\n                \n\n<div class=\"kksr-legend\" style=\"font-size: 19.2px;\">\n            <span class=\"kksr-muted\">\u0110\u00e1nh gi\u00e1 product<\/span>\n    <\/div>\n    <\/div>\n<p>Specialized for diesel oil, cooking oil,&#8230;..<\/p>\n<p><img fetchpriority=\"high\" decoding=\"async\" class=\"alignnone size-full wp-image-14325\" src=\"https:\/\/space-tech.vn\/wp-content\/uploads\/2025\/03\/d.jpg\" alt=\"\" width=\"932\" height=\"973\" title=\"\" srcset=\"https:\/\/space-tech.vn\/wp-content\/uploads\/2025\/03\/d.jpg 932w, https:\/\/space-tech.vn\/wp-content\/uploads\/2025\/03\/d-600x626.jpg 600w, https:\/\/space-tech.vn\/wp-content\/uploads\/2025\/03\/d-768x802.jpg 768w, https:\/\/space-tech.vn\/wp-content\/uploads\/2025\/03\/d-370x386.jpg 370w, https:\/\/space-tech.vn\/wp-content\/uploads\/2025\/03\/d-840x877.jpg 840w, https:\/\/space-tech.vn\/wp-content\/uploads\/2025\/03\/d-410x428.jpg 410w\" sizes=\"(max-width: 932px) 100vw, 932px\" \/><\/p>\n<table style=\"border-collapse: collapse; width: 100%;\">\n<tbody>\n<tr>\n<td style=\"width: 50%;\"><img decoding=\"async\" class=\"alignnone size-full wp-image-14321\" src=\"https:\/\/space-tech.vn\/wp-content\/uploads\/2025\/03\/a.jpg\" alt=\"\" width=\"1373\" height=\"997\" title=\"\" srcset=\"https:\/\/space-tech.vn\/wp-content\/uploads\/2025\/03\/a.jpg 1373w, https:\/\/space-tech.vn\/wp-content\/uploads\/2025\/03\/a-600x436.jpg 600w, https:\/\/space-tech.vn\/wp-content\/uploads\/2025\/03\/a-768x558.jpg 768w, https:\/\/space-tech.vn\/wp-content\/uploads\/2025\/03\/a-370x269.jpg 370w, https:\/\/space-tech.vn\/wp-content\/uploads\/2025\/03\/a-840x610.jpg 840w, https:\/\/space-tech.vn\/wp-content\/uploads\/2025\/03\/a-410x298.jpg 410w\" sizes=\"(max-width: 1373px) 100vw, 1373px\" \/><\/td>\n<td style=\"width: 50%;\"><img decoding=\"async\" class=\"alignnone size-medium wp-image-14323\" src=\"https:\/\/space-tech.vn\/wp-content\/uploads\/2025\/03\/b.jpg\" alt=\"\" width=\"1733\" height=\"1059\" title=\"\" srcset=\"https:\/\/space-tech.vn\/wp-content\/uploads\/2025\/03\/b.jpg 1733w, https:\/\/space-tech.vn\/wp-content\/uploads\/2025\/03\/b-600x367.jpg 600w, https:\/\/space-tech.vn\/wp-content\/uploads\/2025\/03\/b-768x469.jpg 768w, https:\/\/space-tech.vn\/wp-content\/uploads\/2025\/03\/b-1536x939.jpg 1536w, https:\/\/space-tech.vn\/wp-content\/uploads\/2025\/03\/b-370x226.jpg 370w, https:\/\/space-tech.vn\/wp-content\/uploads\/2025\/03\/b-840x513.jpg 840w, https:\/\/space-tech.vn\/wp-content\/uploads\/2025\/03\/b-410x251.jpg 410w\" sizes=\"(max-width: 1733px) 100vw, 1733px\" \/><\/td>\n<\/tr>\n<\/tbody>\n<\/table>\n<p>&nbsp;<\/p>\n","protected":false},"excerpt":{"rendered":"<ul>\n<li>Model: ST series<\/li>\n<li>Size: DN15 &#8211; DN250<\/li>\n<li>Material: stainless steel, steel<\/li>\n<li>Connection standard: JIS10K, PN16, ANSI150<\/li>\n<li>Filter mesh: mesh 40, mesh 60, mesh 100, &#8230;<\/li>\n<\/ul>\n","protected":false},"featured_media":18833,"template":"","meta":[],"product_brand":[],"product_cat":[143,254],"product_tag":[],"class_list":{"0":"post-15761","1":"product","2":"type-product","3":"status-publish","4":"has-post-thumbnail","6":"product_cat-new-products","7":"product_cat-y-strainer","9":"first","10":"instock","11":"shipping-taxable","12":"product-type-simple"},"acf":[],"_links":{"self":[{"href":"https:\/\/space-tech.vn\/en\/wp-json\/wp\/v2\/product\/15761","targetHints":{"allow":["GET"]}}],"collection":[{"href":"https:\/\/space-tech.vn\/en\/wp-json\/wp\/v2\/product"}],"about":[{"href":"https:\/\/space-tech.vn\/en\/wp-json\/wp\/v2\/types\/product"}],"version-history":[{"count":1,"href":"https:\/\/space-tech.vn\/en\/wp-json\/wp\/v2\/product\/15761\/revisions"}],"predecessor-version":[{"id":15762,"href":"https:\/\/space-tech.vn\/en\/wp-json\/wp\/v2\/product\/15761\/revisions\/15762"}],"wp:featuredmedia":[{"embeddable":true,"href":"https:\/\/space-tech.vn\/en\/wp-json\/wp\/v2\/media\/18833"}],"wp:attachment":[{"href":"https:\/\/space-tech.vn\/en\/wp-json\/wp\/v2\/media?parent=15761"}],"wp:term":[{"taxonomy":"product_brand","embeddable":true,"href":"https:\/\/space-tech.vn\/en\/wp-json\/wp\/v2\/product_brand?post=15761"},{"taxonomy":"product_cat","embeddable":true,"href":"https:\/\/space-tech.vn\/en\/wp-json\/wp\/v2\/product_cat?post=15761"},{"taxonomy":"product_tag","embeddable":true,"href":"https:\/\/space-tech.vn\/en\/wp-json\/wp\/v2\/product_tag?post=15761"}],"curies":[{"name":"wp","href":"https:\/\/api.w.org\/{rel}","templated":true}]}}