{"id":15725,"date":"2024-12-19T10:05:21","date_gmt":"2024-12-19T03:05:21","guid":{"rendered":"https:\/\/space-tech.vn\/san-pham\/bay-hoi-gau-dao-adca-ibb12\/"},"modified":"2026-04-08T11:01:34","modified_gmt":"2026-04-08T04:01:34","slug":"bay-hoi-gau-dao-adca-ibb12","status":"publish","type":"product","link":"https:\/\/space-tech.vn\/en\/san-pham\/bay-hoi-gau-dao-adca-ibb12\/","title":{"rendered":"Steam Trap ADCA IBB12"},"content":{"rendered":"\n\n<div class=\"kk-star-ratings kksr-auto kksr-align-left kksr-valign-top\"\n    data-payload='{&quot;align&quot;:&quot;left&quot;,&quot;id&quot;:&quot;15725&quot;,&quot;slug&quot;:&quot;default&quot;,&quot;valign&quot;:&quot;top&quot;,&quot;ignore&quot;:&quot;&quot;,&quot;reference&quot;:&quot;auto&quot;,&quot;class&quot;:&quot;&quot;,&quot;count&quot;:&quot;0&quot;,&quot;legendonly&quot;:&quot;&quot;,&quot;readonly&quot;:&quot;&quot;,&quot;score&quot;:&quot;0&quot;,&quot;starsonly&quot;:&quot;&quot;,&quot;best&quot;:&quot;5&quot;,&quot;gap&quot;:&quot;5&quot;,&quot;greet&quot;:&quot;\u0110\u00e1nh gi\u00e1 product&quot;,&quot;legend&quot;:&quot;0\\\/5 - (0 votes)&quot;,&quot;size&quot;:&quot;24&quot;,&quot;title&quot;:&quot;Steam Trap ADCA IBB12&quot;,&quot;width&quot;:&quot;0&quot;,&quot;_legend&quot;:&quot;{score}\\\/{best} - ({count} {votes})&quot;,&quot;font_factor&quot;:&quot;1.25&quot;}'>\n            \n<div class=\"kksr-stars\">\n    \n<div class=\"kksr-stars-inactive\">\n            <div class=\"kksr-star\" data-star=\"1\" style=\"padding-right: 5px\">\n            \n\n<div class=\"kksr-icon\" style=\"width: 24px; height: 24px;\"><\/div>\n        <\/div>\n            <div class=\"kksr-star\" data-star=\"2\" style=\"padding-right: 5px\">\n            \n\n<div class=\"kksr-icon\" style=\"width: 24px; height: 24px;\"><\/div>\n        <\/div>\n            <div class=\"kksr-star\" data-star=\"3\" style=\"padding-right: 5px\">\n            \n\n<div class=\"kksr-icon\" style=\"width: 24px; height: 24px;\"><\/div>\n        <\/div>\n            <div class=\"kksr-star\" data-star=\"4\" style=\"padding-right: 5px\">\n            \n\n<div class=\"kksr-icon\" style=\"width: 24px; height: 24px;\"><\/div>\n        <\/div>\n            <div class=\"kksr-star\" data-star=\"5\" style=\"padding-right: 5px\">\n            \n\n<div class=\"kksr-icon\" style=\"width: 24px; height: 24px;\"><\/div>\n        <\/div>\n    <\/div>\n    \n<div class=\"kksr-stars-active\" style=\"width: 0px;\">\n            <div class=\"kksr-star\" style=\"padding-right: 5px\">\n            \n\n<div class=\"kksr-icon\" style=\"width: 24px; height: 24px;\"><\/div>\n        <\/div>\n            <div class=\"kksr-star\" style=\"padding-right: 5px\">\n            \n\n<div class=\"kksr-icon\" style=\"width: 24px; height: 24px;\"><\/div>\n        <\/div>\n            <div class=\"kksr-star\" style=\"padding-right: 5px\">\n            \n\n<div class=\"kksr-icon\" style=\"width: 24px; height: 24px;\"><\/div>\n        <\/div>\n            <div class=\"kksr-star\" style=\"padding-right: 5px\">\n            \n\n<div class=\"kksr-icon\" style=\"width: 24px; height: 24px;\"><\/div>\n        <\/div>\n            <div class=\"kksr-star\" style=\"padding-right: 5px\">\n            \n\n<div class=\"kksr-icon\" style=\"width: 24px; height: 24px;\"><\/div>\n        <\/div>\n    <\/div>\n<\/div>\n                \n\n<div class=\"kksr-legend\" style=\"font-size: 19.2px;\">\n            <span class=\"kksr-muted\">\u0110\u00e1nh gi\u00e1 product<\/span>\n    <\/div>\n    <\/div>\n","protected":false},"excerpt":{"rendered":"<ul>\n<li>Model: IBB12<br \/>\nSize: 3\/4\u201d &#8211; 1\u201d \/ DN 20 &#8211; DN 25.<br \/>\nMaterial: Cast Iron<br \/>\nConnection: ISO 7 Rp or NPT thread.<br \/>\nFlange thread EN 1092-2 PN 16\/40.<br \/>\nFlange thread ASME B16.42 Class 150<br \/>\nMaximum pressure: 16bar<br \/>\nMaximum temperature: 250\u00b0C<br \/>\nOrigin: ADCA \u2013 Portugal<\/li>\n<\/ul>\n","protected":false},"featured_media":17464,"template":"","meta":[],"product_brand":[],"product_cat":[281,149,429,257],"product_tag":[],"class_list":{"0":"post-15725","1":"product","2":"type-product","3":"status-publish","4":"has-post-thumbnail","6":"product_cat-bay-hoi-gau-dao-en","7":"product_cat-steam-trap","8":"product_cat-steam-trap-adca","9":"product_cat-adca-en","11":"first","12":"instock","13":"shipping-taxable","14":"product-type-simple"},"acf":[],"_links":{"self":[{"href":"https:\/\/space-tech.vn\/en\/wp-json\/wp\/v2\/product\/15725","targetHints":{"allow":["GET"]}}],"collection":[{"href":"https:\/\/space-tech.vn\/en\/wp-json\/wp\/v2\/product"}],"about":[{"href":"https:\/\/space-tech.vn\/en\/wp-json\/wp\/v2\/types\/product"}],"version-history":[{"count":1,"href":"https:\/\/space-tech.vn\/en\/wp-json\/wp\/v2\/product\/15725\/revisions"}],"predecessor-version":[{"id":15726,"href":"https:\/\/space-tech.vn\/en\/wp-json\/wp\/v2\/product\/15725\/revisions\/15726"}],"wp:featuredmedia":[{"embeddable":true,"href":"https:\/\/space-tech.vn\/en\/wp-json\/wp\/v2\/media\/17464"}],"wp:attachment":[{"href":"https:\/\/space-tech.vn\/en\/wp-json\/wp\/v2\/media?parent=15725"}],"wp:term":[{"taxonomy":"product_brand","embeddable":true,"href":"https:\/\/space-tech.vn\/en\/wp-json\/wp\/v2\/product_brand?post=15725"},{"taxonomy":"product_cat","embeddable":true,"href":"https:\/\/space-tech.vn\/en\/wp-json\/wp\/v2\/product_cat?post=15725"},{"taxonomy":"product_tag","embeddable":true,"href":"https:\/\/space-tech.vn\/en\/wp-json\/wp\/v2\/product_tag?post=15725"}],"curies":[{"name":"wp","href":"https:\/\/api.w.org\/{rel}","templated":true}]}}