{"id":15419,"date":"2025-06-05T16:49:28","date_gmt":"2025-06-05T09:49:28","guid":{"rendered":"https:\/\/space-tech.vn\/?post_type=product&#038;p=15419"},"modified":"2025-10-10T15:42:16","modified_gmt":"2025-10-10T08:42:16","slug":"khop-noi-mem-inox-genebre-2835","status":"publish","type":"product","link":"https:\/\/space-tech.vn\/en\/san-pham\/khop-noi-mem-inox-genebre-2835\/","title":{"rendered":"GENEBRE &#8211; Kh\u1edbp n\u1ed1i m\u1ec1m inox 2835E"},"content":{"rendered":"\n\n<div class=\"kk-star-ratings kksr-auto kksr-align-left kksr-valign-top\"\n    data-payload='{&quot;align&quot;:&quot;left&quot;,&quot;id&quot;:&quot;15419&quot;,&quot;slug&quot;:&quot;default&quot;,&quot;valign&quot;:&quot;top&quot;,&quot;ignore&quot;:&quot;&quot;,&quot;reference&quot;:&quot;auto&quot;,&quot;class&quot;:&quot;&quot;,&quot;count&quot;:&quot;0&quot;,&quot;legendonly&quot;:&quot;&quot;,&quot;readonly&quot;:&quot;&quot;,&quot;score&quot;:&quot;0&quot;,&quot;starsonly&quot;:&quot;&quot;,&quot;best&quot;:&quot;5&quot;,&quot;gap&quot;:&quot;5&quot;,&quot;greet&quot;:&quot;\u0110\u00e1nh gi\u00e1 product&quot;,&quot;legend&quot;:&quot;0\\\/5 - (0 votes)&quot;,&quot;size&quot;:&quot;24&quot;,&quot;title&quot;:&quot;GENEBRE - Kh\u1edbp n\u1ed1i m\u1ec1m inox 2835E&quot;,&quot;width&quot;:&quot;0&quot;,&quot;_legend&quot;:&quot;{score}\\\/{best} - ({count} {votes})&quot;,&quot;font_factor&quot;:&quot;1.25&quot;}'>\n            \n<div class=\"kksr-stars\">\n    \n<div class=\"kksr-stars-inactive\">\n            <div class=\"kksr-star\" data-star=\"1\" style=\"padding-right: 5px\">\n            \n\n<div class=\"kksr-icon\" style=\"width: 24px; height: 24px;\"><\/div>\n        <\/div>\n            <div class=\"kksr-star\" data-star=\"2\" style=\"padding-right: 5px\">\n            \n\n<div class=\"kksr-icon\" style=\"width: 24px; height: 24px;\"><\/div>\n        <\/div>\n            <div class=\"kksr-star\" data-star=\"3\" style=\"padding-right: 5px\">\n            \n\n<div class=\"kksr-icon\" style=\"width: 24px; height: 24px;\"><\/div>\n        <\/div>\n            <div class=\"kksr-star\" data-star=\"4\" style=\"padding-right: 5px\">\n            \n\n<div class=\"kksr-icon\" style=\"width: 24px; height: 24px;\"><\/div>\n        <\/div>\n            <div class=\"kksr-star\" data-star=\"5\" style=\"padding-right: 5px\">\n            \n\n<div class=\"kksr-icon\" style=\"width: 24px; height: 24px;\"><\/div>\n        <\/div>\n    <\/div>\n    \n<div class=\"kksr-stars-active\" style=\"width: 0px;\">\n            <div class=\"kksr-star\" style=\"padding-right: 5px\">\n            \n\n<div class=\"kksr-icon\" style=\"width: 24px; height: 24px;\"><\/div>\n        <\/div>\n            <div class=\"kksr-star\" style=\"padding-right: 5px\">\n            \n\n<div class=\"kksr-icon\" style=\"width: 24px; height: 24px;\"><\/div>\n        <\/div>\n            <div class=\"kksr-star\" style=\"padding-right: 5px\">\n            \n\n<div class=\"kksr-icon\" style=\"width: 24px; height: 24px;\"><\/div>\n        <\/div>\n            <div class=\"kksr-star\" style=\"padding-right: 5px\">\n            \n\n<div class=\"kksr-icon\" style=\"width: 24px; height: 24px;\"><\/div>\n        <\/div>\n            <div class=\"kksr-star\" style=\"padding-right: 5px\">\n            \n\n<div class=\"kksr-icon\" style=\"width: 24px; height: 24px;\"><\/div>\n        <\/div>\n    <\/div>\n<\/div>\n                \n\n<div class=\"kksr-legend\" style=\"font-size: 19.2px;\">\n            <span class=\"kksr-muted\">\u0110\u00e1nh gi\u00e1 product<\/span>\n    <\/div>\n    <\/div>\n","protected":false},"excerpt":{"rendered":"<ul class=\"wp-block-list\">\n<li>Model: 2835E<\/li>\n<li>K\u00edch th\u01b0\u1edbc: DN25 \u2013 DN200<\/li>\n<li>V\u1eadt li\u1ec7u: Th\u00e2n l\u00e0m b\u1eb1ng th\u00e9p kh\u00f4ng g\u1ec9, m\u1eb7t b\u00edch b\u1eb1ng th\u00e9p carbon ph\u1ee7 s\u01a1n ch\u1ed1ng nhi\u1ec7t.<\/li>\n<li>K\u1ebft n\u1ed1i: B\u00edch<\/li>\n<li>\u00c1p su\u1ea5t t\u1ed1i \u0111a: 16bar<\/li>\n<li>Nhi\u1ec7t \u0111\u1ed9 ho\u1ea1t \u0111\u1ed9ng: 40 ~ 300\u00baC<\/li>\n<li>Xu\u1ea5t x\u1ee9: Genebre \u2013 T\u00e2y Ban Nha<\/li>\n<\/ul>\n","protected":false},"featured_media":18982,"template":"","meta":[],"product_brand":[],"product_cat":[231,195],"product_tag":[],"class_list":{"0":"post-15419","1":"product","2":"type-product","3":"status-publish","4":"has-post-thumbnail","6":"product_cat-van-bi-genebre","7":"product_cat-khop-noi-mem","9":"first","10":"instock","11":"shipping-taxable","12":"product-type-simple"},"acf":[],"_links":{"self":[{"href":"https:\/\/space-tech.vn\/en\/wp-json\/wp\/v2\/product\/15419","targetHints":{"allow":["GET"]}}],"collection":[{"href":"https:\/\/space-tech.vn\/en\/wp-json\/wp\/v2\/product"}],"about":[{"href":"https:\/\/space-tech.vn\/en\/wp-json\/wp\/v2\/types\/product"}],"version-history":[{"count":6,"href":"https:\/\/space-tech.vn\/en\/wp-json\/wp\/v2\/product\/15419\/revisions"}],"predecessor-version":[{"id":19319,"href":"https:\/\/space-tech.vn\/en\/wp-json\/wp\/v2\/product\/15419\/revisions\/19319"}],"wp:featuredmedia":[{"embeddable":true,"href":"https:\/\/space-tech.vn\/en\/wp-json\/wp\/v2\/media\/18982"}],"wp:attachment":[{"href":"https:\/\/space-tech.vn\/en\/wp-json\/wp\/v2\/media?parent=15419"}],"wp:term":[{"taxonomy":"product_brand","embeddable":true,"href":"https:\/\/space-tech.vn\/en\/wp-json\/wp\/v2\/product_brand?post=15419"},{"taxonomy":"product_cat","embeddable":true,"href":"https:\/\/space-tech.vn\/en\/wp-json\/wp\/v2\/product_cat?post=15419"},{"taxonomy":"product_tag","embeddable":true,"href":"https:\/\/space-tech.vn\/en\/wp-json\/wp\/v2\/product_tag?post=15419"}],"curies":[{"name":"wp","href":"https:\/\/api.w.org\/{rel}","templated":true}]}}