{"id":15066,"date":"2025-05-12T14:39:48","date_gmt":"2025-05-12T07:39:48","guid":{"rendered":"https:\/\/space-tech.vn\/?post_type=product&#038;p=15066"},"modified":"2025-09-06T11:55:39","modified_gmt":"2025-09-06T04:55:39","slug":"bo-xa-nuoc-khi-nen-jorc-kaptiv-cs","status":"publish","type":"product","link":"https:\/\/space-tech.vn\/en\/san-pham\/bo-xa-nuoc-khi-nen-jorc-kaptiv-cs\/","title":{"rendered":"JORC &#8211; B\u1ed9 x\u1ea3 n\u01b0\u1edbc kh\u00ed n\u00e9n KAPTIV-CS"},"content":{"rendered":"\n\n<div class=\"kk-star-ratings kksr-auto kksr-align-left kksr-valign-top\"\n    data-payload='{&quot;align&quot;:&quot;left&quot;,&quot;id&quot;:&quot;15066&quot;,&quot;slug&quot;:&quot;default&quot;,&quot;valign&quot;:&quot;top&quot;,&quot;ignore&quot;:&quot;&quot;,&quot;reference&quot;:&quot;auto&quot;,&quot;class&quot;:&quot;&quot;,&quot;count&quot;:&quot;0&quot;,&quot;legendonly&quot;:&quot;&quot;,&quot;readonly&quot;:&quot;&quot;,&quot;score&quot;:&quot;0&quot;,&quot;starsonly&quot;:&quot;&quot;,&quot;best&quot;:&quot;5&quot;,&quot;gap&quot;:&quot;5&quot;,&quot;greet&quot;:&quot;\u0110\u00e1nh gi\u00e1 product&quot;,&quot;legend&quot;:&quot;0\\\/5 - (0 votes)&quot;,&quot;size&quot;:&quot;24&quot;,&quot;title&quot;:&quot;JORC - B\u1ed9 x\u1ea3 n\u01b0\u1edbc kh\u00ed n\u00e9n KAPTIV-CS&quot;,&quot;width&quot;:&quot;0&quot;,&quot;_legend&quot;:&quot;{score}\\\/{best} - ({count} {votes})&quot;,&quot;font_factor&quot;:&quot;1.25&quot;}'>\n            \n<div class=\"kksr-stars\">\n    \n<div class=\"kksr-stars-inactive\">\n            <div class=\"kksr-star\" data-star=\"1\" style=\"padding-right: 5px\">\n            \n\n<div class=\"kksr-icon\" style=\"width: 24px; height: 24px;\"><\/div>\n        <\/div>\n            <div class=\"kksr-star\" data-star=\"2\" style=\"padding-right: 5px\">\n            \n\n<div class=\"kksr-icon\" style=\"width: 24px; height: 24px;\"><\/div>\n        <\/div>\n            <div class=\"kksr-star\" data-star=\"3\" style=\"padding-right: 5px\">\n            \n\n<div class=\"kksr-icon\" style=\"width: 24px; height: 24px;\"><\/div>\n        <\/div>\n            <div class=\"kksr-star\" data-star=\"4\" style=\"padding-right: 5px\">\n            \n\n<div class=\"kksr-icon\" style=\"width: 24px; height: 24px;\"><\/div>\n        <\/div>\n            <div class=\"kksr-star\" data-star=\"5\" style=\"padding-right: 5px\">\n            \n\n<div class=\"kksr-icon\" style=\"width: 24px; height: 24px;\"><\/div>\n        <\/div>\n    <\/div>\n    \n<div class=\"kksr-stars-active\" style=\"width: 0px;\">\n            <div class=\"kksr-star\" style=\"padding-right: 5px\">\n            \n\n<div class=\"kksr-icon\" style=\"width: 24px; height: 24px;\"><\/div>\n        <\/div>\n            <div class=\"kksr-star\" style=\"padding-right: 5px\">\n            \n\n<div class=\"kksr-icon\" style=\"width: 24px; height: 24px;\"><\/div>\n        <\/div>\n            <div class=\"kksr-star\" style=\"padding-right: 5px\">\n            \n\n<div class=\"kksr-icon\" style=\"width: 24px; height: 24px;\"><\/div>\n        <\/div>\n            <div class=\"kksr-star\" style=\"padding-right: 5px\">\n            \n\n<div class=\"kksr-icon\" style=\"width: 24px; height: 24px;\"><\/div>\n        <\/div>\n            <div class=\"kksr-star\" style=\"padding-right: 5px\">\n            \n\n<div class=\"kksr-icon\" style=\"width: 24px; height: 24px;\"><\/div>\n        <\/div>\n    <\/div>\n<\/div>\n                \n\n<div class=\"kksr-legend\" style=\"font-size: 19.2px;\">\n            <span class=\"kksr-muted\">\u0110\u00e1nh gi\u00e1 product<\/span>\n    <\/div>\n    <\/div>\n<p>APTIV-CS (Compact Solution) l\u00e0 thi\u1ebft b\u1ecb x\u1ea3 n\u01b0\u1edbc ng\u01b0ng chuy\u00ean d\u1ee5ng, lo\u1ea1i b\u1ecf m\u1ecdi lo\u1ea1i n\u01b0\u1edbc ng\u01b0ng trong h\u1ec7 th\u1ed1ng kh\u00ed n\u00e9n c\u00f3 l\u01b0u l\u01b0\u1ee3ng l\u00ean \u0111\u1ebfn 100 m\u00b3\/ph\u00fat m\u00e0 kh\u00f4ng g\u00e2y th\u1ea5t tho\u00e1t kh\u00ed n\u00e9n.<\/p>\n<p>KAPTIV-CS c\u00f3 chi ph\u00ed \u0111\u1ea7u t\u01b0 h\u1ee3p l\u00fd v\u00e0 mang l\u1ea1i th\u1eddi gian ho\u00e0n v\u1ed1n nhanh nh\u1edd gi\u00e1 c\u1ea3 c\u1ea1nh tranh, chi ph\u00ed t\u1ed3n kho th\u1ea5p, kh\u1ea3 n\u0103ng x\u1ea3 kh\u00f4ng hao kh\u00ed v\u00e0 ti\u1ebft ki\u1ec7m n\u0103ng l\u01b0\u1ee3ng.<\/p>\n<p>V\u1edbi thi\u1ebft k\u1ebf c\u00f4ng nghi\u1ec7p nh\u1ecf g\u1ecdn, ch\u1eafc ch\u1eafn, van \u0111i\u1ec7n t\u1eeb 2\/2 t\u00e1c \u0111\u1ed9ng tr\u1ef1c ti\u1ebfp v\u1edbi l\u1ed7 x\u1ea3 l\u1edbn, t\u00edch h\u1ee3p c\u1ea3m bi\u1ebfn c\u1ea3nh b\u00e1o (th\u01b0\u1eddng \u0111\u00f3ng ho\u1eb7c th\u01b0\u1eddng m\u1edf) v\u00e0 l\u01b0\u1edbi l\u1ecdc b\u1ea3o v\u1ec7, KAPTIV-CS l\u00e0 gi\u1ea3i ph\u00e1p x\u1ea3 n\u01b0\u1edbc ng\u01b0ng \u0111\u00e1ng tin c\u1eady. Thi\u1ebft b\u1ecb c\u00f3 th\u1ec3 s\u1eed d\u1ee5ng cho c\u1ea3 h\u1ec7 th\u1ed1ng c\u00f3 d\u1ea7u v\u00e0 kh\u00f4ng d\u1ea7u.<\/p>\n<table style=\"border-collapse: collapse; width: 100%;\">\n<tbody>\n<tr>\n<td style=\"width: 50%;\"><img fetchpriority=\"high\" decoding=\"async\" class=\"alignnone size-full wp-image-15073\" src=\"https:\/\/space-tech.vn\/wp-content\/uploads\/2025\/05\/kaptiv_cs_hp-1-scaled.jpg\" alt=\"\" width=\"1866\" height=\"2560\" title=\"\" srcset=\"https:\/\/space-tech.vn\/wp-content\/uploads\/2025\/05\/kaptiv_cs_hp-1-scaled.jpg 1866w, https:\/\/space-tech.vn\/wp-content\/uploads\/2025\/05\/kaptiv_cs_hp-1-scaled-600x823.jpg 600w, https:\/\/space-tech.vn\/wp-content\/uploads\/2025\/05\/kaptiv_cs_hp-1-768x1054.jpg 768w, https:\/\/space-tech.vn\/wp-content\/uploads\/2025\/05\/kaptiv_cs_hp-1-1119x1536.jpg 1119w, https:\/\/space-tech.vn\/wp-content\/uploads\/2025\/05\/kaptiv_cs_hp-1-1492x2048.jpg 1492w, https:\/\/space-tech.vn\/wp-content\/uploads\/2025\/05\/kaptiv_cs_hp-1-370x508.jpg 370w, https:\/\/space-tech.vn\/wp-content\/uploads\/2025\/05\/kaptiv_cs_hp-1-840x1153.jpg 840w, https:\/\/space-tech.vn\/wp-content\/uploads\/2025\/05\/kaptiv_cs_hp-1-410x563.jpg 410w\" sizes=\"(max-width: 1866px) 100vw, 1866px\" \/><\/td>\n<td style=\"width: 50%;\"><img decoding=\"async\" class=\"alignnone size-full wp-image-15075\" src=\"https:\/\/space-tech.vn\/wp-content\/uploads\/2025\/05\/kaptiv_cs_hp-2-scaled.jpg\" alt=\"\" width=\"1866\" height=\"2560\" title=\"\" srcset=\"https:\/\/space-tech.vn\/wp-content\/uploads\/2025\/05\/kaptiv_cs_hp-2-scaled.jpg 1866w, https:\/\/space-tech.vn\/wp-content\/uploads\/2025\/05\/kaptiv_cs_hp-2-scaled-600x823.jpg 600w, https:\/\/space-tech.vn\/wp-content\/uploads\/2025\/05\/kaptiv_cs_hp-2-768x1054.jpg 768w, https:\/\/space-tech.vn\/wp-content\/uploads\/2025\/05\/kaptiv_cs_hp-2-1119x1536.jpg 1119w, https:\/\/space-tech.vn\/wp-content\/uploads\/2025\/05\/kaptiv_cs_hp-2-1492x2048.jpg 1492w, https:\/\/space-tech.vn\/wp-content\/uploads\/2025\/05\/kaptiv_cs_hp-2-370x508.jpg 370w, https:\/\/space-tech.vn\/wp-content\/uploads\/2025\/05\/kaptiv_cs_hp-2-840x1153.jpg 840w, https:\/\/space-tech.vn\/wp-content\/uploads\/2025\/05\/kaptiv_cs_hp-2-410x563.jpg 410w\" sizes=\"(max-width: 1866px) 100vw, 1866px\" \/><\/td>\n<\/tr>\n<\/tbody>\n<\/table>\n","protected":false},"excerpt":{"rendered":"<ul>\n<li>Model: KAPTIV-CS<\/li>\n<li>K\u1ebft n\u1ed1i ren v\u00e0o: 1\/2&#8221; (BSP or NPT), c\u00f3 3 \u0111\u01b0\u1eddng v\u00e0o \u0111\u1ec3 l\u1ef1a ch\u1ecdn<\/li>\n<li>K\u1ebft n\u1ed1i ren ra: 1\/4&#8221;<\/li>\n<li>Ngu\u1ed3n: 230vac<\/li>\n<li>L\u01b0u l\u01b0\u1ee3ng x\u1ea3: 110 \u0111\u1ebfn 665 m3\/gi\u1edd<\/li>\n<li>\u00c1p su\u1ea5t: 16bar<\/li>\n<li>C\u1ea5p b\u1ea3o v\u1ec7: IP65<\/li>\n<li>Nhi\u1ec7t \u0111\u1ed9 t\u1ed1i \u0111a: 1 &#8211; 50\u00b0C<\/li>\n<li>Xu\u1ea5t x\u1ee9: JORC \u2013 H\u00e0 Lan<\/li>\n<\/ul>\n","protected":false},"featured_media":18578,"template":"","meta":[],"product_brand":[],"product_cat":[301],"product_tag":[],"class_list":{"0":"post-15066","1":"product","2":"type-product","3":"status-publish","4":"has-post-thumbnail","6":"product_cat-van-xa-nuoc-tu-dong","8":"first","9":"instock","10":"shipping-taxable","11":"product-type-simple"},"acf":[],"_links":{"self":[{"href":"https:\/\/space-tech.vn\/en\/wp-json\/wp\/v2\/product\/15066","targetHints":{"allow":["GET"]}}],"collection":[{"href":"https:\/\/space-tech.vn\/en\/wp-json\/wp\/v2\/product"}],"about":[{"href":"https:\/\/space-tech.vn\/en\/wp-json\/wp\/v2\/types\/product"}],"version-history":[{"count":5,"href":"https:\/\/space-tech.vn\/en\/wp-json\/wp\/v2\/product\/15066\/revisions"}],"predecessor-version":[{"id":18580,"href":"https:\/\/space-tech.vn\/en\/wp-json\/wp\/v2\/product\/15066\/revisions\/18580"}],"wp:featuredmedia":[{"embeddable":true,"href":"https:\/\/space-tech.vn\/en\/wp-json\/wp\/v2\/media\/18578"}],"wp:attachment":[{"href":"https:\/\/space-tech.vn\/en\/wp-json\/wp\/v2\/media?parent=15066"}],"wp:term":[{"taxonomy":"product_brand","embeddable":true,"href":"https:\/\/space-tech.vn\/en\/wp-json\/wp\/v2\/product_brand?post=15066"},{"taxonomy":"product_cat","embeddable":true,"href":"https:\/\/space-tech.vn\/en\/wp-json\/wp\/v2\/product_cat?post=15066"},{"taxonomy":"product_tag","embeddable":true,"href":"https:\/\/space-tech.vn\/en\/wp-json\/wp\/v2\/product_tag?post=15066"}],"curies":[{"name":"wp","href":"https:\/\/api.w.org\/{rel}","templated":true}]}}