{"id":13769,"date":"2025-02-24T16:09:40","date_gmt":"2025-02-24T09:09:40","guid":{"rendered":"https:\/\/space-tech.vn\/?post_type=product&#038;p=13769"},"modified":"2025-11-13T13:19:01","modified_gmt":"2025-11-13T06:19:01","slug":"dong-ho-do-luu-luong-alia-avf7000-2","status":"publish","type":"product","link":"https:\/\/space-tech.vn\/en\/san-pham\/dong-ho-do-luu-luong-alia-avf7000-2\/","title":{"rendered":"ALIA &#8211; \u0110\u1ed3ng h\u1ed3 \u0111o l\u01b0u l\u01b0\u1ee3ng h\u01a1i Vortex AVF7000"},"content":{"rendered":"\n\n<div class=\"kk-star-ratings kksr-auto kksr-align-left kksr-valign-top\"\n    data-payload='{&quot;align&quot;:&quot;left&quot;,&quot;id&quot;:&quot;13769&quot;,&quot;slug&quot;:&quot;default&quot;,&quot;valign&quot;:&quot;top&quot;,&quot;ignore&quot;:&quot;&quot;,&quot;reference&quot;:&quot;auto&quot;,&quot;class&quot;:&quot;&quot;,&quot;count&quot;:&quot;0&quot;,&quot;legendonly&quot;:&quot;&quot;,&quot;readonly&quot;:&quot;&quot;,&quot;score&quot;:&quot;0&quot;,&quot;starsonly&quot;:&quot;&quot;,&quot;best&quot;:&quot;5&quot;,&quot;gap&quot;:&quot;5&quot;,&quot;greet&quot;:&quot;\u0110\u00e1nh gi\u00e1 product&quot;,&quot;legend&quot;:&quot;0\\\/5 - (0 votes)&quot;,&quot;size&quot;:&quot;24&quot;,&quot;title&quot;:&quot;ALIA - \u0110\u1ed3ng h\u1ed3 \u0111o l\u01b0u l\u01b0\u1ee3ng h\u01a1i Vortex AVF7000&quot;,&quot;width&quot;:&quot;0&quot;,&quot;_legend&quot;:&quot;{score}\\\/{best} - ({count} {votes})&quot;,&quot;font_factor&quot;:&quot;1.25&quot;}'>\n            \n<div class=\"kksr-stars\">\n    \n<div class=\"kksr-stars-inactive\">\n            <div class=\"kksr-star\" data-star=\"1\" style=\"padding-right: 5px\">\n            \n\n<div class=\"kksr-icon\" style=\"width: 24px; height: 24px;\"><\/div>\n        <\/div>\n            <div class=\"kksr-star\" data-star=\"2\" style=\"padding-right: 5px\">\n            \n\n<div class=\"kksr-icon\" style=\"width: 24px; height: 24px;\"><\/div>\n        <\/div>\n            <div class=\"kksr-star\" data-star=\"3\" style=\"padding-right: 5px\">\n            \n\n<div class=\"kksr-icon\" style=\"width: 24px; height: 24px;\"><\/div>\n        <\/div>\n            <div class=\"kksr-star\" data-star=\"4\" style=\"padding-right: 5px\">\n            \n\n<div class=\"kksr-icon\" style=\"width: 24px; height: 24px;\"><\/div>\n        <\/div>\n            <div class=\"kksr-star\" data-star=\"5\" style=\"padding-right: 5px\">\n            \n\n<div class=\"kksr-icon\" style=\"width: 24px; height: 24px;\"><\/div>\n        <\/div>\n    <\/div>\n    \n<div class=\"kksr-stars-active\" style=\"width: 0px;\">\n            <div class=\"kksr-star\" style=\"padding-right: 5px\">\n            \n\n<div class=\"kksr-icon\" style=\"width: 24px; height: 24px;\"><\/div>\n        <\/div>\n            <div class=\"kksr-star\" style=\"padding-right: 5px\">\n            \n\n<div class=\"kksr-icon\" style=\"width: 24px; height: 24px;\"><\/div>\n        <\/div>\n            <div class=\"kksr-star\" style=\"padding-right: 5px\">\n            \n\n<div class=\"kksr-icon\" style=\"width: 24px; height: 24px;\"><\/div>\n        <\/div>\n            <div class=\"kksr-star\" style=\"padding-right: 5px\">\n            \n\n<div class=\"kksr-icon\" style=\"width: 24px; height: 24px;\"><\/div>\n        <\/div>\n            <div class=\"kksr-star\" style=\"padding-right: 5px\">\n            \n\n<div class=\"kksr-icon\" style=\"width: 24px; height: 24px;\"><\/div>\n        <\/div>\n    <\/div>\n<\/div>\n                \n\n<div class=\"kksr-legend\" style=\"font-size: 19.2px;\">\n            <span class=\"kksr-muted\">\u0110\u00e1nh gi\u00e1 product<\/span>\n    <\/div>\n    <\/div>\n<div class=\"x14z9mp xat24cr x1lziwak x1vvkbs xtlvy1s x126k92a\">\n<div dir=\"auto\">\n<p>Trong c\u00e1c h\u1ec7 th\u1ed1ng h\u01a1i, kh\u00ed v\u00e0 ch\u1ea5t l\u1ecfng, vi\u1ec7c \u0111o l\u01b0u l\u01b0\u1ee3ng lu\u00f4n l\u00e0 y\u1ebfu t\u1ed1 quan tr\u1ecdng \u0111\u1ec3 \u0111\u1ea3m b\u1ea3o s\u1ea3n xu\u1ea5t an to\u00e0n, \u1ed5n \u0111\u1ecbnh v\u00e0 t\u1ed1i \u01b0u chi ph\u00ed.<\/p>\n<\/div>\n<\/div>\n<div class=\"x14z9mp xat24cr x1lziwak x1vvkbs xtlvy1s x126k92a\">\n<div dir=\"auto\">\u01afu \u0111i\u1ec3m AVF7000 Series \u2013 Vortex Flowmeter<\/div>\n<div dir=\"auto\"><span class=\"html-span xexx8yu xyri2b x18d9i69 x1c1uobl x1hl2dhg x16tdsg8 x1vvkbs x3nfvp2 x1j61x8r x1fcty0u xdj266r xat24cr xm2jcoa x1mpyi22 xxymvpz xlup9mm x1kky2od\"><img decoding=\"async\" class=\"xz74otr x15mokao x1ga7v0g x16uus16 xbiv7yw\" src=\"https:\/\/static.xx.fbcdn.net\/images\/emoji.php\/v9\/t51\/1\/16\/2714.png\" alt=\"\u2714\" width=\"16\" height=\"16\" title=\"\"><\/span> Kh\u00f4ng c\u00f3 b\u1ed9 ph\u1eadn chuy\u1ec3n \u0111\u1ed9ng \u2192 \u0110\u1ed9 b\u1ec1n cao, gi\u1ea3m chi ph\u00ed b\u1ea3o tr\u00ec.<\/div>\n<div dir=\"auto\"><span class=\"html-span xexx8yu xyri2b x18d9i69 x1c1uobl x1hl2dhg x16tdsg8 x1vvkbs x3nfvp2 x1j61x8r x1fcty0u xdj266r xat24cr xm2jcoa x1mpyi22 xxymvpz xlup9mm x1kky2od\"><img decoding=\"async\" class=\"xz74otr x15mokao x1ga7v0g x16uus16 xbiv7yw\" src=\"https:\/\/static.xx.fbcdn.net\/images\/emoji.php\/v9\/t51\/1\/16\/2714.png\" alt=\"\u2714\" width=\"16\" height=\"16\" title=\"\"><\/span> K\u1ebft n\u1ed1i linh ho\u1ea1t: m\u1eb7t b\u00edch ho\u1eb7c wafer.<\/div>\n<div dir=\"auto\"><span class=\"html-span xexx8yu xyri2b x18d9i69 x1c1uobl x1hl2dhg x16tdsg8 x1vvkbs x3nfvp2 x1j61x8r x1fcty0u xdj266r xat24cr xm2jcoa x1mpyi22 xxymvpz xlup9mm x1kky2od\"><img decoding=\"async\" class=\"xz74otr x15mokao x1ga7v0g x16uus16 xbiv7yw\" src=\"https:\/\/static.xx.fbcdn.net\/images\/emoji.php\/v9\/t51\/1\/16\/2714.png\" alt=\"\u2714\" width=\"16\" height=\"16\" title=\"\"><\/span> Hi\u1ec3n th\u1ecb tr\u1ef1c ti\u1ebfp l\u01b0u l\u01b0\u1ee3ng t\u1ee9c th\u1eddi &amp; t\u1ed5ng l\u01b0u l\u01b0\u1ee3ng.<\/div>\n<div dir=\"auto\"><span class=\"html-span xexx8yu xyri2b x18d9i69 x1c1uobl x1hl2dhg x16tdsg8 x1vvkbs x3nfvp2 x1j61x8r x1fcty0u xdj266r xat24cr xm2jcoa x1mpyi22 xxymvpz xlup9mm x1kky2od\"><img decoding=\"async\" class=\"xz74otr x15mokao x1ga7v0g x16uus16 xbiv7yw\" src=\"https:\/\/static.xx.fbcdn.net\/images\/emoji.php\/v9\/t51\/1\/16\/2714.png\" alt=\"\u2714\" width=\"16\" height=\"16\" title=\"\"><\/span> H\u1ed7 tr\u1ee3 t\u00edn hi\u1ec7u 4-20mA, HART v\u00e0 ng\u00f5 ra xung.<\/div>\n<div dir=\"auto\"><span class=\"html-span xexx8yu xyri2b x18d9i69 x1c1uobl x1hl2dhg x16tdsg8 x1vvkbs x3nfvp2 x1j61x8r x1fcty0u xdj266r xat24cr xm2jcoa x1mpyi22 xxymvpz xlup9mm x1kky2od\"><img decoding=\"async\" class=\"xz74otr x15mokao x1ga7v0g x16uus16 xbiv7yw\" src=\"https:\/\/static.xx.fbcdn.net\/images\/emoji.php\/v9\/t51\/1\/16\/2714.png\" alt=\"\u2714\" width=\"16\" height=\"16\" title=\"\"><\/span> B\u1ed9 vi x\u1eed l\u00fd th\u00f4ng minh lo\u1ea1i b\u1ecf nhi\u1ec5u, h\u1ea1n ch\u1ebf sai s\u1ed1 t\u1eeb rung \u0111\u1ed9ng \u0111\u01b0\u1eddng \u1ed1ng.<\/div>\n<\/div>\n<div class=\"x14z9mp xat24cr x1lziwak x1vvkbs xtlvy1s x126k92a\">\n<div dir=\"auto\">V\u1edbi thi\u1ebft k\u1ebf hi\u1ec7n \u0111\u1ea1i, AVF7000 mang l\u1ea1i \u0111\u1ed9 ch\u00ednh x\u00e1c cao \u2013 tu\u1ed5i th\u1ecd l\u00e2u d\u00e0i \u2013 v\u1eadn h\u00e0nh tin c\u1eady, ph\u00f9 h\u1ee3p cho nhi\u1ec1u ng\u00e0nh c\u00f4ng nghi\u1ec7p.<\/div>\n<\/div>\n","protected":false},"excerpt":{"rendered":"<p>\u2022 Model: AVF7000<br \/>\n\u2022 V\u1eadt li\u1ec7u: Th\u00e9p kh\u00f4ng g\u1ec9<br \/>\n\u2022 K\u00edch th\u01b0\u1edbc: DN15 \u2013 DN500<br \/>\n\u2022 K\u1ebft n\u1ed1i: B\u00edch<br \/>\n\u2022 \u00c1p su\u1ea5t: 40bar<br \/>\n\u2022 \u0110\u1ed9 ch\u00ednh x\u00e1c: +\/- 0,7% (+\/- 1,0%)<br \/>\n\u2022 C\u1ea5p b\u1ea3o v\u1ec7: IP67<br \/>\n\u2022 Nhi\u1ec7t \u0111\u1ed9 t\u1ed1i \u0111a: -40 ~ 280\u00b0C<br \/>\n\u2022 Xu\u1ea5t x\u1ee9: ALIA \u2013 USA (Sx t\u1ea1i China)<\/p>\n","protected":false},"featured_media":18702,"template":"","meta":[],"product_brand":[],"product_cat":[309,202,224,223],"product_tag":[],"class_list":{"0":"post-13769","1":"product","2":"type-product","3":"status-publish","4":"has-post-thumbnail","6":"product_cat-alia","7":"product_cat-dong-ho-do-luu-luong","8":"product_cat-dong-ho-do-luu-luong-dien-tu","9":"product_cat-dong-ho-do-luu-luong-hoi-vortex","11":"first","12":"instock","13":"shipping-taxable","14":"product-type-simple"},"acf":[],"_links":{"self":[{"href":"https:\/\/space-tech.vn\/en\/wp-json\/wp\/v2\/product\/13769","targetHints":{"allow":["GET"]}}],"collection":[{"href":"https:\/\/space-tech.vn\/en\/wp-json\/wp\/v2\/product"}],"about":[{"href":"https:\/\/space-tech.vn\/en\/wp-json\/wp\/v2\/types\/product"}],"version-history":[{"count":10,"href":"https:\/\/space-tech.vn\/en\/wp-json\/wp\/v2\/product\/13769\/revisions"}],"predecessor-version":[{"id":19893,"href":"https:\/\/space-tech.vn\/en\/wp-json\/wp\/v2\/product\/13769\/revisions\/19893"}],"wp:featuredmedia":[{"embeddable":true,"href":"https:\/\/space-tech.vn\/en\/wp-json\/wp\/v2\/media\/18702"}],"wp:attachment":[{"href":"https:\/\/space-tech.vn\/en\/wp-json\/wp\/v2\/media?parent=13769"}],"wp:term":[{"taxonomy":"product_brand","embeddable":true,"href":"https:\/\/space-tech.vn\/en\/wp-json\/wp\/v2\/product_brand?post=13769"},{"taxonomy":"product_cat","embeddable":true,"href":"https:\/\/space-tech.vn\/en\/wp-json\/wp\/v2\/product_cat?post=13769"},{"taxonomy":"product_tag","embeddable":true,"href":"https:\/\/space-tech.vn\/en\/wp-json\/wp\/v2\/product_tag?post=13769"}],"curies":[{"name":"wp","href":"https:\/\/api.w.org\/{rel}","templated":true}]}}