{"id":13558,"date":"2025-02-12T17:25:24","date_gmt":"2025-02-12T10:25:24","guid":{"rendered":"https:\/\/space-tech.vn\/?post_type=product&#038;p=13558"},"modified":"2025-10-23T17:12:35","modified_gmt":"2025-10-23T10:12:35","slug":"kinh-quan-sat-muc-nuoc-lo-hoi-vyc-666","status":"publish","type":"product","link":"https:\/\/space-tech.vn\/en\/san-pham\/kinh-quan-sat-muc-nuoc-lo-hoi-vyc-666\/","title":{"rendered":"VYC &#8211; K\u00ednh quan s\u00e1t m\u1ef1c n\u01b0\u1edbc l\u00f2 h\u01a1i 666"},"content":{"rendered":"\n\n<div class=\"kk-star-ratings kksr-auto kksr-align-left kksr-valign-top\"\n    data-payload='{&quot;align&quot;:&quot;left&quot;,&quot;id&quot;:&quot;13558&quot;,&quot;slug&quot;:&quot;default&quot;,&quot;valign&quot;:&quot;top&quot;,&quot;ignore&quot;:&quot;&quot;,&quot;reference&quot;:&quot;auto&quot;,&quot;class&quot;:&quot;&quot;,&quot;count&quot;:&quot;0&quot;,&quot;legendonly&quot;:&quot;&quot;,&quot;readonly&quot;:&quot;&quot;,&quot;score&quot;:&quot;0&quot;,&quot;starsonly&quot;:&quot;&quot;,&quot;best&quot;:&quot;5&quot;,&quot;gap&quot;:&quot;5&quot;,&quot;greet&quot;:&quot;\u0110\u00e1nh gi\u00e1 product&quot;,&quot;legend&quot;:&quot;0\\\/5 - (0 votes)&quot;,&quot;size&quot;:&quot;24&quot;,&quot;title&quot;:&quot;VYC - K\u00ednh quan s\u00e1t m\u1ef1c n\u01b0\u1edbc l\u00f2 h\u01a1i 666&quot;,&quot;width&quot;:&quot;0&quot;,&quot;_legend&quot;:&quot;{score}\\\/{best} - ({count} {votes})&quot;,&quot;font_factor&quot;:&quot;1.25&quot;}'>\n            \n<div class=\"kksr-stars\">\n    \n<div class=\"kksr-stars-inactive\">\n            <div class=\"kksr-star\" data-star=\"1\" style=\"padding-right: 5px\">\n            \n\n<div class=\"kksr-icon\" style=\"width: 24px; height: 24px;\"><\/div>\n        <\/div>\n            <div class=\"kksr-star\" data-star=\"2\" style=\"padding-right: 5px\">\n            \n\n<div class=\"kksr-icon\" style=\"width: 24px; height: 24px;\"><\/div>\n        <\/div>\n            <div class=\"kksr-star\" data-star=\"3\" style=\"padding-right: 5px\">\n            \n\n<div class=\"kksr-icon\" style=\"width: 24px; height: 24px;\"><\/div>\n        <\/div>\n            <div class=\"kksr-star\" data-star=\"4\" style=\"padding-right: 5px\">\n            \n\n<div class=\"kksr-icon\" style=\"width: 24px; height: 24px;\"><\/div>\n        <\/div>\n            <div class=\"kksr-star\" data-star=\"5\" style=\"padding-right: 5px\">\n            \n\n<div class=\"kksr-icon\" style=\"width: 24px; height: 24px;\"><\/div>\n        <\/div>\n    <\/div>\n    \n<div class=\"kksr-stars-active\" style=\"width: 0px;\">\n            <div class=\"kksr-star\" style=\"padding-right: 5px\">\n            \n\n<div class=\"kksr-icon\" style=\"width: 24px; height: 24px;\"><\/div>\n        <\/div>\n            <div class=\"kksr-star\" style=\"padding-right: 5px\">\n            \n\n<div class=\"kksr-icon\" style=\"width: 24px; height: 24px;\"><\/div>\n        <\/div>\n            <div class=\"kksr-star\" style=\"padding-right: 5px\">\n            \n\n<div class=\"kksr-icon\" style=\"width: 24px; height: 24px;\"><\/div>\n        <\/div>\n            <div class=\"kksr-star\" style=\"padding-right: 5px\">\n            \n\n<div class=\"kksr-icon\" style=\"width: 24px; height: 24px;\"><\/div>\n        <\/div>\n            <div class=\"kksr-star\" style=\"padding-right: 5px\">\n            \n\n<div class=\"kksr-icon\" style=\"width: 24px; height: 24px;\"><\/div>\n        <\/div>\n    <\/div>\n<\/div>\n                \n\n<div class=\"kksr-legend\" style=\"font-size: 19.2px;\">\n            <span class=\"kksr-muted\">\u0110\u00e1nh gi\u00e1 product<\/span>\n    <\/div>\n    <\/div>\n<p>\u0110\u01b0\u1ee3c s\u1eed d\u1ee5ng trong <strong data-start=\"188\" data-end=\"238\">n\u1ed3i h\u01a1i, b\u00ecnh ch\u1ee9a, b\u1ec3, b\u1ed3n ch\u1ee9a, b\u1ed3n ch\u1ee9a k\u00edn<\/strong>,\u2026 \u0111\u1ec3 <strong data-start=\"244\" data-end=\"288\">ki\u1ec3m so\u00e1t m\u1ee9c ch\u1ea5t l\u1ecfng, kh\u00ed v\u00e0 h\u01a1i n\u01b0\u1edbc<\/strong>.<br data-start=\"289\" data-end=\"292\" \/>Thi\u1ebft b\u1ecb \u0111\u01b0\u1ee3c trang b\u1ecb <strong data-start=\"315\" data-end=\"368\">k\u00ednh quan s\u00e1t \u0111a l\u0103ng k\u00ednh (polyprismatic viewer)<\/strong> cho ph\u00e9p <strong data-start=\"378\" data-end=\"421\">quan s\u00e1t m\u1ee9c ch\u1ea5t l\u1ecfng m\u1ed9t c\u00e1ch r\u00f5 r\u00e0ng.<\/strong><\/p>\n","protected":false},"excerpt":{"rendered":"<ul>\n<li>Model: 666<\/li>\n<li>K\u1ebft n\u1ed1i: B\u00edch<\/li>\n<li>K\u00edch th\u01b0\u1edbc: DN20 &#8211; DN25<\/li>\n<li>V\u1eadt li\u1ec7u: Th\u00e9p carbon\/ Th\u00e9p kh\u00f4ng g\u1ec9<\/li>\n<li>Seat: Metal<\/li>\n<li>Xu\u1ea5t x\u1ee9: VYC \u2013 T\u00e2y Ban Nha<\/li>\n<\/ul>\n","protected":false},"featured_media":19559,"template":"","meta":[],"product_brand":[],"product_cat":[249,217],"product_tag":[],"class_list":{"0":"post-13558","1":"product","2":"type-product","3":"status-publish","4":"has-post-thumbnail","6":"product_cat-vyc","7":"product_cat-kinh-thuy-tu","9":"first","10":"instock","11":"shipping-taxable","12":"product-type-simple"},"acf":[],"_links":{"self":[{"href":"https:\/\/space-tech.vn\/en\/wp-json\/wp\/v2\/product\/13558","targetHints":{"allow":["GET"]}}],"collection":[{"href":"https:\/\/space-tech.vn\/en\/wp-json\/wp\/v2\/product"}],"about":[{"href":"https:\/\/space-tech.vn\/en\/wp-json\/wp\/v2\/types\/product"}],"version-history":[{"count":5,"href":"https:\/\/space-tech.vn\/en\/wp-json\/wp\/v2\/product\/13558\/revisions"}],"predecessor-version":[{"id":19563,"href":"https:\/\/space-tech.vn\/en\/wp-json\/wp\/v2\/product\/13558\/revisions\/19563"}],"wp:featuredmedia":[{"embeddable":true,"href":"https:\/\/space-tech.vn\/en\/wp-json\/wp\/v2\/media\/19559"}],"wp:attachment":[{"href":"https:\/\/space-tech.vn\/en\/wp-json\/wp\/v2\/media?parent=13558"}],"wp:term":[{"taxonomy":"product_brand","embeddable":true,"href":"https:\/\/space-tech.vn\/en\/wp-json\/wp\/v2\/product_brand?post=13558"},{"taxonomy":"product_cat","embeddable":true,"href":"https:\/\/space-tech.vn\/en\/wp-json\/wp\/v2\/product_cat?post=13558"},{"taxonomy":"product_tag","embeddable":true,"href":"https:\/\/space-tech.vn\/en\/wp-json\/wp\/v2\/product_tag?post=13558"}],"curies":[{"name":"wp","href":"https:\/\/api.w.org\/{rel}","templated":true}]}}