{"id":13403,"date":"2025-02-10T13:50:07","date_gmt":"2025-02-10T06:50:07","guid":{"rendered":"https:\/\/space-tech.vn\/?post_type=product&#038;p=13403"},"modified":"2026-03-31T13:44:23","modified_gmt":"2026-03-31T06:44:23","slug":"van-lay-mau-adca-hsv","status":"publish","type":"product","link":"https:\/\/space-tech.vn\/en\/san-pham\/van-lay-mau-adca-hsv\/","title":{"rendered":"Valsteam ADCAPure &#8211; Van l\u1ea5y m\u1eabu vi sinh HSV"},"content":{"rendered":"\n\n<div class=\"kk-star-ratings kksr-auto kksr-align-left kksr-valign-top\"\n    data-payload='{&quot;align&quot;:&quot;left&quot;,&quot;id&quot;:&quot;13403&quot;,&quot;slug&quot;:&quot;default&quot;,&quot;valign&quot;:&quot;top&quot;,&quot;ignore&quot;:&quot;&quot;,&quot;reference&quot;:&quot;auto&quot;,&quot;class&quot;:&quot;&quot;,&quot;count&quot;:&quot;0&quot;,&quot;legendonly&quot;:&quot;&quot;,&quot;readonly&quot;:&quot;&quot;,&quot;score&quot;:&quot;0&quot;,&quot;starsonly&quot;:&quot;&quot;,&quot;best&quot;:&quot;5&quot;,&quot;gap&quot;:&quot;5&quot;,&quot;greet&quot;:&quot;\u0110\u00e1nh gi\u00e1 product&quot;,&quot;legend&quot;:&quot;0\\\/5 - (0 votes)&quot;,&quot;size&quot;:&quot;24&quot;,&quot;title&quot;:&quot;Valsteam ADCAPure - Van l\u1ea5y m\u1eabu vi sinh HSV&quot;,&quot;width&quot;:&quot;0&quot;,&quot;_legend&quot;:&quot;{score}\\\/{best} - ({count} {votes})&quot;,&quot;font_factor&quot;:&quot;1.25&quot;}'>\n            \n<div class=\"kksr-stars\">\n    \n<div class=\"kksr-stars-inactive\">\n            <div class=\"kksr-star\" data-star=\"1\" style=\"padding-right: 5px\">\n            \n\n<div class=\"kksr-icon\" style=\"width: 24px; height: 24px;\"><\/div>\n        <\/div>\n            <div class=\"kksr-star\" data-star=\"2\" style=\"padding-right: 5px\">\n            \n\n<div class=\"kksr-icon\" style=\"width: 24px; height: 24px;\"><\/div>\n        <\/div>\n            <div class=\"kksr-star\" data-star=\"3\" style=\"padding-right: 5px\">\n            \n\n<div class=\"kksr-icon\" style=\"width: 24px; height: 24px;\"><\/div>\n        <\/div>\n            <div class=\"kksr-star\" data-star=\"4\" style=\"padding-right: 5px\">\n            \n\n<div class=\"kksr-icon\" style=\"width: 24px; height: 24px;\"><\/div>\n        <\/div>\n            <div class=\"kksr-star\" data-star=\"5\" style=\"padding-right: 5px\">\n            \n\n<div class=\"kksr-icon\" style=\"width: 24px; height: 24px;\"><\/div>\n        <\/div>\n    <\/div>\n    \n<div class=\"kksr-stars-active\" style=\"width: 0px;\">\n            <div class=\"kksr-star\" style=\"padding-right: 5px\">\n            \n\n<div class=\"kksr-icon\" style=\"width: 24px; height: 24px;\"><\/div>\n        <\/div>\n            <div class=\"kksr-star\" style=\"padding-right: 5px\">\n            \n\n<div class=\"kksr-icon\" style=\"width: 24px; height: 24px;\"><\/div>\n        <\/div>\n            <div class=\"kksr-star\" style=\"padding-right: 5px\">\n            \n\n<div class=\"kksr-icon\" style=\"width: 24px; height: 24px;\"><\/div>\n        <\/div>\n            <div class=\"kksr-star\" style=\"padding-right: 5px\">\n            \n\n<div class=\"kksr-icon\" style=\"width: 24px; height: 24px;\"><\/div>\n        <\/div>\n            <div class=\"kksr-star\" style=\"padding-right: 5px\">\n            \n\n<div class=\"kksr-icon\" style=\"width: 24px; height: 24px;\"><\/div>\n        <\/div>\n    <\/div>\n<\/div>\n                \n\n<div class=\"kksr-legend\" style=\"font-size: 19.2px;\">\n            <span class=\"kksr-muted\">\u0110\u00e1nh gi\u00e1 product<\/span>\n    <\/div>\n    <\/div>\n<p>Van l\u1ea5y m\u1eabu vi sinh <strong>ADCAPure HSV<\/strong> l\u00e0 d\u00f2ng van chuy\u00ean d\u1ee5ng cho c\u00e1c h\u1ec7 th\u1ed1ng h\u01a1i s\u1ea1ch, WFI (n\u01b0\u1edbc pha ti\u00eam), n\u01b0\u1edbc tinh khi\u1ebft v\u00e0 c\u00e1c h\u1ec7 th\u1ed1ng kh\u00e1c nh\u1eb1m ph\u1ee5c v\u1ee5 m\u1ee5c \u0111\u00edch l\u1ea5y m\u1eabu.<\/p>\n<p>Van \u0111\u01b0\u1ee3c \u1ee9ng d\u1ee5ng r\u1ed9ng r\u00e3i trong ng\u00e0nh d\u01b0\u1ee3c ph\u1ea9m, th\u1ef1c ph\u1ea9m, bia r\u01b0\u1ee3u n\u01b0\u1edbc gi\u1ea3i kh\u00e1t,&#8230; N\u01a1i y\u00eau c\u1ea7u van v\u1eadn h\u00e0nh b\u1eb1ng tay c\u00f3 thi\u1ebft k\u1ebf vi sinh v\u00e0 kh\u1ea3 n\u0103ng t\u1ef1 tho\u00e1t n\u01b0\u1edbc.<\/p>\n<p><strong>ADCAPure HSV<\/strong> l\u00e0 s\u1ea3n ph\u1ea9m ch\u1ea5t l\u01b0\u1ee3ng, \u0111\u1ea3m b\u1ea3o \u0111\u1ed9 tin c\u1eady v\u00e0 hi\u1ec7u su\u1ea5t v\u01b0\u1ee3t tr\u1ed9i.<\/p>\n","protected":false},"excerpt":{"rendered":"<ul>\n<li>Model: HSV<\/li>\n<li>K\u00edch th\u01b0\u1edbc: 1\/2&#8243; x 1\/2&#8243;; 1&#8243; x 1\/2&#8243;<\/li>\n<li>V\u1eadt li\u1ec7u: Th\u00e9p kh\u00f4ng g\u1ec9<\/li>\n<li>K\u1ebft n\u1ed1i: Clamp ASME BPE<\/li>\n<li>\u00c1p su\u1ea5t t\u1ed1i \u0111a: 10bar<\/li>\n<li>Nhi\u1ec7t \u0111\u1ed9 t\u1ed1i \u0111a: -10\u00b0C &#8211; 180\u00b0C<\/li>\n<li>Xu\u1ea5t x\u1ee9: ADCA \u2013 B\u1ed3 \u0110\u00e0o Nha<\/li>\n<\/ul>\n","protected":false},"featured_media":18715,"template":"","meta":[],"product_brand":[],"product_cat":[248],"product_tag":[],"class_list":{"0":"post-13403","1":"product","2":"type-product","3":"status-publish","4":"has-post-thumbnail","6":"product_cat-adca","8":"first","9":"instock","10":"shipping-taxable","11":"product-type-simple"},"acf":[],"_links":{"self":[{"href":"https:\/\/space-tech.vn\/en\/wp-json\/wp\/v2\/product\/13403","targetHints":{"allow":["GET"]}}],"collection":[{"href":"https:\/\/space-tech.vn\/en\/wp-json\/wp\/v2\/product"}],"about":[{"href":"https:\/\/space-tech.vn\/en\/wp-json\/wp\/v2\/types\/product"}],"version-history":[{"count":7,"href":"https:\/\/space-tech.vn\/en\/wp-json\/wp\/v2\/product\/13403\/revisions"}],"predecessor-version":[{"id":19290,"href":"https:\/\/space-tech.vn\/en\/wp-json\/wp\/v2\/product\/13403\/revisions\/19290"}],"wp:featuredmedia":[{"embeddable":true,"href":"https:\/\/space-tech.vn\/en\/wp-json\/wp\/v2\/media\/18715"}],"wp:attachment":[{"href":"https:\/\/space-tech.vn\/en\/wp-json\/wp\/v2\/media?parent=13403"}],"wp:term":[{"taxonomy":"product_brand","embeddable":true,"href":"https:\/\/space-tech.vn\/en\/wp-json\/wp\/v2\/product_brand?post=13403"},{"taxonomy":"product_cat","embeddable":true,"href":"https:\/\/space-tech.vn\/en\/wp-json\/wp\/v2\/product_cat?post=13403"},{"taxonomy":"product_tag","embeddable":true,"href":"https:\/\/space-tech.vn\/en\/wp-json\/wp\/v2\/product_tag?post=13403"}],"curies":[{"name":"wp","href":"https:\/\/api.w.org\/{rel}","templated":true}]}}