{"id":13361,"date":"2025-01-22T17:42:10","date_gmt":"2025-01-22T10:42:10","guid":{"rendered":"https:\/\/space-tech.vn\/?post_type=product&#038;p=13361"},"modified":"2026-03-24T13:09:16","modified_gmt":"2026-03-24T06:09:16","slug":"dong-ho-do-luu-luong-alia-au761","status":"publish","type":"product","link":"https:\/\/space-tech.vn\/en\/san-pham\/dong-ho-do-luu-luong-alia-au761\/","title":{"rendered":"ALIA &#8211; \u0110\u1ed3ng h\u1ed3 \u0111o l\u01b0u l\u01b0\u1ee3ng si\u00eau \u00e2m AU761"},"content":{"rendered":"\n\n<div class=\"kk-star-ratings kksr-auto kksr-align-left kksr-valign-top\"\n    data-payload='{&quot;align&quot;:&quot;left&quot;,&quot;id&quot;:&quot;13361&quot;,&quot;slug&quot;:&quot;default&quot;,&quot;valign&quot;:&quot;top&quot;,&quot;ignore&quot;:&quot;&quot;,&quot;reference&quot;:&quot;auto&quot;,&quot;class&quot;:&quot;&quot;,&quot;count&quot;:&quot;0&quot;,&quot;legendonly&quot;:&quot;&quot;,&quot;readonly&quot;:&quot;&quot;,&quot;score&quot;:&quot;0&quot;,&quot;starsonly&quot;:&quot;&quot;,&quot;best&quot;:&quot;5&quot;,&quot;gap&quot;:&quot;5&quot;,&quot;greet&quot;:&quot;\u0110\u00e1nh gi\u00e1 product&quot;,&quot;legend&quot;:&quot;0\\\/5 - (0 votes)&quot;,&quot;size&quot;:&quot;24&quot;,&quot;title&quot;:&quot;ALIA - \u0110\u1ed3ng h\u1ed3 \u0111o l\u01b0u l\u01b0\u1ee3ng si\u00eau \u00e2m AU761&quot;,&quot;width&quot;:&quot;0&quot;,&quot;_legend&quot;:&quot;{score}\\\/{best} - ({count} {votes})&quot;,&quot;font_factor&quot;:&quot;1.25&quot;}'>\n            \n<div class=\"kksr-stars\">\n    \n<div class=\"kksr-stars-inactive\">\n            <div class=\"kksr-star\" data-star=\"1\" style=\"padding-right: 5px\">\n            \n\n<div class=\"kksr-icon\" style=\"width: 24px; height: 24px;\"><\/div>\n        <\/div>\n            <div class=\"kksr-star\" data-star=\"2\" style=\"padding-right: 5px\">\n            \n\n<div class=\"kksr-icon\" style=\"width: 24px; height: 24px;\"><\/div>\n        <\/div>\n            <div class=\"kksr-star\" data-star=\"3\" style=\"padding-right: 5px\">\n            \n\n<div class=\"kksr-icon\" style=\"width: 24px; height: 24px;\"><\/div>\n        <\/div>\n            <div class=\"kksr-star\" data-star=\"4\" style=\"padding-right: 5px\">\n            \n\n<div class=\"kksr-icon\" style=\"width: 24px; height: 24px;\"><\/div>\n        <\/div>\n            <div class=\"kksr-star\" data-star=\"5\" style=\"padding-right: 5px\">\n            \n\n<div class=\"kksr-icon\" style=\"width: 24px; height: 24px;\"><\/div>\n        <\/div>\n    <\/div>\n    \n<div class=\"kksr-stars-active\" style=\"width: 0px;\">\n            <div class=\"kksr-star\" style=\"padding-right: 5px\">\n            \n\n<div class=\"kksr-icon\" style=\"width: 24px; height: 24px;\"><\/div>\n        <\/div>\n            <div class=\"kksr-star\" style=\"padding-right: 5px\">\n            \n\n<div class=\"kksr-icon\" style=\"width: 24px; height: 24px;\"><\/div>\n        <\/div>\n            <div class=\"kksr-star\" style=\"padding-right: 5px\">\n            \n\n<div class=\"kksr-icon\" style=\"width: 24px; height: 24px;\"><\/div>\n        <\/div>\n            <div class=\"kksr-star\" style=\"padding-right: 5px\">\n            \n\n<div class=\"kksr-icon\" style=\"width: 24px; height: 24px;\"><\/div>\n        <\/div>\n            <div class=\"kksr-star\" style=\"padding-right: 5px\">\n            \n\n<div class=\"kksr-icon\" style=\"width: 24px; height: 24px;\"><\/div>\n        <\/div>\n    <\/div>\n<\/div>\n                \n\n<div class=\"kksr-legend\" style=\"font-size: 19.2px;\">\n            <span class=\"kksr-muted\">\u0110\u00e1nh gi\u00e1 product<\/span>\n    <\/div>\n    <\/div>\n","protected":false},"excerpt":{"rendered":"<p>\u2022 Model: AU761<br \/>\n\u2022 V\u1eadt li\u1ec7u: Th\u00e9p kh\u00f4ng g\u1ec9<br \/>\n\u2022 K\u00edch th\u01b0\u1edbc: DN20 \u2013 DN1000<br \/>\n\u2022 K\u1ebft n\u1ed1i: B\u00edch<br \/>\n\u2022 \u00c1p su\u1ea5t: 100kg\/cm2<br \/>\n\u2022 \u0110\u1ed9 ch\u00ednh x\u00e1c: +\/- 1% (+\/- 0,2%)<br \/>\n\u2022 Ph\u1ea1m vi \u0111o: 0.25 &#8211; 12m\/s<br \/>\n\u2022 C\u1ea5p b\u1ea3o v\u1ec7: IP67<br \/>\n\u2022 Nhi\u1ec7t \u0111\u1ed9 t\u1ed1i \u0111a: -40 ~ 160\u00b0C<br \/>\n\u2022 Xu\u1ea5t x\u1ee9: ALIA &#8211; USA (Sx t\u1ea1i China)<\/p>\n","protected":false},"featured_media":19758,"template":"","meta":[],"product_brand":[],"product_cat":[309,202],"product_tag":[],"class_list":{"0":"post-13361","1":"product","2":"type-product","3":"status-publish","4":"has-post-thumbnail","6":"product_cat-alia","7":"product_cat-dong-ho-do-luu-luong","9":"first","10":"instock","11":"shipping-taxable","12":"product-type-simple"},"acf":[],"_links":{"self":[{"href":"https:\/\/space-tech.vn\/en\/wp-json\/wp\/v2\/product\/13361","targetHints":{"allow":["GET"]}}],"collection":[{"href":"https:\/\/space-tech.vn\/en\/wp-json\/wp\/v2\/product"}],"about":[{"href":"https:\/\/space-tech.vn\/en\/wp-json\/wp\/v2\/types\/product"}],"version-history":[{"count":5,"href":"https:\/\/space-tech.vn\/en\/wp-json\/wp\/v2\/product\/13361\/revisions"}],"predecessor-version":[{"id":19888,"href":"https:\/\/space-tech.vn\/en\/wp-json\/wp\/v2\/product\/13361\/revisions\/19888"}],"wp:featuredmedia":[{"embeddable":true,"href":"https:\/\/space-tech.vn\/en\/wp-json\/wp\/v2\/media\/19758"}],"wp:attachment":[{"href":"https:\/\/space-tech.vn\/en\/wp-json\/wp\/v2\/media?parent=13361"}],"wp:term":[{"taxonomy":"product_brand","embeddable":true,"href":"https:\/\/space-tech.vn\/en\/wp-json\/wp\/v2\/product_brand?post=13361"},{"taxonomy":"product_cat","embeddable":true,"href":"https:\/\/space-tech.vn\/en\/wp-json\/wp\/v2\/product_cat?post=13361"},{"taxonomy":"product_tag","embeddable":true,"href":"https:\/\/space-tech.vn\/en\/wp-json\/wp\/v2\/product_tag?post=13361"}],"curies":[{"name":"wp","href":"https:\/\/api.w.org\/{rel}","templated":true}]}}