{"id":12895,"date":"2025-01-08T11:57:14","date_gmt":"2025-01-08T04:57:14","guid":{"rendered":"https:\/\/space-tech.vn\/?post_type=product&#038;p=12895"},"modified":"2026-03-31T13:15:35","modified_gmt":"2026-03-31T06:15:35","slug":"tram-thu-hoi-hoi-gian-ap-hoi-flash-adcattherm-freco","status":"publish","type":"product","link":"https:\/\/space-tech.vn\/en\/san-pham\/tram-thu-hoi-hoi-gian-ap-hoi-flash-adcattherm-freco\/","title":{"rendered":"Valsteam ADCATherm &#8211; Tr\u1ea1m thu h\u1ed3i h\u01a1i gi\u00e3n \u00e1p (h\u01a1i Flash) FRECO"},"content":{"rendered":"\n\n<div class=\"kk-star-ratings kksr-auto kksr-align-left kksr-valign-top\"\n    data-payload='{&quot;align&quot;:&quot;left&quot;,&quot;id&quot;:&quot;12895&quot;,&quot;slug&quot;:&quot;default&quot;,&quot;valign&quot;:&quot;top&quot;,&quot;ignore&quot;:&quot;&quot;,&quot;reference&quot;:&quot;auto&quot;,&quot;class&quot;:&quot;&quot;,&quot;count&quot;:&quot;0&quot;,&quot;legendonly&quot;:&quot;&quot;,&quot;readonly&quot;:&quot;&quot;,&quot;score&quot;:&quot;0&quot;,&quot;starsonly&quot;:&quot;&quot;,&quot;best&quot;:&quot;5&quot;,&quot;gap&quot;:&quot;5&quot;,&quot;greet&quot;:&quot;\u0110\u00e1nh gi\u00e1 product&quot;,&quot;legend&quot;:&quot;0\\\/5 - (0 votes)&quot;,&quot;size&quot;:&quot;24&quot;,&quot;title&quot;:&quot;Valsteam ADCATherm - Tr\u1ea1m thu h\u1ed3i h\u01a1i gi\u00e3n \u00e1p (h\u01a1i Flash) FRECO&quot;,&quot;width&quot;:&quot;0&quot;,&quot;_legend&quot;:&quot;{score}\\\/{best} - ({count} {votes})&quot;,&quot;font_factor&quot;:&quot;1.25&quot;}'>\n            \n<div class=\"kksr-stars\">\n    \n<div class=\"kksr-stars-inactive\">\n            <div class=\"kksr-star\" data-star=\"1\" style=\"padding-right: 5px\">\n            \n\n<div class=\"kksr-icon\" style=\"width: 24px; height: 24px;\"><\/div>\n        <\/div>\n            <div class=\"kksr-star\" data-star=\"2\" style=\"padding-right: 5px\">\n            \n\n<div class=\"kksr-icon\" style=\"width: 24px; height: 24px;\"><\/div>\n        <\/div>\n            <div class=\"kksr-star\" data-star=\"3\" style=\"padding-right: 5px\">\n            \n\n<div class=\"kksr-icon\" style=\"width: 24px; height: 24px;\"><\/div>\n        <\/div>\n            <div class=\"kksr-star\" data-star=\"4\" style=\"padding-right: 5px\">\n            \n\n<div class=\"kksr-icon\" style=\"width: 24px; height: 24px;\"><\/div>\n        <\/div>\n            <div class=\"kksr-star\" data-star=\"5\" style=\"padding-right: 5px\">\n            \n\n<div class=\"kksr-icon\" style=\"width: 24px; height: 24px;\"><\/div>\n        <\/div>\n    <\/div>\n    \n<div class=\"kksr-stars-active\" style=\"width: 0px;\">\n            <div class=\"kksr-star\" style=\"padding-right: 5px\">\n            \n\n<div class=\"kksr-icon\" style=\"width: 24px; height: 24px;\"><\/div>\n        <\/div>\n            <div class=\"kksr-star\" style=\"padding-right: 5px\">\n            \n\n<div class=\"kksr-icon\" style=\"width: 24px; height: 24px;\"><\/div>\n        <\/div>\n            <div class=\"kksr-star\" style=\"padding-right: 5px\">\n            \n\n<div class=\"kksr-icon\" style=\"width: 24px; height: 24px;\"><\/div>\n        <\/div>\n            <div class=\"kksr-star\" style=\"padding-right: 5px\">\n            \n\n<div class=\"kksr-icon\" style=\"width: 24px; height: 24px;\"><\/div>\n        <\/div>\n            <div class=\"kksr-star\" style=\"padding-right: 5px\">\n            \n\n<div class=\"kksr-icon\" style=\"width: 24px; height: 24px;\"><\/div>\n        <\/div>\n    <\/div>\n<\/div>\n                \n\n<div class=\"kksr-legend\" style=\"font-size: 19.2px;\">\n            <span class=\"kksr-muted\">\u0110\u00e1nh gi\u00e1 product<\/span>\n    <\/div>\n    <\/div>\n<p>Tr\u1ea1m thu h\u1ed3i h\u01a1i gi\u00e3n \u00e1p (h\u01a1i Flash) ADCATherm FRECO l\u00e0 m\u1ed9t h\u1ec7 th\u1ed1ng t\u00edch h\u1ee3p s\u1eb5n tr\u00ean b\u1ec7 tr\u01b0\u1ee3t, \u0111\u01b0\u1ee3c thi\u1ebft k\u1ebf \u0111\u1ec3 t\u1eadn d\u1ee5ng nhi\u1ec7t l\u01b0\u1ee3ng t\u1eeb h\u01a1i Flash, n\u01b0\u1edbc ng\u01b0ng ho\u1eb7c c\u1ea3 hai. FRECO \u0111\u1eb7c bi\u1ec7t ph\u00f9 h\u1ee3p \u0111\u1ec3 gia nhi\u1ec7t cho c\u00e1c d\u00f2ng ch\u1ea5t l\u1ecfng ch\u1ea3y li\u00ean t\u1ee5c, nh\u01b0 n\u01b0\u1edbc b\u1ed5 sung v\u00e0o h\u1ec7 th\u1ed1ng c\u1ea5p n\u01b0\u1edbc l\u00f2 h\u01a1i. \u0110\u1ed1i v\u1edbi c\u00e1c \u1ee9ng d\u1ee5ng c\u00f3 d\u00f2ng ch\u1ea3y kh\u00f4ng li\u00ean t\u1ee5c, c\u00f3 th\u1ec3 c\u1ea7n b\u1ed5 sung h\u1ec7 th\u1ed1ng tu\u1ea7n ho\u00e0n, van x\u1ea3 ho\u1eb7c thi\u1ebft b\u1ecb b\u1ea3o v\u1ec7 kh\u00e1c \u0111\u1ec3 ng\u0103n ng\u1eeba h\u01b0 h\u1ecfng do hi\u1ec7n t\u01b0\u1ee3ng qu\u00e1 nhi\u1ec7t ho\u1eb7c \u00e1p su\u1ea5t v\u01b0\u1ee3t m\u1ee9c.<\/p>\n","protected":false},"excerpt":{"rendered":"<ul>\n<li>Model: ADCATherm FRECO<\/li>\n<li>Xu\u1ea5t x\u1ee9: ADCA \u2013 B\u1ed3 \u0110\u00e0o Nha<\/li>\n<\/ul>\n","protected":false},"featured_media":17547,"template":"","meta":[],"product_brand":[],"product_cat":[248],"product_tag":[],"class_list":{"0":"post-12895","1":"product","2":"type-product","3":"status-publish","4":"has-post-thumbnail","6":"product_cat-adca","8":"first","9":"instock","10":"shipping-taxable","11":"product-type-simple"},"acf":[],"_links":{"self":[{"href":"https:\/\/space-tech.vn\/en\/wp-json\/wp\/v2\/product\/12895","targetHints":{"allow":["GET"]}}],"collection":[{"href":"https:\/\/space-tech.vn\/en\/wp-json\/wp\/v2\/product"}],"about":[{"href":"https:\/\/space-tech.vn\/en\/wp-json\/wp\/v2\/types\/product"}],"version-history":[{"count":5,"href":"https:\/\/space-tech.vn\/en\/wp-json\/wp\/v2\/product\/12895\/revisions"}],"predecessor-version":[{"id":19215,"href":"https:\/\/space-tech.vn\/en\/wp-json\/wp\/v2\/product\/12895\/revisions\/19215"}],"wp:featuredmedia":[{"embeddable":true,"href":"https:\/\/space-tech.vn\/en\/wp-json\/wp\/v2\/media\/17547"}],"wp:attachment":[{"href":"https:\/\/space-tech.vn\/en\/wp-json\/wp\/v2\/media?parent=12895"}],"wp:term":[{"taxonomy":"product_brand","embeddable":true,"href":"https:\/\/space-tech.vn\/en\/wp-json\/wp\/v2\/product_brand?post=12895"},{"taxonomy":"product_cat","embeddable":true,"href":"https:\/\/space-tech.vn\/en\/wp-json\/wp\/v2\/product_cat?post=12895"},{"taxonomy":"product_tag","embeddable":true,"href":"https:\/\/space-tech.vn\/en\/wp-json\/wp\/v2\/product_tag?post=12895"}],"curies":[{"name":"wp","href":"https:\/\/api.w.org\/{rel}","templated":true}]}}