{"id":12880,"date":"2025-01-08T11:43:29","date_gmt":"2025-01-08T04:43:29","guid":{"rendered":"https:\/\/space-tech.vn\/?post_type=product&#038;p=12880"},"modified":"2026-03-31T13:31:37","modified_gmt":"2026-03-31T06:31:37","slug":"he-thong-gia-nhiet-adcatherm-pwhu","status":"publish","type":"product","link":"https:\/\/space-tech.vn\/en\/san-pham\/he-thong-gia-nhiet-adcatherm-pwhu\/","title":{"rendered":"H\u1ec7 th\u1ed1ng gia nhi\u1ec7t ADCATherm PWHU"},"content":{"rendered":"\n\n<div class=\"kk-star-ratings kksr-auto kksr-align-left kksr-valign-top\"\n    data-payload='{&quot;align&quot;:&quot;left&quot;,&quot;id&quot;:&quot;12880&quot;,&quot;slug&quot;:&quot;default&quot;,&quot;valign&quot;:&quot;top&quot;,&quot;ignore&quot;:&quot;&quot;,&quot;reference&quot;:&quot;auto&quot;,&quot;class&quot;:&quot;&quot;,&quot;count&quot;:&quot;0&quot;,&quot;legendonly&quot;:&quot;&quot;,&quot;readonly&quot;:&quot;&quot;,&quot;score&quot;:&quot;0&quot;,&quot;starsonly&quot;:&quot;&quot;,&quot;best&quot;:&quot;5&quot;,&quot;gap&quot;:&quot;5&quot;,&quot;greet&quot;:&quot;\u0110\u00e1nh gi\u00e1 product&quot;,&quot;legend&quot;:&quot;0\\\/5 - (0 votes)&quot;,&quot;size&quot;:&quot;24&quot;,&quot;title&quot;:&quot;H\u1ec7 th\u1ed1ng gia nhi\u1ec7t ADCATherm PWHU&quot;,&quot;width&quot;:&quot;0&quot;,&quot;_legend&quot;:&quot;{score}\\\/{best} - ({count} {votes})&quot;,&quot;font_factor&quot;:&quot;1.25&quot;}'>\n            \n<div class=\"kksr-stars\">\n    \n<div class=\"kksr-stars-inactive\">\n            <div class=\"kksr-star\" data-star=\"1\" style=\"padding-right: 5px\">\n            \n\n<div class=\"kksr-icon\" style=\"width: 24px; height: 24px;\"><\/div>\n        <\/div>\n            <div class=\"kksr-star\" data-star=\"2\" style=\"padding-right: 5px\">\n            \n\n<div class=\"kksr-icon\" style=\"width: 24px; height: 24px;\"><\/div>\n        <\/div>\n            <div class=\"kksr-star\" data-star=\"3\" style=\"padding-right: 5px\">\n            \n\n<div class=\"kksr-icon\" style=\"width: 24px; height: 24px;\"><\/div>\n        <\/div>\n            <div class=\"kksr-star\" data-star=\"4\" style=\"padding-right: 5px\">\n            \n\n<div class=\"kksr-icon\" style=\"width: 24px; height: 24px;\"><\/div>\n        <\/div>\n            <div class=\"kksr-star\" data-star=\"5\" style=\"padding-right: 5px\">\n            \n\n<div class=\"kksr-icon\" style=\"width: 24px; height: 24px;\"><\/div>\n        <\/div>\n    <\/div>\n    \n<div class=\"kksr-stars-active\" style=\"width: 0px;\">\n            <div class=\"kksr-star\" style=\"padding-right: 5px\">\n            \n\n<div class=\"kksr-icon\" style=\"width: 24px; height: 24px;\"><\/div>\n        <\/div>\n            <div class=\"kksr-star\" style=\"padding-right: 5px\">\n            \n\n<div class=\"kksr-icon\" style=\"width: 24px; height: 24px;\"><\/div>\n        <\/div>\n            <div class=\"kksr-star\" style=\"padding-right: 5px\">\n            \n\n<div class=\"kksr-icon\" style=\"width: 24px; height: 24px;\"><\/div>\n        <\/div>\n            <div class=\"kksr-star\" style=\"padding-right: 5px\">\n            \n\n<div class=\"kksr-icon\" style=\"width: 24px; height: 24px;\"><\/div>\n        <\/div>\n            <div class=\"kksr-star\" style=\"padding-right: 5px\">\n            \n\n<div class=\"kksr-icon\" style=\"width: 24px; height: 24px;\"><\/div>\n        <\/div>\n    <\/div>\n<\/div>\n                \n\n<div class=\"kksr-legend\" style=\"font-size: 19.2px;\">\n            <span class=\"kksr-muted\">\u0110\u00e1nh gi\u00e1 product<\/span>\n    <\/div>\n    <\/div>\n<p>H\u1ec7 th\u1ed1ng gia nhi\u1ec7t n\u01b0\u1edbc ADCATherm PWHU \u0111\u01b0\u1ee3c thi\u1ebft k\u1ebf \u0111\u1ec3 cung c\u1ea5p n\u01b0\u1edbc n\u00f3ng t\u1ee9c th\u00ec m\u1ed9t c\u00e1ch an to\u00e0n v\u00e0 hi\u1ec7u qu\u1ea3, s\u1eed d\u1ee5ng h\u01a1i n\u01b0\u1edbc l\u00e0m ngu\u1ed3n n\u0103ng l\u01b0\u1ee3ng ch\u00ednh. To\u00e0n b\u1ed9 h\u1ec7 th\u1ed1ng \u0111\u01b0\u1ee3c t\u1ed1i \u01b0u h\u00f3a \u0111\u1ec3 \u0111\u00e1p \u1ee9ng c\u00e1c y\u00eau c\u1ea7u c\u1ee5 th\u1ec3 v\u1ec1 \u1ee9ng d\u1ee5ng v\u00e0 kh\u00f4ng gian, \u0111\u01b0\u1ee3c t\u00edch h\u1ee3p trong m\u1ed9t khung skid nh\u1ecf g\u1ecdn. Thi\u1ebft k\u1ebf n\u00e0y cho ph\u00e9p h\u1ec7 th\u1ed1ng s\u1eb5n s\u00e0ng k\u1ebft n\u1ed1i tr\u1ef1c ti\u1ebfp v\u00e0o c\u00e1c thi\u1ebft b\u1ecb hi\u1ec7n c\u00f3, gi\u00fap gi\u1ea3m thi\u1ec3u th\u1eddi gian l\u1eafp \u0111\u1eb7t v\u00e0 h\u1ea1n ch\u1ebf t\u1ed1i \u0111a s\u1ef1 gi\u00e1n \u0111o\u1ea1n trong ho\u1ea1t \u0111\u1ed9ng s\u1ea3n xu\u1ea5t.<\/p>\n","protected":false},"excerpt":{"rendered":"<ul>\n<li>Model: PWHU<\/li>\n<li>Xu\u1ea5t x\u1ee9: ADCA \u2013 B\u1ed3 \u0110\u00e0o Nha<\/li>\n<\/ul>\n","protected":false},"featured_media":19256,"template":"","meta":[],"product_brand":[],"product_cat":[248],"product_tag":[],"class_list":{"0":"post-12880","1":"product","2":"type-product","3":"status-publish","4":"has-post-thumbnail","6":"product_cat-adca","8":"first","9":"instock","10":"shipping-taxable","11":"product-type-simple"},"acf":[],"_links":{"self":[{"href":"https:\/\/space-tech.vn\/en\/wp-json\/wp\/v2\/product\/12880","targetHints":{"allow":["GET"]}}],"collection":[{"href":"https:\/\/space-tech.vn\/en\/wp-json\/wp\/v2\/product"}],"about":[{"href":"https:\/\/space-tech.vn\/en\/wp-json\/wp\/v2\/types\/product"}],"version-history":[{"count":5,"href":"https:\/\/space-tech.vn\/en\/wp-json\/wp\/v2\/product\/12880\/revisions"}],"predecessor-version":[{"id":19228,"href":"https:\/\/space-tech.vn\/en\/wp-json\/wp\/v2\/product\/12880\/revisions\/19228"}],"wp:featuredmedia":[{"embeddable":true,"href":"https:\/\/space-tech.vn\/en\/wp-json\/wp\/v2\/media\/19256"}],"wp:attachment":[{"href":"https:\/\/space-tech.vn\/en\/wp-json\/wp\/v2\/media?parent=12880"}],"wp:term":[{"taxonomy":"product_brand","embeddable":true,"href":"https:\/\/space-tech.vn\/en\/wp-json\/wp\/v2\/product_brand?post=12880"},{"taxonomy":"product_cat","embeddable":true,"href":"https:\/\/space-tech.vn\/en\/wp-json\/wp\/v2\/product_cat?post=12880"},{"taxonomy":"product_tag","embeddable":true,"href":"https:\/\/space-tech.vn\/en\/wp-json\/wp\/v2\/product_tag?post=12880"}],"curies":[{"name":"wp","href":"https:\/\/api.w.org\/{rel}","templated":true}]}}