{"id":12235,"date":"2024-10-30T14:05:29","date_gmt":"2024-10-30T07:05:29","guid":{"rendered":"https:\/\/space-tech.vn\/?post_type=product&#038;p=12235"},"modified":"2024-10-30T14:05:29","modified_gmt":"2024-10-30T07:05:29","slug":"cam-bien-sieu-am-do-muc-chat-long-son-sus400","status":"publish","type":"product","link":"https:\/\/space-tech.vn\/en\/san-pham\/cam-bien-sieu-am-do-muc-chat-long-son-sus400\/","title":{"rendered":"C\u1ea3m bi\u1ebfn si\u00eau \u00e2m \u0111o m\u1ee9c ch\u1ea5t l\u1ecfng SON SUS400"},"content":{"rendered":"\n\n<div class=\"kk-star-ratings kksr-auto kksr-align-left kksr-valign-top\"\n    data-payload='{&quot;align&quot;:&quot;left&quot;,&quot;id&quot;:&quot;12235&quot;,&quot;slug&quot;:&quot;default&quot;,&quot;valign&quot;:&quot;top&quot;,&quot;ignore&quot;:&quot;&quot;,&quot;reference&quot;:&quot;auto&quot;,&quot;class&quot;:&quot;&quot;,&quot;count&quot;:&quot;1&quot;,&quot;legendonly&quot;:&quot;&quot;,&quot;readonly&quot;:&quot;&quot;,&quot;score&quot;:&quot;5&quot;,&quot;starsonly&quot;:&quot;&quot;,&quot;best&quot;:&quot;5&quot;,&quot;gap&quot;:&quot;5&quot;,&quot;greet&quot;:&quot;\u0110\u00e1nh gi\u00e1 product&quot;,&quot;legend&quot;:&quot;5\\\/5 - (1 vote)&quot;,&quot;size&quot;:&quot;24&quot;,&quot;title&quot;:&quot;C\u1ea3m bi\u1ebfn si\u00eau \u00e2m \u0111o m\u1ee9c ch\u1ea5t l\u1ecfng SON SUS400&quot;,&quot;width&quot;:&quot;142.5&quot;,&quot;_legend&quot;:&quot;{score}\\\/{best} - ({count} {votes})&quot;,&quot;font_factor&quot;:&quot;1.25&quot;}'>\n            \n<div class=\"kksr-stars\">\n    \n<div class=\"kksr-stars-inactive\">\n            <div class=\"kksr-star\" data-star=\"1\" style=\"padding-right: 5px\">\n            \n\n<div class=\"kksr-icon\" style=\"width: 24px; height: 24px;\"><\/div>\n        <\/div>\n            <div class=\"kksr-star\" data-star=\"2\" style=\"padding-right: 5px\">\n            \n\n<div class=\"kksr-icon\" style=\"width: 24px; height: 24px;\"><\/div>\n        <\/div>\n            <div class=\"kksr-star\" data-star=\"3\" style=\"padding-right: 5px\">\n            \n\n<div class=\"kksr-icon\" style=\"width: 24px; height: 24px;\"><\/div>\n        <\/div>\n            <div class=\"kksr-star\" data-star=\"4\" style=\"padding-right: 5px\">\n            \n\n<div class=\"kksr-icon\" style=\"width: 24px; height: 24px;\"><\/div>\n        <\/div>\n            <div class=\"kksr-star\" data-star=\"5\" style=\"padding-right: 5px\">\n            \n\n<div class=\"kksr-icon\" style=\"width: 24px; height: 24px;\"><\/div>\n        <\/div>\n    <\/div>\n    \n<div class=\"kksr-stars-active\" style=\"width: 142.5px;\">\n            <div class=\"kksr-star\" style=\"padding-right: 5px\">\n            \n\n<div class=\"kksr-icon\" style=\"width: 24px; height: 24px;\"><\/div>\n        <\/div>\n            <div class=\"kksr-star\" style=\"padding-right: 5px\">\n            \n\n<div class=\"kksr-icon\" style=\"width: 24px; height: 24px;\"><\/div>\n        <\/div>\n            <div class=\"kksr-star\" style=\"padding-right: 5px\">\n            \n\n<div class=\"kksr-icon\" style=\"width: 24px; height: 24px;\"><\/div>\n        <\/div>\n            <div class=\"kksr-star\" style=\"padding-right: 5px\">\n            \n\n<div class=\"kksr-icon\" style=\"width: 24px; height: 24px;\"><\/div>\n        <\/div>\n            <div class=\"kksr-star\" style=\"padding-right: 5px\">\n            \n\n<div class=\"kksr-icon\" style=\"width: 24px; height: 24px;\"><\/div>\n        <\/div>\n    <\/div>\n<\/div>\n                \n\n<div class=\"kksr-legend\" style=\"font-size: 19.2px;\">\n            5\/5 - (1 vote)    <\/div>\n    <\/div>\n<h1 class=\"product_title entry-title\"><\/h1>\n<div class=\"kk-star-ratings kksr-template\" data-payload=\"{&quot;id&quot;:&quot;9705&quot;,&quot;slug&quot;:&quot;default&quot;,&quot;ignore&quot;:&quot;&quot;,&quot;reference&quot;:&quot;template&quot;,&quot;align&quot;:&quot;&quot;,&quot;class&quot;:&quot;&quot;,&quot;count&quot;:&quot;0&quot;,&quot;legendonly&quot;:&quot;&quot;,&quot;readonly&quot;:&quot;&quot;,&quot;score&quot;:&quot;0&quot;,&quot;starsonly&quot;:&quot;&quot;,&quot;valign&quot;:&quot;&quot;,&quot;best&quot;:&quot;5&quot;,&quot;gap&quot;:&quot;5&quot;,&quot;greet&quot;:&quot;\u0110\u00e1nh gi\u00e1 product&quot;,&quot;legend&quot;:&quot;0\\\/5 - (0 votes)&quot;,&quot;size&quot;:&quot;24&quot;,&quot;title&quot;:&quot;C\u1ea3m bi\u1ebfn si\u00eau \u00e2m \u0111o m\u1ee9c ch\u1ea5t l\u1ecfng HCCK Model HCUS-500&quot;,&quot;width&quot;:&quot;0&quot;,&quot;_legend&quot;:&quot;{score}\\\/{best} - ({count} {votes})&quot;,&quot;font_factor&quot;:&quot;1.25&quot;}\">\n<div class=\"kksr-stars\">\n<div class=\"kksr-stars-inactive\">\n<div class=\"kksr-star\" data-star=\"1\">\n<div class=\"kksr-icon\"><\/div>\n<\/div>\n<div class=\"kksr-star\" data-star=\"2\">\n<div class=\"kksr-icon\"><\/div>\n<\/div>\n<div class=\"kksr-star\" data-star=\"3\">\n<div class=\"kksr-icon\"><\/div>\n<\/div>\n<div class=\"kksr-star\" data-star=\"4\">\n<div class=\"kksr-icon\"><\/div>\n<\/div>\n<div class=\"kksr-star\" data-star=\"5\">\n<div class=\"kksr-icon\"><\/div>\n<\/div>\n<\/div>\n<div class=\"kksr-stars-active\">\n<div class=\"kksr-star\">\n<div class=\"kksr-icon\"><\/div>\n<\/div>\n<div class=\"kksr-star\">\n<div class=\"kksr-icon\"><\/div>\n<\/div>\n<div class=\"kksr-star\">\n<div class=\"kksr-icon\"><\/div>\n<\/div>\n<div class=\"kksr-star\">\n<div class=\"kksr-icon\"><\/div>\n<\/div>\n<div class=\"kksr-star\"><\/div>\n<\/div>\n<\/div>\n<\/div>\n<div class=\"woocommerce-product-details__short-description\">\n<p>&nbsp;<\/p>\n<\/div>\n","protected":false},"excerpt":{"rendered":"<div class=\"woocommerce-product-details__short-description\">\n<ul>\n<li>Model: SUS400<\/li>\n<li>V\u1ecf: Nh\u00f4m k\u1ef9 thu\u1eadt<\/li>\n<li>K\u1ebft n\u1ed1i: Ren G2<\/li>\n<li>\u0110i\u1ec7n: 24VDC<\/li>\n<li>Ph\u1ea1m vi \u0111o: 0-10m<\/li>\n<li>Output: 4-20mA<\/li>\n<li>Chu\u1ea9n kh\u00e1ng n\u01b0\u1edbc: IP67<\/li>\n<li>Xu\u1ea5t x\u1ee9: SON Industrial<\/li>\n<\/ul>\n<\/div>\n","protected":false},"featured_media":12236,"template":"","meta":[],"product_brand":[],"product_cat":[252,190],"product_tag":[],"class_list":{"0":"post-12235","1":"product","2":"type-product","3":"status-publish","4":"has-post-thumbnail","6":"product_cat-son","7":"product_cat-cam-bien-bao-muc","9":"first","10":"instock","11":"shipping-taxable","12":"product-type-simple"},"acf":[],"_links":{"self":[{"href":"https:\/\/space-tech.vn\/en\/wp-json\/wp\/v2\/product\/12235","targetHints":{"allow":["GET"]}}],"collection":[{"href":"https:\/\/space-tech.vn\/en\/wp-json\/wp\/v2\/product"}],"about":[{"href":"https:\/\/space-tech.vn\/en\/wp-json\/wp\/v2\/types\/product"}],"version-history":[{"count":2,"href":"https:\/\/space-tech.vn\/en\/wp-json\/wp\/v2\/product\/12235\/revisions"}],"predecessor-version":[{"id":12243,"href":"https:\/\/space-tech.vn\/en\/wp-json\/wp\/v2\/product\/12235\/revisions\/12243"}],"wp:featuredmedia":[{"embeddable":true,"href":"https:\/\/space-tech.vn\/en\/wp-json\/wp\/v2\/media\/12236"}],"wp:attachment":[{"href":"https:\/\/space-tech.vn\/en\/wp-json\/wp\/v2\/media?parent=12235"}],"wp:term":[{"taxonomy":"product_brand","embeddable":true,"href":"https:\/\/space-tech.vn\/en\/wp-json\/wp\/v2\/product_brand?post=12235"},{"taxonomy":"product_cat","embeddable":true,"href":"https:\/\/space-tech.vn\/en\/wp-json\/wp\/v2\/product_cat?post=12235"},{"taxonomy":"product_tag","embeddable":true,"href":"https:\/\/space-tech.vn\/en\/wp-json\/wp\/v2\/product_tag?post=12235"}],"curies":[{"name":"wp","href":"https:\/\/api.w.org\/{rel}","templated":true}]}}