{"id":11182,"date":"2024-07-27T09:36:53","date_gmt":"2024-07-27T02:36:53","guid":{"rendered":"https:\/\/space-tech.vn\/san-pham\/loc-y-ari-armaturen-model-12-050\/"},"modified":"2024-09-09T15:42:21","modified_gmt":"2024-09-09T08:42:21","slug":"loc-y-ari-armaturen-model-12-050","status":"publish","type":"product","link":"https:\/\/space-tech.vn\/en\/san-pham\/loc-y-ari-armaturen-model-12-050\/","title":{"rendered":"Y Strainer Ari 12.050"},"content":{"rendered":"\n\n<div class=\"kk-star-ratings kksr-auto kksr-align-left kksr-valign-top\"\n    data-payload='{&quot;align&quot;:&quot;left&quot;,&quot;id&quot;:&quot;11182&quot;,&quot;slug&quot;:&quot;default&quot;,&quot;valign&quot;:&quot;top&quot;,&quot;ignore&quot;:&quot;&quot;,&quot;reference&quot;:&quot;auto&quot;,&quot;class&quot;:&quot;&quot;,&quot;count&quot;:&quot;0&quot;,&quot;legendonly&quot;:&quot;&quot;,&quot;readonly&quot;:&quot;&quot;,&quot;score&quot;:&quot;0&quot;,&quot;starsonly&quot;:&quot;&quot;,&quot;best&quot;:&quot;5&quot;,&quot;gap&quot;:&quot;5&quot;,&quot;greet&quot;:&quot;\u0110\u00e1nh gi\u00e1 product&quot;,&quot;legend&quot;:&quot;0\\\/5 - (0 votes)&quot;,&quot;size&quot;:&quot;24&quot;,&quot;title&quot;:&quot;Y Strainer Ari 12.050&quot;,&quot;width&quot;:&quot;0&quot;,&quot;_legend&quot;:&quot;{score}\\\/{best} - ({count} {votes})&quot;,&quot;font_factor&quot;:&quot;1.25&quot;}'>\n            \n<div class=\"kksr-stars\">\n    \n<div class=\"kksr-stars-inactive\">\n            <div class=\"kksr-star\" data-star=\"1\" style=\"padding-right: 5px\">\n            \n\n<div class=\"kksr-icon\" style=\"width: 24px; height: 24px;\"><\/div>\n        <\/div>\n            <div class=\"kksr-star\" data-star=\"2\" style=\"padding-right: 5px\">\n            \n\n<div class=\"kksr-icon\" style=\"width: 24px; height: 24px;\"><\/div>\n        <\/div>\n            <div class=\"kksr-star\" data-star=\"3\" style=\"padding-right: 5px\">\n            \n\n<div class=\"kksr-icon\" style=\"width: 24px; height: 24px;\"><\/div>\n        <\/div>\n            <div class=\"kksr-star\" data-star=\"4\" style=\"padding-right: 5px\">\n            \n\n<div class=\"kksr-icon\" style=\"width: 24px; height: 24px;\"><\/div>\n        <\/div>\n            <div class=\"kksr-star\" data-star=\"5\" style=\"padding-right: 5px\">\n            \n\n<div class=\"kksr-icon\" style=\"width: 24px; height: 24px;\"><\/div>\n        <\/div>\n    <\/div>\n    \n<div class=\"kksr-stars-active\" style=\"width: 0px;\">\n            <div class=\"kksr-star\" style=\"padding-right: 5px\">\n            \n\n<div class=\"kksr-icon\" style=\"width: 24px; height: 24px;\"><\/div>\n        <\/div>\n            <div class=\"kksr-star\" style=\"padding-right: 5px\">\n            \n\n<div class=\"kksr-icon\" style=\"width: 24px; height: 24px;\"><\/div>\n        <\/div>\n            <div class=\"kksr-star\" style=\"padding-right: 5px\">\n            \n\n<div class=\"kksr-icon\" style=\"width: 24px; height: 24px;\"><\/div>\n        <\/div>\n            <div class=\"kksr-star\" style=\"padding-right: 5px\">\n            \n\n<div class=\"kksr-icon\" style=\"width: 24px; height: 24px;\"><\/div>\n        <\/div>\n            <div class=\"kksr-star\" style=\"padding-right: 5px\">\n            \n\n<div class=\"kksr-icon\" style=\"width: 24px; height: 24px;\"><\/div>\n        <\/div>\n    <\/div>\n<\/div>\n                \n\n<div class=\"kksr-legend\" style=\"font-size: 19.2px;\">\n            <span class=\"kksr-muted\">\u0110\u00e1nh gi\u00e1 product<\/span>\n    <\/div>\n    <\/div>\n","protected":false},"excerpt":{"rendered":"<ul>\n<li>Model: 12.050<\/li>\n<li>Size: DN15- DN300<\/li>\n<li>Material: EN-JL1040<\/li>\n<li>Connection: Flange<\/li>\n<li>Pressure: 16bar<\/li>\n<li>Maximum temperature: 300\u00b0C<\/li>\n<li>Origin: Ari Armaturen \u2013 Germany<\/li>\n<\/ul>\n","protected":false},"featured_media":9934,"template":"","meta":[],"product_brand":[],"product_cat":[276,138,254],"product_tag":[],"class_list":{"0":"post-11182","1":"product","2":"type-product","3":"status-publish","4":"has-post-thumbnail","6":"product_cat-thuong-hieu-en","7":"product_cat-industrial-valves-for-steam-compressed-air","8":"product_cat-y-strainer","10":"first","11":"instock","12":"shipping-taxable","13":"product-type-simple"},"acf":[],"_links":{"self":[{"href":"https:\/\/space-tech.vn\/en\/wp-json\/wp\/v2\/product\/11182","targetHints":{"allow":["GET"]}}],"collection":[{"href":"https:\/\/space-tech.vn\/en\/wp-json\/wp\/v2\/product"}],"about":[{"href":"https:\/\/space-tech.vn\/en\/wp-json\/wp\/v2\/types\/product"}],"version-history":[{"count":2,"href":"https:\/\/space-tech.vn\/en\/wp-json\/wp\/v2\/product\/11182\/revisions"}],"predecessor-version":[{"id":11184,"href":"https:\/\/space-tech.vn\/en\/wp-json\/wp\/v2\/product\/11182\/revisions\/11184"}],"wp:featuredmedia":[{"embeddable":true,"href":"https:\/\/space-tech.vn\/en\/wp-json\/wp\/v2\/media\/9934"}],"wp:attachment":[{"href":"https:\/\/space-tech.vn\/en\/wp-json\/wp\/v2\/media?parent=11182"}],"wp:term":[{"taxonomy":"product_brand","embeddable":true,"href":"https:\/\/space-tech.vn\/en\/wp-json\/wp\/v2\/product_brand?post=11182"},{"taxonomy":"product_cat","embeddable":true,"href":"https:\/\/space-tech.vn\/en\/wp-json\/wp\/v2\/product_cat?post=11182"},{"taxonomy":"product_tag","embeddable":true,"href":"https:\/\/space-tech.vn\/en\/wp-json\/wp\/v2\/product_tag?post=11182"}],"curies":[{"name":"wp","href":"https:\/\/api.w.org\/{rel}","templated":true}]}}