{"id":10822,"date":"2024-08-29T14:48:07","date_gmt":"2024-08-29T07:48:07","guid":{"rendered":"https:\/\/space-tech.vn\/?post_type=product&#038;p=10822"},"modified":"2024-09-26T16:30:19","modified_gmt":"2024-09-26T09:30:19","slug":"cam-bien-bao-muc-phao-lap-canh-son-model-ssf200","status":"publish","type":"product","link":"https:\/\/space-tech.vn\/en\/san-pham\/cam-bien-bao-muc-phao-lap-canh-son-model-ssf200\/","title":{"rendered":"C\u1ea3m bi\u1ebfn b\u00e1o m\u1ee9c phao l\u1eafp c\u1ea1nh SON SSF200"},"content":{"rendered":"\n\n<div class=\"kk-star-ratings kksr-auto kksr-align-left kksr-valign-top\"\n    data-payload='{&quot;align&quot;:&quot;left&quot;,&quot;id&quot;:&quot;10822&quot;,&quot;slug&quot;:&quot;default&quot;,&quot;valign&quot;:&quot;top&quot;,&quot;ignore&quot;:&quot;&quot;,&quot;reference&quot;:&quot;auto&quot;,&quot;class&quot;:&quot;&quot;,&quot;count&quot;:&quot;1&quot;,&quot;legendonly&quot;:&quot;&quot;,&quot;readonly&quot;:&quot;&quot;,&quot;score&quot;:&quot;5&quot;,&quot;starsonly&quot;:&quot;&quot;,&quot;best&quot;:&quot;5&quot;,&quot;gap&quot;:&quot;5&quot;,&quot;greet&quot;:&quot;\u0110\u00e1nh gi\u00e1 product&quot;,&quot;legend&quot;:&quot;5\\\/5 - (1 vote)&quot;,&quot;size&quot;:&quot;24&quot;,&quot;title&quot;:&quot;C\u1ea3m bi\u1ebfn b\u00e1o m\u1ee9c phao l\u1eafp c\u1ea1nh SON SSF200&quot;,&quot;width&quot;:&quot;142.5&quot;,&quot;_legend&quot;:&quot;{score}\\\/{best} - ({count} {votes})&quot;,&quot;font_factor&quot;:&quot;1.25&quot;}'>\n            \n<div class=\"kksr-stars\">\n    \n<div class=\"kksr-stars-inactive\">\n            <div class=\"kksr-star\" data-star=\"1\" style=\"padding-right: 5px\">\n            \n\n<div class=\"kksr-icon\" style=\"width: 24px; height: 24px;\"><\/div>\n        <\/div>\n            <div class=\"kksr-star\" data-star=\"2\" style=\"padding-right: 5px\">\n            \n\n<div class=\"kksr-icon\" style=\"width: 24px; height: 24px;\"><\/div>\n        <\/div>\n            <div class=\"kksr-star\" data-star=\"3\" style=\"padding-right: 5px\">\n            \n\n<div class=\"kksr-icon\" style=\"width: 24px; height: 24px;\"><\/div>\n        <\/div>\n            <div class=\"kksr-star\" data-star=\"4\" style=\"padding-right: 5px\">\n            \n\n<div class=\"kksr-icon\" style=\"width: 24px; height: 24px;\"><\/div>\n        <\/div>\n            <div class=\"kksr-star\" data-star=\"5\" style=\"padding-right: 5px\">\n            \n\n<div class=\"kksr-icon\" style=\"width: 24px; height: 24px;\"><\/div>\n        <\/div>\n    <\/div>\n    \n<div class=\"kksr-stars-active\" style=\"width: 142.5px;\">\n            <div class=\"kksr-star\" style=\"padding-right: 5px\">\n            \n\n<div class=\"kksr-icon\" style=\"width: 24px; height: 24px;\"><\/div>\n        <\/div>\n            <div class=\"kksr-star\" style=\"padding-right: 5px\">\n            \n\n<div class=\"kksr-icon\" style=\"width: 24px; height: 24px;\"><\/div>\n        <\/div>\n            <div class=\"kksr-star\" style=\"padding-right: 5px\">\n            \n\n<div class=\"kksr-icon\" style=\"width: 24px; height: 24px;\"><\/div>\n        <\/div>\n            <div class=\"kksr-star\" style=\"padding-right: 5px\">\n            \n\n<div class=\"kksr-icon\" style=\"width: 24px; height: 24px;\"><\/div>\n        <\/div>\n            <div class=\"kksr-star\" style=\"padding-right: 5px\">\n            \n\n<div class=\"kksr-icon\" style=\"width: 24px; height: 24px;\"><\/div>\n        <\/div>\n    <\/div>\n<\/div>\n                \n\n<div class=\"kksr-legend\" style=\"font-size: 19.2px;\">\n            5\/5 - (1 vote)    <\/div>\n    <\/div>\n<p><strong>C\u1ea3m bi\u1ebfn b\u00e1o m\u1ee9c phao l\u1eafp c\u1ea1nh SON<\/strong> l\u00e0 thi\u1ebft b\u1ecb d\u00f9ng \u0111\u1ec3 \u0111o m\u1ee9c ch\u1ea5t l\u1ecfng trong b\u1ec3 ch\u1ee9a, gi\u00fap \u0111i\u1ec1u khi\u1ec3n b\u01a1m n\u01b0\u1edbc v\u00e0o ho\u1eb7c ra kh\u1ecfi b\u1ec3. C\u1ea3m bi\u1ebfn n\u00e0y cung c\u1ea5p t\u00edn hi\u1ec7u ch\u00ednh x\u00e1c v\u1ec1 m\u1ef1c n\u01b0\u1edbc, \u0111\u1ea3m b\u1ea3o h\u1ec7 th\u1ed1ng v\u1eadn h\u00e0nh hi\u1ec7u qu\u1ea3.<\/p>\n","protected":false},"excerpt":{"rendered":"<ul>\n<li><b>Model:<\/b> SSF200<\/li>\n<li><b>V\u1eadt li\u1ec7u:<\/b> SUS304\/SUS316L<\/li>\n<li><b>K\u1ebft n\u1ed1i:<\/b> Ren\/ B\u00edch<\/li>\n<li><b>Nhi\u1ec7t \u0111\u1ed9 ho\u1ea1t \u0111\u1ed9ng:<\/b> -30\u00b0C ~ 200\u00b0C<\/li>\n<li><b>Ngu\u1ed3n:<\/b> 5A\/250VAC<\/li>\n<li><b>Xu\u1ea5t\u00a0 x\u1ee9:\u00a0<\/b>SON<\/li>\n<\/ul>\n","protected":false},"featured_media":11640,"template":"","meta":[],"product_brand":[],"product_cat":[252,190],"product_tag":[],"class_list":{"0":"post-10822","1":"product","2":"type-product","3":"status-publish","4":"has-post-thumbnail","6":"product_cat-son","7":"product_cat-cam-bien-bao-muc","9":"first","10":"instock","11":"shipping-taxable","12":"product-type-simple"},"acf":[],"_links":{"self":[{"href":"https:\/\/space-tech.vn\/en\/wp-json\/wp\/v2\/product\/10822","targetHints":{"allow":["GET"]}}],"collection":[{"href":"https:\/\/space-tech.vn\/en\/wp-json\/wp\/v2\/product"}],"about":[{"href":"https:\/\/space-tech.vn\/en\/wp-json\/wp\/v2\/types\/product"}],"version-history":[{"count":3,"href":"https:\/\/space-tech.vn\/en\/wp-json\/wp\/v2\/product\/10822\/revisions"}],"predecessor-version":[{"id":11464,"href":"https:\/\/space-tech.vn\/en\/wp-json\/wp\/v2\/product\/10822\/revisions\/11464"}],"wp:featuredmedia":[{"embeddable":true,"href":"https:\/\/space-tech.vn\/en\/wp-json\/wp\/v2\/media\/11640"}],"wp:attachment":[{"href":"https:\/\/space-tech.vn\/en\/wp-json\/wp\/v2\/media?parent=10822"}],"wp:term":[{"taxonomy":"product_brand","embeddable":true,"href":"https:\/\/space-tech.vn\/en\/wp-json\/wp\/v2\/product_brand?post=10822"},{"taxonomy":"product_cat","embeddable":true,"href":"https:\/\/space-tech.vn\/en\/wp-json\/wp\/v2\/product_cat?post=10822"},{"taxonomy":"product_tag","embeddable":true,"href":"https:\/\/space-tech.vn\/en\/wp-json\/wp\/v2\/product_tag?post=10822"}],"curies":[{"name":"wp","href":"https:\/\/api.w.org\/{rel}","templated":true}]}}