{"id":10730,"date":"2024-08-28T10:39:27","date_gmt":"2024-08-28T03:39:27","guid":{"rendered":"https:\/\/space-tech.vn\/?post_type=product&#038;p=10730"},"modified":"2025-10-10T15:40:25","modified_gmt":"2025-10-10T08:40:25","slug":"dong-ho-do-nhiet-do-genebre-model-8036","status":"publish","type":"product","link":"https:\/\/space-tech.vn\/en\/san-pham\/dong-ho-do-nhiet-do-genebre-model-8036\/","title":{"rendered":"GENEBRE &#8211; \u0110\u1ed3ng h\u1ed3 \u0111o nhi\u1ec7t \u0111\u1ed9 8036"},"content":{"rendered":"\n\n<div class=\"kk-star-ratings kksr-auto kksr-align-left kksr-valign-top\"\n    data-payload='{&quot;align&quot;:&quot;left&quot;,&quot;id&quot;:&quot;10730&quot;,&quot;slug&quot;:&quot;default&quot;,&quot;valign&quot;:&quot;top&quot;,&quot;ignore&quot;:&quot;&quot;,&quot;reference&quot;:&quot;auto&quot;,&quot;class&quot;:&quot;&quot;,&quot;count&quot;:&quot;1&quot;,&quot;legendonly&quot;:&quot;&quot;,&quot;readonly&quot;:&quot;&quot;,&quot;score&quot;:&quot;5&quot;,&quot;starsonly&quot;:&quot;&quot;,&quot;best&quot;:&quot;5&quot;,&quot;gap&quot;:&quot;5&quot;,&quot;greet&quot;:&quot;\u0110\u00e1nh gi\u00e1 product&quot;,&quot;legend&quot;:&quot;5\\\/5 - (1 vote)&quot;,&quot;size&quot;:&quot;24&quot;,&quot;title&quot;:&quot;GENEBRE - \u0110\u1ed3ng h\u1ed3 \u0111o nhi\u1ec7t \u0111\u1ed9 8036&quot;,&quot;width&quot;:&quot;142.5&quot;,&quot;_legend&quot;:&quot;{score}\\\/{best} - ({count} {votes})&quot;,&quot;font_factor&quot;:&quot;1.25&quot;}'>\n            \n<div class=\"kksr-stars\">\n    \n<div class=\"kksr-stars-inactive\">\n            <div class=\"kksr-star\" data-star=\"1\" style=\"padding-right: 5px\">\n            \n\n<div class=\"kksr-icon\" style=\"width: 24px; height: 24px;\"><\/div>\n        <\/div>\n            <div class=\"kksr-star\" data-star=\"2\" style=\"padding-right: 5px\">\n            \n\n<div class=\"kksr-icon\" style=\"width: 24px; height: 24px;\"><\/div>\n        <\/div>\n            <div class=\"kksr-star\" data-star=\"3\" style=\"padding-right: 5px\">\n            \n\n<div class=\"kksr-icon\" style=\"width: 24px; height: 24px;\"><\/div>\n        <\/div>\n            <div class=\"kksr-star\" data-star=\"4\" style=\"padding-right: 5px\">\n            \n\n<div class=\"kksr-icon\" style=\"width: 24px; height: 24px;\"><\/div>\n        <\/div>\n            <div class=\"kksr-star\" data-star=\"5\" style=\"padding-right: 5px\">\n            \n\n<div class=\"kksr-icon\" style=\"width: 24px; height: 24px;\"><\/div>\n        <\/div>\n    <\/div>\n    \n<div class=\"kksr-stars-active\" style=\"width: 142.5px;\">\n            <div class=\"kksr-star\" style=\"padding-right: 5px\">\n            \n\n<div class=\"kksr-icon\" style=\"width: 24px; height: 24px;\"><\/div>\n        <\/div>\n            <div class=\"kksr-star\" style=\"padding-right: 5px\">\n            \n\n<div class=\"kksr-icon\" style=\"width: 24px; height: 24px;\"><\/div>\n        <\/div>\n            <div class=\"kksr-star\" style=\"padding-right: 5px\">\n            \n\n<div class=\"kksr-icon\" style=\"width: 24px; height: 24px;\"><\/div>\n        <\/div>\n            <div class=\"kksr-star\" style=\"padding-right: 5px\">\n            \n\n<div class=\"kksr-icon\" style=\"width: 24px; height: 24px;\"><\/div>\n        <\/div>\n            <div class=\"kksr-star\" style=\"padding-right: 5px\">\n            \n\n<div class=\"kksr-icon\" style=\"width: 24px; height: 24px;\"><\/div>\n        <\/div>\n    <\/div>\n<\/div>\n                \n\n<div class=\"kksr-legend\" style=\"font-size: 19.2px;\">\n            5\/5 - (1 vote)    <\/div>\n    <\/div>\n<p>\u0110\u1ed3ng h\u1ed3 \u0111o nhi\u1ec7t \u0111\u1ed9 <em>(nhi\u1ec7t k\u1ebf l\u01b0\u1ee1ng kim)<\/em> \u0111\u01b0\u1ee3c s\u1eed d\u1ee5ng \u0111\u1ec3 \u0111o tr\u1ef1c ti\u1ebfp nhi\u1ec7t \u0111\u1ed9. B\u1ed9 ph\u1eadn \u0111o c\u1ee7a nhi\u1ec7t k\u1ebf l\u00e0 m\u1ed9t l\u00f2 xo l\u01b0\u1ee1ng kim ph\u1ea3n \u1ee9ng nhanh. N\u00f3 \u0111\u01b0\u1ee3c l\u00e0m t\u1eeb hai d\u1ea3i kim lo\u1ea1i h\u00e0n l\u1ea1nh v\u1edbi nhau, c\u00f3 h\u1ec7 s\u1ed1 gi\u00e3n n\u1edf nhi\u1ec7t kh\u00e1c nhau, v\u00e0 xo\u1eafn l\u1ea1i theo nhi\u1ec7t \u0111\u1ed9. Chuy\u1ec3n \u0111\u1ed9ng xoay n\u00e0y \u0111\u01b0\u1ee3c truy\u1ec1n \u0111\u1ebfn kim ch\u1ec9 th\u1ecb v\u1edbi ma s\u00e1t th\u1ea5p.<\/p>\n","protected":false},"excerpt":{"rendered":"<ul>\n<li>Model: 8036<\/li>\n<li>K\u00edch th\u01b0\u1edbc: 100mm<\/li>\n<li>V\u1eadt li\u1ec7u: Th\u00e9p kh\u00f4ng g\u1ec9<\/li>\n<li>K\u1ebft n\u1ed1i: Ren G 1\/2&#8243;<\/li>\n<li>\u0110\u1ed9 ch\u00ednh x\u00e1c: \u00b1 1,6 %<\/li>\n<li>\u0110\u01b0\u1eddng k\u00ednh que d\u00f2: 6mm<\/li>\n<li>Xu\u1ea5t x\u1ee9: Genebre \u2013 T\u00e2y Ban Nha<\/li>\n<\/ul>\n","protected":false},"featured_media":18971,"template":"","meta":[],"product_brand":[],"product_cat":[231,201],"product_tag":[],"class_list":{"0":"post-10730","1":"product","2":"type-product","3":"status-publish","4":"has-post-thumbnail","6":"product_cat-van-bi-genebre","7":"product_cat-dong-ho-nhiet-do","9":"first","10":"instock","11":"shipping-taxable","12":"product-type-simple"},"acf":[],"_links":{"self":[{"href":"https:\/\/space-tech.vn\/en\/wp-json\/wp\/v2\/product\/10730","targetHints":{"allow":["GET"]}}],"collection":[{"href":"https:\/\/space-tech.vn\/en\/wp-json\/wp\/v2\/product"}],"about":[{"href":"https:\/\/space-tech.vn\/en\/wp-json\/wp\/v2\/types\/product"}],"version-history":[{"count":6,"href":"https:\/\/space-tech.vn\/en\/wp-json\/wp\/v2\/product\/10730\/revisions"}],"predecessor-version":[{"id":19316,"href":"https:\/\/space-tech.vn\/en\/wp-json\/wp\/v2\/product\/10730\/revisions\/19316"}],"wp:featuredmedia":[{"embeddable":true,"href":"https:\/\/space-tech.vn\/en\/wp-json\/wp\/v2\/media\/18971"}],"wp:attachment":[{"href":"https:\/\/space-tech.vn\/en\/wp-json\/wp\/v2\/media?parent=10730"}],"wp:term":[{"taxonomy":"product_brand","embeddable":true,"href":"https:\/\/space-tech.vn\/en\/wp-json\/wp\/v2\/product_brand?post=10730"},{"taxonomy":"product_cat","embeddable":true,"href":"https:\/\/space-tech.vn\/en\/wp-json\/wp\/v2\/product_cat?post=10730"},{"taxonomy":"product_tag","embeddable":true,"href":"https:\/\/space-tech.vn\/en\/wp-json\/wp\/v2\/product_tag?post=10730"}],"curies":[{"name":"wp","href":"https:\/\/api.w.org\/{rel}","templated":true}]}}